{"id":2074,"date":"2023-10-13T17:08:17","date_gmt":"2023-10-13T09:08:17","guid":{"rendered":"https:\/\/long-join.com\/?post_type=product&#038;p=2074"},"modified":"2023-12-20T11:17:53","modified_gmt":"2023-12-20T03:17:53","slug":"suporte-de-lampada-listado-pela-ul-com-interruptor-de-fotocelula-jl-302a","status":"publish","type":"product","link":"https:\/\/long-join.com\/pt\/product\/ul-listed-lamp-holder-with-photocell-switch-jl-302a\/","title":{"rendered":"Suporte de l\u00e2mpada com interruptor fotoc\u00e9lula listado pela UL JL-302A"},"content":{"rendered":"<blockquote><p>O controle de porta-l\u00e2mpada s\u00e9rie JL-302 \u00e9 aplic\u00e1vel para controlar a ilumina\u00e7\u00e3o do jardim, ilumina\u00e7\u00e3o de passagem e ilumina\u00e7\u00e3o de porta automaticamente de acordo com o n\u00edvel de ilumina\u00e7\u00e3o natural do ambiente.<\/p><\/blockquote>\n<blockquote><p>Recurso<\/p><\/blockquote>\n<ol>\n<li>O porta-l\u00e2mpada JL-302 \u00e9 melhor recomendado para trabalhar com l\u00e2mpadas de tungst\u00eanio e <strong>Suporta l\u00e2mpadas fluorescentes compactas e LED.<\/strong><\/li>\n<li>Configura\u00e7\u00e3o r\u00e1pida, sem ferramentas e sem necessidade de fia\u00e7\u00e3o.<\/li>\n<li>Atraso de tempo 20-120s<\/li>\n<\/ol>","protected":false},"excerpt":{"rendered":"<p>1. Modelo do produto: JL-302A<br \/>\n2. Tens\u00e3o nominal: 120 VCA<br \/>\n3. N\u00edvel de lux ligado\/desligado: 10-20 Lx ligado; 30-60 Lx desligado<br \/>\n4. Padr\u00e3o de conformidade: CE, ROHS, UL<\/p>","protected":false},"featured_media":4623,"template":"","meta":{"_acf_changed":false,"_seopress_robots_primary_cat":"none","_seopress_titles_title":"","_seopress_titles_desc":"","_seopress_robots_index":""},"product_brand":[],"product_cat":[34,28],"product_tag":[],"class_list":{"0":"post-2074","1":"product","2":"type-product","3":"status-publish","4":"has-post-thumbnail","6":"product_cat-bulb-holder-controllers","7":"product_cat-our-product","9":"first","10":"instock","11":"shipping-taxable","12":"product-type-simple"},"acf":[],"_links":{"self":[{"href":"https:\/\/long-join.com\/pt\/wp-json\/wp\/v2\/product\/2074","targetHints":{"allow":["GET"]}}],"collection":[{"href":"https:\/\/long-join.com\/pt\/wp-json\/wp\/v2\/product"}],"about":[{"href":"https:\/\/long-join.com\/pt\/wp-json\/wp\/v2\/types\/product"}],"version-history":[{"count":1,"href":"https:\/\/long-join.com\/pt\/wp-json\/wp\/v2\/product\/2074\/revisions"}],"predecessor-version":[{"id":4619,"href":"https:\/\/long-join.com\/pt\/wp-json\/wp\/v2\/product\/2074\/revisions\/4619"}],"wp:featuredmedia":[{"embeddable":true,"href":"https:\/\/long-join.com\/pt\/wp-json\/wp\/v2\/media\/4623"}],"wp:attachment":[{"href":"https:\/\/long-join.com\/pt\/wp-json\/wp\/v2\/media?parent=2074"}],"wp:term":[{"taxonomy":"product_brand","embeddable":true,"href":"https:\/\/long-join.com\/pt\/wp-json\/wp\/v2\/product_brand?post=2074"},{"taxonomy":"product_cat","embeddable":true,"href":"https:\/\/long-join.com\/pt\/wp-json\/wp\/v2\/product_cat?post=2074"},{"taxonomy":"product_tag","embeddable":true,"href":"https:\/\/long-join.com\/pt\/wp-json\/wp\/v2\/product_tag?post=2074"}],"curies":[{"name":"wp","href":"https:\/\/api.w.org\/{rel}","templated":true}]}}