{"id":2073,"date":"2023-10-13T17:07:25","date_gmt":"2023-10-13T09:07:25","guid":{"rendered":"https:\/\/long-join.com\/?post_type=product&#038;p=2073"},"modified":"2023-12-20T11:21:08","modified_gmt":"2023-12-20T03:21:08","slug":"soquete-de-lampada-e26-e27-com-fotocelula-jl-301a","status":"publish","type":"product","link":"https:\/\/long-join.com\/pt\/product\/e26-e27-lamp-holder-with-photocell-jl-301a\/","title":{"rendered":"Soquete de l\u00e2mpada E26\/E27 com fotoc\u00e9lula JL-301A"},"content":{"rendered":"<blockquote><p>O controle de porta-l\u00e2mpada s\u00e9rie JL-301A \u00e9 aplic\u00e1vel para controlar a ilumina\u00e7\u00e3o do jardim, ilumina\u00e7\u00e3o de passagem e ilumina\u00e7\u00e3o de porta automaticamente de acordo com o n\u00edvel de ilumina\u00e7\u00e3o natural do ambiente.<\/p><\/blockquote>\n<blockquote><p>Recurso<\/p><\/blockquote>\n<ol>\n<li style=\"list-style-type: none;\">\n<ol>\n<li>\u00c9 melhor recomendar que o JL-301A trabalhe com l\u00e2mpada de tungst\u00eanio.<\/li>\n<li>Configura\u00e7\u00e3o r\u00e1pida, sem ferramentas e sem necessidade de fia\u00e7\u00e3o.<\/li>\n<li>JL-302 e JL-303, ambas as s\u00e9ries, s\u00e3o aplic\u00e1veis a l\u00e2mpadas CFL ou LED.<\/li>\n<\/ol>\n<\/li>\n<\/ol>","protected":false},"excerpt":{"rendered":"<p>1. Modelo do produto: JL-301A<br \/>\n2. Tens\u00e3o nominal: 120 VCA<br \/>\n3. N\u00edvel de Lux Ligado\/Desligado: 20-40LX<br \/>\n4. Padr\u00e3o de conformidade: CE, ROHS, UL<\/p>","protected":false},"featured_media":4615,"template":"","meta":{"_acf_changed":false,"_seopress_robots_primary_cat":"none","_seopress_titles_title":"","_seopress_titles_desc":"","_seopress_robots_index":""},"product_brand":[],"product_cat":[34,28],"product_tag":[],"class_list":{"0":"post-2073","1":"product","2":"type-product","3":"status-publish","4":"has-post-thumbnail","6":"product_cat-bulb-holder-controllers","7":"product_cat-our-product","9":"first","10":"instock","11":"shipping-taxable","12":"product-type-simple"},"acf":[],"_links":{"self":[{"href":"https:\/\/long-join.com\/pt\/wp-json\/wp\/v2\/product\/2073","targetHints":{"allow":["GET"]}}],"collection":[{"href":"https:\/\/long-join.com\/pt\/wp-json\/wp\/v2\/product"}],"about":[{"href":"https:\/\/long-join.com\/pt\/wp-json\/wp\/v2\/types\/product"}],"version-history":[{"count":1,"href":"https:\/\/long-join.com\/pt\/wp-json\/wp\/v2\/product\/2073\/revisions"}],"predecessor-version":[{"id":4610,"href":"https:\/\/long-join.com\/pt\/wp-json\/wp\/v2\/product\/2073\/revisions\/4610"}],"wp:featuredmedia":[{"embeddable":true,"href":"https:\/\/long-join.com\/pt\/wp-json\/wp\/v2\/media\/4615"}],"wp:attachment":[{"href":"https:\/\/long-join.com\/pt\/wp-json\/wp\/v2\/media?parent=2073"}],"wp:term":[{"taxonomy":"product_brand","embeddable":true,"href":"https:\/\/long-join.com\/pt\/wp-json\/wp\/v2\/product_brand?post=2073"},{"taxonomy":"product_cat","embeddable":true,"href":"https:\/\/long-join.com\/pt\/wp-json\/wp\/v2\/product_cat?post=2073"},{"taxonomy":"product_tag","embeddable":true,"href":"https:\/\/long-join.com\/pt\/wp-json\/wp\/v2\/product_tag?post=2073"}],"curies":[{"name":"wp","href":"https:\/\/api.w.org\/{rel}","templated":true}]}}