{"id":2055,"date":"2023-10-13T16:28:06","date_gmt":"2023-10-13T08:28:06","guid":{"rendered":"https:\/\/long-join.com\/?post_type=product&#038;p=2055"},"modified":"2023-12-14T14:29:02","modified_gmt":"2023-12-14T06:29:02","slug":"receptaculo-de-fotocelula-bs5972-ansi-c136-10-twsit-jl-210k","status":"publish","type":"product","link":"https:\/\/long-join.com\/pt\/product\/bs5972-ansi-c136-10-twsit-photocell-receptacle-jl-210k\/","title":{"rendered":"Tomada de fotoc\u00e9lula Twsit BS5972 \/ ANSI C136.10 JL-210K"},"content":{"rendered":"<blockquote><p>* O JL-210 \u00e9 usado para montagem do controlador PECU;<\/p><\/blockquote>\n<blockquote><p>* A s\u00e9rie de recept\u00e1culos do tipo JL-210 \u00e9 composta por algumas pe\u00e7as, como os tipos JL-210, JL210N e JL-210K.<\/p><\/blockquote>\n<blockquote><p>* JL-214B, JL-224B e JL-224C, essas bases de controlador BS5972 tipo JL-210K, s\u00e3o a melhor escolha.<\/p><\/blockquote>\n<blockquote><p>Recurso<\/p><\/blockquote>\n<ol>\n<li>Tomada para PC e suporte de parede.<\/li>\n<li>terminais de lat\u00e3o com parafusos de conex\u00e3o de campo.<\/li>\n<li>contatos de bronze fosforoso.<\/li>\n<li>junta de borracha<\/li>\n<\/ol>","protected":false},"excerpt":{"rendered":"<p>1. Modelo do produto: JL-210k<br \/>\n2. Tens\u00e3o nominal: 0-480 VAC<br \/>\n3. Material: PC<br \/>\n5. Padr\u00e3o de conformidade: CE, ROHS<\/p>","protected":false},"featured_media":4543,"template":"","meta":{"_acf_changed":false,"_seopress_robots_primary_cat":"none","_seopress_titles_title":"","_seopress_titles_desc":"","_seopress_robots_index":""},"product_brand":[],"product_cat":[28,32],"product_tag":[],"class_list":{"0":"post-2055","1":"product","2":"type-product","3":"status-publish","4":"has-post-thumbnail","6":"product_cat-our-product","7":"product_cat-twist-lock-photocell-sensors","9":"first","10":"instock","11":"shipping-taxable","12":"product-type-simple"},"acf":[],"_links":{"self":[{"href":"https:\/\/long-join.com\/pt\/wp-json\/wp\/v2\/product\/2055","targetHints":{"allow":["GET"]}}],"collection":[{"href":"https:\/\/long-join.com\/pt\/wp-json\/wp\/v2\/product"}],"about":[{"href":"https:\/\/long-join.com\/pt\/wp-json\/wp\/v2\/types\/product"}],"version-history":[{"count":1,"href":"https:\/\/long-join.com\/pt\/wp-json\/wp\/v2\/product\/2055\/revisions"}],"predecessor-version":[{"id":4539,"href":"https:\/\/long-join.com\/pt\/wp-json\/wp\/v2\/product\/2055\/revisions\/4539"}],"wp:featuredmedia":[{"embeddable":true,"href":"https:\/\/long-join.com\/pt\/wp-json\/wp\/v2\/media\/4543"}],"wp:attachment":[{"href":"https:\/\/long-join.com\/pt\/wp-json\/wp\/v2\/media?parent=2055"}],"wp:term":[{"taxonomy":"product_brand","embeddable":true,"href":"https:\/\/long-join.com\/pt\/wp-json\/wp\/v2\/product_brand?post=2055"},{"taxonomy":"product_cat","embeddable":true,"href":"https:\/\/long-join.com\/pt\/wp-json\/wp\/v2\/product_cat?post=2055"},{"taxonomy":"product_tag","embeddable":true,"href":"https:\/\/long-join.com\/pt\/wp-json\/wp\/v2\/product_tag?post=2055"}],"curies":[{"name":"wp","href":"https:\/\/api.w.org\/{rel}","templated":true}]}}