{"id":2054,"date":"2023-10-13T16:27:04","date_gmt":"2023-10-13T08:27:04","guid":{"rendered":"https:\/\/long-join.com\/?post_type=product&#038;p=2054"},"modified":"2023-12-14T14:39:03","modified_gmt":"2023-12-14T06:39:03","slug":"bs5972-fotocelula-omnidirecional-com-trava-giratoria-120-vca","status":"publish","type":"product","link":"https:\/\/long-join.com\/pt\/product\/bs5972-omni-directional-twist-lock-photocell-120vac\/","title":{"rendered":"BS5972 Fotoc\u00e9lula com trava girat\u00f3ria omnidirecional 120 VCA"},"content":{"rendered":"<blockquote><p>A s\u00e9rie PECU JL-224 \u00e9 aplic\u00e1vel para controlar a ilumina\u00e7\u00e3o p\u00fablica, ilumina\u00e7\u00e3o de jardim, ilumina\u00e7\u00e3o de passagem e ilumina\u00e7\u00e3o de porta automaticamente de acordo com o n\u00edvel de ilumina\u00e7\u00e3o natural do ambiente. Aqui oferecemos acess\u00f3rios de Unidade de Controle Eletr\u00f4nico de Fotoc\u00e9lula (PECU) JL-210K com soquete tipo montagem em parede.<\/p><\/blockquote>\n<blockquote><p>Recurso<\/p><\/blockquote>\n<ol>\n<li>Controlador de luz padr\u00e3o da UE JL-214B, JL-224B<\/li>\n<li>aqui ambos est\u00e3o em conformidade com BS5972 e listados no UKCA<\/li>\n<li>ligar\/desligar n\u00edvel de lux: Ligado&lt;20lx, desligado&gt;80lx<\/li>\n<li>Tipo de modo de trabalho do controlador EPCU: Fail-off<\/li>\n<li>Multivolts dispon\u00edveis de 120-277 VCA a 220-240 VCA<\/li>\n<li>P\u00e1ra-raios embutido<\/li>\n<\/ol>","protected":false},"excerpt":{"rendered":"<p>1. Modelo do produto: JL-224B<br \/>\n2. Tens\u00e3o nominal: 220-240 VCA<br \/>\n5. S\u00e9rie de controladores PECU<\/p>","protected":false},"featured_media":4537,"template":"","meta":{"_acf_changed":false,"_seopress_robots_primary_cat":"none","_seopress_titles_title":"","_seopress_titles_desc":"","_seopress_robots_index":""},"product_brand":[],"product_cat":[28,32],"product_tag":[],"class_list":{"0":"post-2054","1":"product","2":"type-product","3":"status-publish","4":"has-post-thumbnail","6":"product_cat-our-product","7":"product_cat-twist-lock-photocell-sensors","9":"first","10":"instock","11":"shipping-taxable","12":"product-type-simple"},"acf":[],"_links":{"self":[{"href":"https:\/\/long-join.com\/pt\/wp-json\/wp\/v2\/product\/2054","targetHints":{"allow":["GET"]}}],"collection":[{"href":"https:\/\/long-join.com\/pt\/wp-json\/wp\/v2\/product"}],"about":[{"href":"https:\/\/long-join.com\/pt\/wp-json\/wp\/v2\/types\/product"}],"version-history":[{"count":0,"href":"https:\/\/long-join.com\/pt\/wp-json\/wp\/v2\/product\/2054\/revisions"}],"wp:featuredmedia":[{"embeddable":true,"href":"https:\/\/long-join.com\/pt\/wp-json\/wp\/v2\/media\/4537"}],"wp:attachment":[{"href":"https:\/\/long-join.com\/pt\/wp-json\/wp\/v2\/media?parent=2054"}],"wp:term":[{"taxonomy":"product_brand","embeddable":true,"href":"https:\/\/long-join.com\/pt\/wp-json\/wp\/v2\/product_brand?post=2054"},{"taxonomy":"product_cat","embeddable":true,"href":"https:\/\/long-join.com\/pt\/wp-json\/wp\/v2\/product_cat?post=2054"},{"taxonomy":"product_tag","embeddable":true,"href":"https:\/\/long-join.com\/pt\/wp-json\/wp\/v2\/product_tag?post=2054"}],"curies":[{"name":"wp","href":"https:\/\/api.w.org\/{rel}","templated":true}]}}