{"id":2053,"date":"2023-10-13T16:25:31","date_gmt":"2023-10-13T08:25:31","guid":{"rendered":"https:\/\/long-join.com\/?post_type=product&#038;p=2053"},"modified":"2023-12-14T16:11:17","modified_gmt":"2023-12-14T08:11:17","slug":"bs5972-sensor-omnidirecional-com-trava-giratoria-fotocelula-220-vca","status":"publish","type":"product","link":"https:\/\/long-join.com\/pt\/product\/bs5972-omnidirectional-sensing-twist-lock-photocell-220vac\/","title":{"rendered":"BS5972 Fotoc\u00e9lula de detec\u00e7\u00e3o omnidirecional com trava girat\u00f3ria 220 VCA"},"content":{"rendered":"<blockquote><p>The PECU JL-214B is applicable to control the street lighting, garden lighting, passage lighting and doorway lighting automatically in accordance with the ambient natural lighting level.<br \/>\nhere we offer Photocell Electronic Control Unit(PECU) accessries JL-210K with Wall mount type socket.<\/p><\/blockquote>\n<blockquote><p>Recurso<\/p><\/blockquote>\n<ol>\n<li style=\"list-style-type: none;\">\n<ol>\n<li>Controlador de luz padr\u00e3o da UE JL-214B, JL-224B<\/li>\n<li>O controlador de detec\u00e7\u00e3o omnidirecional est\u00e1 em conformidade com BS5972<\/li>\n<li>ligar\/desligar n\u00edvel de lux: Ligado&lt;20lx, desligado&gt;80lx<\/li>\n<li>Tipo de modo de trabalho do controlador EPCU: Fail-off<\/li>\n<\/ol>\n<\/li>\n<\/ol>","protected":false},"excerpt":{"rendered":"<p>1. Modelo do produto: JL-214B<br \/>\n2. Tens\u00e3o nominal: 220-240 VCA<br \/>\n5. S\u00e9rie de controladores PECU<\/p>","protected":false},"featured_media":4524,"template":"","meta":{"_acf_changed":false,"_seopress_robots_primary_cat":"none","_seopress_titles_title":"","_seopress_titles_desc":"","_seopress_robots_index":""},"product_brand":[],"product_cat":[28,32],"product_tag":[],"class_list":{"0":"post-2053","1":"product","2":"type-product","3":"status-publish","4":"has-post-thumbnail","6":"product_cat-our-product","7":"product_cat-twist-lock-photocell-sensors","9":"first","10":"instock","11":"shipping-taxable","12":"product-type-simple"},"acf":[],"_links":{"self":[{"href":"https:\/\/long-join.com\/pt\/wp-json\/wp\/v2\/product\/2053","targetHints":{"allow":["GET"]}}],"collection":[{"href":"https:\/\/long-join.com\/pt\/wp-json\/wp\/v2\/product"}],"about":[{"href":"https:\/\/long-join.com\/pt\/wp-json\/wp\/v2\/types\/product"}],"version-history":[{"count":1,"href":"https:\/\/long-join.com\/pt\/wp-json\/wp\/v2\/product\/2053\/revisions"}],"predecessor-version":[{"id":4519,"href":"https:\/\/long-join.com\/pt\/wp-json\/wp\/v2\/product\/2053\/revisions\/4519"}],"wp:featuredmedia":[{"embeddable":true,"href":"https:\/\/long-join.com\/pt\/wp-json\/wp\/v2\/media\/4524"}],"wp:attachment":[{"href":"https:\/\/long-join.com\/pt\/wp-json\/wp\/v2\/media?parent=2053"}],"wp:term":[{"taxonomy":"product_brand","embeddable":true,"href":"https:\/\/long-join.com\/pt\/wp-json\/wp\/v2\/product_brand?post=2053"},{"taxonomy":"product_cat","embeddable":true,"href":"https:\/\/long-join.com\/pt\/wp-json\/wp\/v2\/product_cat?post=2053"},{"taxonomy":"product_tag","embeddable":true,"href":"https:\/\/long-join.com\/pt\/wp-json\/wp\/v2\/product_tag?post=2053"}],"curies":[{"name":"wp","href":"https:\/\/api.w.org\/{rel}","templated":true}]}}