{"id":2040,"date":"2023-10-13T16:00:09","date_gmt":"2023-10-13T08:00:09","guid":{"rendered":"https:\/\/long-join.com\/?post_type=product&#038;p=2040"},"modified":"2025-04-09T16:50:06","modified_gmt":"2025-04-09T08:50:06","slug":"fotocontrolador-de-bloqueio-twsit-jl-207c-long-join-120-277vac","status":"publish","type":"product","link":"https:\/\/long-join.com\/pt\/product\/long-join-jl-207c-twsit-lock-photocontroller-120-277vac\/","title":{"rendered":"Fotocontrolador Twsit Lock JL-207C de jun\u00e7\u00e3o longa 120-277 VCA"},"content":{"rendered":"<blockquote><p>A s\u00e9rie de fotocontrole JL-207 \u00e9 aplic\u00e1vel para controlar a ilumina\u00e7\u00e3o p\u00fablica, ilumina\u00e7\u00e3o de jardim, ilumina\u00e7\u00e3o de passagem e ilumina\u00e7\u00e3o de porta automaticamente de acordo com o n\u00edvel de ilumina\u00e7\u00e3o natural do ambiente, com um recurso de economia de energia ao amanhecer.<\/p><\/blockquote>\n<blockquote><p>A vers\u00e3o de longa dura\u00e7\u00e3o mant\u00e9m caracter\u00edsticas constantes e confi\u00e1veis. O rel\u00e9 pode ter mais de 10.000 ciclos de vida \u00fatil. A instala\u00e7\u00e3o da capa protetora de camada dupla proporciona uma vida \u00fatil mais longa para o JL-207. A vers\u00e3o de alta pot\u00eancia oferece uma carga mais alta.<\/p><\/blockquote>\n<blockquote><p>*Outras s\u00e9ries de tens\u00e3o ampla: JL-207E (347 VCA), JL-207F (480 VCA)<\/p><\/blockquote>\n<blockquote><p>*JL-207 dispon\u00edvel em diferentes modos de trabalho: Fail-On \/ Fail-Off<\/p><\/blockquote>\n<blockquote><p>*Tecnologia Zero-Cross no interior<\/p><\/blockquote>\n<blockquote><p>A vers\u00e3o de alta pot\u00eancia do JL-207C com padr\u00e3o ANSI C136.10-2017 \u00e9 o primeiro controlador de luz do setor a receber o prestigioso s\u00edmbolo ANSI Quality Advanced.<\/p><\/blockquote>","protected":false},"excerpt":{"rendered":"<p>1. Modelo do produto: JL-207C<br \/>\n2. Tens\u00e3o nominal: 120-277 VAC<br \/>\n3. N\u00edvel de lux ligado\/desligado: 16 Lx ligado; 24 Lx desligado<br \/>\n4. Classifica\u00e7\u00e3o IP: IP54, IP65, IP67<br \/>\n5. Padr\u00e3o de conformidade: CE, ROHS, UL<\/p>","protected":false},"featured_media":3472,"template":"","meta":{"_acf_changed":false,"_seopress_robots_primary_cat":"none","_seopress_titles_title":"Long-join JL-207C Twsit Lock Photocontroller 120-277VAC","_seopress_titles_desc":"JL-207 series 120-277VAC\uff0c347VAC and 480VAC, in most case,  you should considerate reference municipal projects standards, ane somet time, you can choose different voltage.","_seopress_robots_index":""},"product_brand":[],"product_cat":[61,28,55],"product_tag":[],"class_list":{"0":"post-2040","1":"product","2":"type-product","3":"status-publish","4":"has-post-thumbnail","6":"product_cat-jl-207-series-photocontrol","7":"product_cat-our-product","8":"product_cat-twist-lock-photocontrollers","10":"first","11":"instock","12":"shipping-taxable","13":"product-type-simple"},"acf":[],"_links":{"self":[{"href":"https:\/\/long-join.com\/pt\/wp-json\/wp\/v2\/product\/2040","targetHints":{"allow":["GET"]}}],"collection":[{"href":"https:\/\/long-join.com\/pt\/wp-json\/wp\/v2\/product"}],"about":[{"href":"https:\/\/long-join.com\/pt\/wp-json\/wp\/v2\/types\/product"}],"version-history":[{"count":2,"href":"https:\/\/long-join.com\/pt\/wp-json\/wp\/v2\/product\/2040\/revisions"}],"predecessor-version":[{"id":12823,"href":"https:\/\/long-join.com\/pt\/wp-json\/wp\/v2\/product\/2040\/revisions\/12823"}],"wp:featuredmedia":[{"embeddable":true,"href":"https:\/\/long-join.com\/pt\/wp-json\/wp\/v2\/media\/3472"}],"wp:attachment":[{"href":"https:\/\/long-join.com\/pt\/wp-json\/wp\/v2\/media?parent=2040"}],"wp:term":[{"taxonomy":"product_brand","embeddable":true,"href":"https:\/\/long-join.com\/pt\/wp-json\/wp\/v2\/product_brand?post=2040"},{"taxonomy":"product_cat","embeddable":true,"href":"https:\/\/long-join.com\/pt\/wp-json\/wp\/v2\/product_cat?post=2040"},{"taxonomy":"product_tag","embeddable":true,"href":"https:\/\/long-join.com\/pt\/wp-json\/wp\/v2\/product_tag?post=2040"}],"curies":[{"name":"wp","href":"https:\/\/api.w.org\/{rel}","templated":true}]}}