{"id":2039,"date":"2023-10-13T15:59:30","date_gmt":"2023-10-13T07:59:30","guid":{"rendered":"https:\/\/long-join.com\/?post_type=product&#038;p=2039"},"modified":"2025-08-27T17:50:11","modified_gmt":"2025-08-27T09:50:11","slug":"ansi-c136-10-trava-giratoria-jl-206c-falha-no-modo-120-277-vca","status":"publish","type":"product","link":"https:\/\/long-join.com\/pt\/product\/ansi-c136-10-twist-lock-jl-206c-fail-on-mode-120-277vac\/","title":{"rendered":"ANSI C136.10 Twist-lock JL-206C Modo de falha 120-277 VCA"},"content":{"rendered":"<blockquote><p>A s\u00e9rie de fotocontrole JL-206 \u00e9 aplic\u00e1vel para controlar ilumina\u00e7\u00e3o p\u00fablica, ilumina\u00e7\u00e3o de jardim, ilumina\u00e7\u00e3o de passagem e ilumina\u00e7\u00e3o de porta automaticamente de acordo com o n\u00edvel de ilumina\u00e7\u00e3o natural do ambiente, economizando energia.<\/p><\/blockquote>\n<blockquote><p>Este produto foi projetado com circuitos de microprocessador com fototransistor filtrado por infravermelho e um para-raios (MOV) \u00e9 fornecido.<\/p><\/blockquote>","protected":false},"excerpt":{"rendered":"<p>1. Modelo do produto: JL-206C<br \/>\n2. Tens\u00e3o nominal: 110-277 VAC<br \/>\n3. N\u00edvel de lux ligado\/desligado: 24 Lx ligado, 16 Lx desligado<br \/>\n4. Mov integrado<br \/>\n5. Classifica\u00e7\u00e3o IP: IP54, IP65, IP67<br \/>\n6. Padr\u00e3o de conformidade: CE, ROHS, UL<\/p>","protected":false},"featured_media":3465,"template":"","meta":{"_acf_changed":false,"_seopress_robots_primary_cat":"none","_seopress_titles_title":"","_seopress_titles_desc":"","_seopress_robots_index":""},"product_brand":[],"product_cat":[28,55],"product_tag":[],"class_list":{"0":"post-2039","1":"product","2":"type-product","3":"status-publish","4":"has-post-thumbnail","6":"product_cat-our-product","7":"product_cat-twist-lock-photocontrollers","9":"first","10":"instock","11":"shipping-taxable","12":"product-type-simple"},"acf":[],"_links":{"self":[{"href":"https:\/\/long-join.com\/pt\/wp-json\/wp\/v2\/product\/2039","targetHints":{"allow":["GET"]}}],"collection":[{"href":"https:\/\/long-join.com\/pt\/wp-json\/wp\/v2\/product"}],"about":[{"href":"https:\/\/long-join.com\/pt\/wp-json\/wp\/v2\/types\/product"}],"version-history":[{"count":3,"href":"https:\/\/long-join.com\/pt\/wp-json\/wp\/v2\/product\/2039\/revisions"}],"predecessor-version":[{"id":14689,"href":"https:\/\/long-join.com\/pt\/wp-json\/wp\/v2\/product\/2039\/revisions\/14689"}],"wp:featuredmedia":[{"embeddable":true,"href":"https:\/\/long-join.com\/pt\/wp-json\/wp\/v2\/media\/3465"}],"wp:attachment":[{"href":"https:\/\/long-join.com\/pt\/wp-json\/wp\/v2\/media?parent=2039"}],"wp:term":[{"taxonomy":"product_brand","embeddable":true,"href":"https:\/\/long-join.com\/pt\/wp-json\/wp\/v2\/product_brand?post=2039"},{"taxonomy":"product_cat","embeddable":true,"href":"https:\/\/long-join.com\/pt\/wp-json\/wp\/v2\/product_cat?post=2039"},{"taxonomy":"product_tag","embeddable":true,"href":"https:\/\/long-join.com\/pt\/wp-json\/wp\/v2\/product_tag?post=2039"}],"curies":[{"name":"wp","href":"https:\/\/api.w.org\/{rel}","templated":true}]}}