{"id":2038,"date":"2023-10-13T15:59:04","date_gmt":"2023-10-13T07:59:04","guid":{"rendered":"https:\/\/long-join.com\/?post_type=product&#038;p=2038"},"modified":"2024-03-18T12:34:32","modified_gmt":"2024-03-18T04:34:32","slug":"ansi-c136-10-fotocontrole-com-trava-giratoria-de-3-pinos-jl-215c","status":"publish","type":"product","link":"https:\/\/long-join.com\/pt\/product\/ansi-c136-10-twist-lock-photocontrol-3-pin-jl-215c\/","title":{"rendered":"ANSI C136.10 Fotocontrole com trava girat\u00f3ria de 3 pinos JL-215C"},"content":{"rendered":"<blockquote><p>O fotocontrole JL-215C \u00e9 aplic\u00e1vel para controlar a ilumina\u00e7\u00e3o p\u00fablica, ilumina\u00e7\u00e3o de jardim, ilumina\u00e7\u00e3o de passagem e ilumina\u00e7\u00e3o de porta automaticamente de acordo com o n\u00edvel de ilumina\u00e7\u00e3o natural do ambiente.<\/p><\/blockquote>\n<blockquote><p>Este produto foi projetado com circuitos eletr\u00f4nicos com um fototransistor e um para-raios (MOV). Em especial, o modelo JL-215C oferece desempenho de fator de pot\u00eancia muito superior ao da s\u00e9rie JL-215.<\/p><\/blockquote>","protected":false},"excerpt":{"rendered":"<p>1. Modelo do produto: JL-215C<br \/>\n2. Tens\u00e3o nominal: 110-277 VCA<br \/>\n3. N\u00edvel de lux ligado\/desligado: 10-30Lx, 30-40Lx<br \/>\n4. Classifica\u00e7\u00e3o IP: IP54, IP65, IP67<br \/>\n5. Padr\u00e3o de conformidade: CE, ROHS, UL<\/p>","protected":false},"featured_media":3461,"template":"","meta":{"_acf_changed":false,"_seopress_robots_primary_cat":"none","_seopress_titles_title":"","_seopress_titles_desc":"","_seopress_robots_index":""},"product_brand":[],"product_cat":[28,55],"product_tag":[],"class_list":{"0":"post-2038","1":"product","2":"type-product","3":"status-publish","4":"has-post-thumbnail","6":"product_cat-our-product","7":"product_cat-twist-lock-photocontrollers","9":"first","10":"instock","11":"shipping-taxable","12":"product-type-simple"},"acf":[],"_links":{"self":[{"href":"https:\/\/long-join.com\/pt\/wp-json\/wp\/v2\/product\/2038","targetHints":{"allow":["GET"]}}],"collection":[{"href":"https:\/\/long-join.com\/pt\/wp-json\/wp\/v2\/product"}],"about":[{"href":"https:\/\/long-join.com\/pt\/wp-json\/wp\/v2\/types\/product"}],"version-history":[{"count":0,"href":"https:\/\/long-join.com\/pt\/wp-json\/wp\/v2\/product\/2038\/revisions"}],"wp:featuredmedia":[{"embeddable":true,"href":"https:\/\/long-join.com\/pt\/wp-json\/wp\/v2\/media\/3461"}],"wp:attachment":[{"href":"https:\/\/long-join.com\/pt\/wp-json\/wp\/v2\/media?parent=2038"}],"wp:term":[{"taxonomy":"product_brand","embeddable":true,"href":"https:\/\/long-join.com\/pt\/wp-json\/wp\/v2\/product_brand?post=2038"},{"taxonomy":"product_cat","embeddable":true,"href":"https:\/\/long-join.com\/pt\/wp-json\/wp\/v2\/product_cat?post=2038"},{"taxonomy":"product_tag","embeddable":true,"href":"https:\/\/long-join.com\/pt\/wp-json\/wp\/v2\/product_tag?post=2038"}],"curies":[{"name":"wp","href":"https:\/\/api.w.org\/{rel}","templated":true}]}}