{"id":2031,"date":"2023-10-13T15:37:40","date_gmt":"2023-10-13T07:37:40","guid":{"rendered":"https:\/\/long-join.com\/?post_type=product&#038;p=2031"},"modified":"2025-08-07T17:44:51","modified_gmt":"2025-08-07T09:44:51","slug":"interruptor-fotoeletrico-de-alta-resistencia-jl-116a-de-ate-2000va","status":"publish","type":"product","link":"https:\/\/long-join.com\/pt\/product\/heavy-duty-up-to-2000va-stem-photocell-switch-jl-116a\/","title":{"rendered":"Interruptor fotoel\u00e9trico de haste para servi\u00e7o pesado de at\u00e9 2000 VA JL-116A"},"content":{"rendered":"<blockquote><p>O fotocontrole JL-116 \u00e9 aplic\u00e1vel para controlar a ilumina\u00e7\u00e3o de passagem e de porta automaticamente de acordo com o n\u00edvel de ilumina\u00e7\u00e3o ambiente.<\/p><\/blockquote>\n<blockquote><p>\u00c9 conveniente para ajuste de dire\u00e7\u00e3o ap\u00f3s a instala\u00e7\u00e3o, quando um suporte girat\u00f3rio adicional \u00e9 aplicado.<\/p><\/blockquote>\n<blockquote><p>Recurso<\/p><\/blockquote>\n<ol>\n<li>Suporte para pe\u00e7as girat\u00f3rias e deslizamento de metal para ajustar o valor de sensibilidade \u00e0 luz lux.<\/li>\n<li>Cabe\u00e7a girat\u00f3ria adicional dispon\u00edvel (JL-116V)<\/li>\n<li>Rosca de parafuso (NPT 1\/2\u2033) e porca de liga de zinco;<\/li>\n<li>Atraso de tempo 30~120s<\/li>\n<li>Servi\u00e7o pesado at\u00e9 2000VA<\/li>\n<\/ol>","protected":false},"excerpt":{"rendered":"<p>1. Modelo do produto: JL-116A<br \/>\n2. N\u00edvel de lux ligado\/desligado: 10-20Lx, 30-60Lx<br \/>\n3. Classifica\u00e7\u00e3o IP: IP54<br \/>\n4. Carga nominal: 2000 W<br \/>\n5. Padr\u00e3o de conformidade: CE, ROHS, UL<\/p>","protected":false},"featured_media":4423,"template":"","meta":{"_acf_changed":false,"_seopress_robots_primary_cat":"none","_seopress_titles_title":"","_seopress_titles_desc":"","_seopress_robots_index":""},"product_brand":[],"product_cat":[28,30],"product_tag":[],"class_list":{"0":"post-2031","1":"product","2":"type-product","3":"status-publish","4":"has-post-thumbnail","6":"product_cat-our-product","7":"product_cat-wire-in-controllers","9":"first","10":"instock","11":"shipping-taxable","12":"product-type-simple"},"acf":[],"_links":{"self":[{"href":"https:\/\/long-join.com\/pt\/wp-json\/wp\/v2\/product\/2031","targetHints":{"allow":["GET"]}}],"collection":[{"href":"https:\/\/long-join.com\/pt\/wp-json\/wp\/v2\/product"}],"about":[{"href":"https:\/\/long-join.com\/pt\/wp-json\/wp\/v2\/types\/product"}],"version-history":[{"count":3,"href":"https:\/\/long-join.com\/pt\/wp-json\/wp\/v2\/product\/2031\/revisions"}],"predecessor-version":[{"id":14298,"href":"https:\/\/long-join.com\/pt\/wp-json\/wp\/v2\/product\/2031\/revisions\/14298"}],"wp:featuredmedia":[{"embeddable":true,"href":"https:\/\/long-join.com\/pt\/wp-json\/wp\/v2\/media\/4423"}],"wp:attachment":[{"href":"https:\/\/long-join.com\/pt\/wp-json\/wp\/v2\/media?parent=2031"}],"wp:term":[{"taxonomy":"product_brand","embeddable":true,"href":"https:\/\/long-join.com\/pt\/wp-json\/wp\/v2\/product_brand?post=2031"},{"taxonomy":"product_cat","embeddable":true,"href":"https:\/\/long-join.com\/pt\/wp-json\/wp\/v2\/product_cat?post=2031"},{"taxonomy":"product_tag","embeddable":true,"href":"https:\/\/long-join.com\/pt\/wp-json\/wp\/v2\/product_tag?post=2031"}],"curies":[{"name":"wp","href":"https:\/\/api.w.org\/{rel}","templated":true}]}}