{"id":2030,"date":"2023-10-13T15:37:12","date_gmt":"2023-10-13T07:37:12","guid":{"rendered":"https:\/\/long-join.com\/?post_type=product&#038;p=2030"},"modified":"2023-12-07T17:19:44","modified_gmt":"2023-12-07T09:19:44","slug":"acessorios-para-cabeca-giratoria-de-120-v-com-montagem-em-haste-fotoeletrica-jl-118av","status":"publish","type":"product","link":"https:\/\/long-join.com\/pt\/product\/jl-118av-stem-mount-photocell-120v-swivel-head-accessories\/","title":{"rendered":"JL-118AV Stem Mount Fotoc\u00e9lula 120V Cabe\u00e7a Girat\u00f3ria Acess\u00f3rios"},"content":{"rendered":"<p>O interruptor fotoel\u00e9trico s\u00e9rie JL-118 \u00e9 aplic\u00e1vel para controlar a ilumina\u00e7\u00e3o de passagem e de porta automaticamente de acordo com o n\u00edvel de ilumina\u00e7\u00e3o ambiente.<\/p>\n<blockquote><p>Caracter\u00edstica<\/p><\/blockquote>\n<ol>\n<li>Suporte para pe\u00e7as girat\u00f3rias e deslizamento de metal para ajustar o valor de sensibilidade \u00e0 luz lux.<\/li>\n<li>JL-118AV (pe\u00e7as girat\u00f3rias em V)<\/li>\n<li>Rosca de parafuso (NPT 1\/2\u2033) e porca de liga de zinco;<\/li>\n<li>Atraso de tempo 30~120s<\/li>\n<\/ol>","protected":false},"excerpt":{"rendered":"<p>1. Modelo do produto: JL-118AV<br \/>\n2. N\u00edvel de lux ligado\/desligado: 10-20Lx, 30-60Lx<br \/>\n3. Classifica\u00e7\u00e3o IP: IP54<br \/>\n5. Padr\u00e3o de conformidade: CE, ROHS, UL<\/p>","protected":false},"featured_media":4416,"template":"","meta":{"_acf_changed":false,"_seopress_robots_primary_cat":"none","_seopress_titles_title":"","_seopress_titles_desc":"","_seopress_robots_index":""},"product_brand":[],"product_cat":[28,63,30],"product_tag":[],"class_list":{"0":"post-2030","1":"product","2":"type-product","3":"status-publish","4":"has-post-thumbnail","6":"product_cat-our-product","7":"product_cat-swivel-stem-control","8":"product_cat-wire-in-controllers","10":"first","11":"instock","12":"shipping-taxable","13":"product-type-simple"},"acf":[],"_links":{"self":[{"href":"https:\/\/long-join.com\/pt\/wp-json\/wp\/v2\/product\/2030","targetHints":{"allow":["GET"]}}],"collection":[{"href":"https:\/\/long-join.com\/pt\/wp-json\/wp\/v2\/product"}],"about":[{"href":"https:\/\/long-join.com\/pt\/wp-json\/wp\/v2\/types\/product"}],"version-history":[{"count":1,"href":"https:\/\/long-join.com\/pt\/wp-json\/wp\/v2\/product\/2030\/revisions"}],"predecessor-version":[{"id":4407,"href":"https:\/\/long-join.com\/pt\/wp-json\/wp\/v2\/product\/2030\/revisions\/4407"}],"wp:featuredmedia":[{"embeddable":true,"href":"https:\/\/long-join.com\/pt\/wp-json\/wp\/v2\/media\/4416"}],"wp:attachment":[{"href":"https:\/\/long-join.com\/pt\/wp-json\/wp\/v2\/media?parent=2030"}],"wp:term":[{"taxonomy":"product_brand","embeddable":true,"href":"https:\/\/long-join.com\/pt\/wp-json\/wp\/v2\/product_brand?post=2030"},{"taxonomy":"product_cat","embeddable":true,"href":"https:\/\/long-join.com\/pt\/wp-json\/wp\/v2\/product_cat?post=2030"},{"taxonomy":"product_tag","embeddable":true,"href":"https:\/\/long-join.com\/pt\/wp-json\/wp\/v2\/product_tag?post=2030"}],"curies":[{"name":"wp","href":"https:\/\/api.w.org\/{rel}","templated":true}]}}