{"id":1967,"date":"2023-10-13T12:22:09","date_gmt":"2023-10-13T04:22:09","guid":{"rendered":"https:\/\/long-join.com\/?post_type=product&#038;p=1967"},"modified":"2025-08-28T14:15:32","modified_gmt":"2025-08-28T06:15:32","slug":"jl-240-xb14-nema-padrao","status":"publish","type":"product","link":"https:\/\/long-join.com\/pt\/product\/jl-240-xb14-nema-standard\/","title":{"rendered":"ANSIC 136.41 Recept\u00e1culo de fotoc\u00e9lula de 5 pinos JL-240XB"},"content":{"rendered":"<blockquote><p>Todos os recept\u00e1culos de fotocontrole da s\u00e9rie JL-240 foram projetados para as lanternas que deveriam ter um recept\u00e1culo ANSI C136.10-2006 para a instala\u00e7\u00e3o de um fotocontrole com trava girat\u00f3ria. Esta s\u00e9rie est\u00e1 em conformidade com a rec\u00e9m-publicada norma ANSI C136.41-2013 para permitir o controle m\u00faltiplo de uma l\u00e2mpada LED atrav\u00e9s do recept\u00e1culo.<\/p><\/blockquote>\n<blockquote><p>Recurso<\/p><\/blockquote>\n<blockquote><p>1. O JL-240XB oferece 2 almofadas de baixa voltagem banhadas a ouro na superf\u00edcie superior para adapta\u00e7\u00e3o ao fotocontrole, possui contatos de mola em conformidade com ANSI C136.41 e oferece conectores r\u00e1pidos machos na parte traseira para conex\u00e3o de sinal.<\/p><\/blockquote>\n<blockquote><p>2. Recurso de limita\u00e7\u00e3o de rota\u00e7\u00e3o de 360 graus para conformidade com os requisitos ANSI C136.10.<\/p><\/blockquote>\n<blockquote><p>3. Tanto o JL-240X quanto o JL-240Y foram reconhecidos, e o JL-200Z14 foi listado pela UL nos padr\u00f5es de seguran\u00e7a aplic\u00e1veis dos EUA e Canad\u00e1, sob seu arquivo E188110, Vol.1 e Vol.2.<\/p><\/blockquote>","protected":false},"excerpt":{"rendered":"<p>1. Modelo do produto: JL-240XB<br \/>\n2. Tens\u00e3o nominal: 0-480 VCA<br \/>\n3. Material: PBT e estabilizador UV<br \/>\n4. Medidor de cabos: #14, #16<br \/>\n5. Padr\u00e3o compat\u00edvel: ANSI C136.41, CE, ROHS, UL<\/p>","protected":false},"featured_media":2616,"template":"","meta":{"_acf_changed":false,"_seopress_robots_primary_cat":"none","_seopress_titles_title":"","_seopress_titles_desc":"","_seopress_robots_index":""},"product_brand":[],"product_cat":[57,31,28],"product_tag":[],"class_list":{"0":"post-1967","1":"product","2":"type-product","3":"status-publish","4":"has-post-thumbnail","6":"product_cat-nema-5-pin-receptacle","7":"product_cat-nema-standard-connector","8":"product_cat-our-product","10":"first","11":"instock","12":"shipping-taxable","13":"product-type-simple"},"acf":[],"_links":{"self":[{"href":"https:\/\/long-join.com\/pt\/wp-json\/wp\/v2\/product\/1967","targetHints":{"allow":["GET"]}}],"collection":[{"href":"https:\/\/long-join.com\/pt\/wp-json\/wp\/v2\/product"}],"about":[{"href":"https:\/\/long-join.com\/pt\/wp-json\/wp\/v2\/types\/product"}],"version-history":[{"count":1,"href":"https:\/\/long-join.com\/pt\/wp-json\/wp\/v2\/product\/1967\/revisions"}],"predecessor-version":[{"id":14729,"href":"https:\/\/long-join.com\/pt\/wp-json\/wp\/v2\/product\/1967\/revisions\/14729"}],"wp:featuredmedia":[{"embeddable":true,"href":"https:\/\/long-join.com\/pt\/wp-json\/wp\/v2\/media\/2616"}],"wp:attachment":[{"href":"https:\/\/long-join.com\/pt\/wp-json\/wp\/v2\/media?parent=1967"}],"wp:term":[{"taxonomy":"product_brand","embeddable":true,"href":"https:\/\/long-join.com\/pt\/wp-json\/wp\/v2\/product_brand?post=1967"},{"taxonomy":"product_cat","embeddable":true,"href":"https:\/\/long-join.com\/pt\/wp-json\/wp\/v2\/product_cat?post=1967"},{"taxonomy":"product_tag","embeddable":true,"href":"https:\/\/long-join.com\/pt\/wp-json\/wp\/v2\/product_tag?post=1967"}],"curies":[{"name":"wp","href":"https:\/\/api.w.org\/{rel}","templated":true}]}}