{"id":1964,"date":"2023-10-13T12:21:07","date_gmt":"2023-10-13T04:21:07","guid":{"rendered":"https:\/\/long-join.com\/?post_type=product&#038;p=1964"},"modified":"2024-03-01T10:32:39","modified_gmt":"2024-03-01T02:32:39","slug":"receptaculo-de-3-pinos-com-trava-giratoria-ansi-c136-10-para-base-de-fotocelula","status":"publish","type":"product","link":"https:\/\/long-join.com\/pt\/product\/ansi-c136-10-twist-lock-3-pin-receptacle-for-photocell-base\/","title":{"rendered":"Tomada ANSI C136.10 com trava girat\u00f3ria de 3 pinos para base de fotoc\u00e9lula"},"content":{"rendered":"<p>Os recept\u00e1culos de 3 pinos com trava girat\u00f3ria padr\u00e3o NEMA s\u00e3o perfeitos para combinar com sensores de fotoc\u00e9lula com trava girat\u00f3ria e s\u00e3o adequados para ilumina\u00e7\u00e3o p\u00fablica, ilumina\u00e7\u00e3o de jardim, ilumina\u00e7\u00e3o de passagem e ilumina\u00e7\u00e3o de porta automaticamente de acordo com o n\u00edvel de ilumina\u00e7\u00e3o natural do ambiente.<\/p>\n<ul>\n<li>Pontas<\/li>\n<li>Vers\u00e3o padr\u00e3o: fio condutor AWG#12\/14\/16, AWG#18 (n\u00e3o UL)<\/li>\n<li>ANSI C136.10-2010 (somente tipo RS)<\/li>\n<li>Escolha opcionalmente a vers\u00e3o do cabo JL-200ZCWP<\/li>\n<\/ul>","protected":false},"excerpt":{"rendered":"<p>1. Modelo do produto: JL-200X<br \/>\n2. Tens\u00e3o nominal: 0-480 VAC<br \/>\n3. Material: Soquete fen\u00f3lico<br \/>\n4. Material de contato: cobre niquelado<br \/>\n5. Padr\u00e3o de conformidade: CE, ROHS, UL<\/p>","protected":false},"featured_media":3328,"template":"","meta":{"_acf_changed":false,"_seopress_robots_primary_cat":"none","_seopress_titles_title":"","_seopress_titles_desc":"","_seopress_robots_index":""},"product_brand":[],"product_cat":[58,31,28],"product_tag":[],"class_list":{"0":"post-1964","1":"product","2":"type-product","3":"status-publish","4":"has-post-thumbnail","6":"product_cat-3-pin-receptacle","7":"product_cat-nema-standard-connector","8":"product_cat-our-product","10":"first","11":"instock","12":"shipping-taxable","13":"product-type-simple"},"acf":[],"_links":{"self":[{"href":"https:\/\/long-join.com\/pt\/wp-json\/wp\/v2\/product\/1964","targetHints":{"allow":["GET"]}}],"collection":[{"href":"https:\/\/long-join.com\/pt\/wp-json\/wp\/v2\/product"}],"about":[{"href":"https:\/\/long-join.com\/pt\/wp-json\/wp\/v2\/types\/product"}],"version-history":[{"count":1,"href":"https:\/\/long-join.com\/pt\/wp-json\/wp\/v2\/product\/1964\/revisions"}],"predecessor-version":[{"id":3324,"href":"https:\/\/long-join.com\/pt\/wp-json\/wp\/v2\/product\/1964\/revisions\/3324"}],"wp:featuredmedia":[{"embeddable":true,"href":"https:\/\/long-join.com\/pt\/wp-json\/wp\/v2\/media\/3328"}],"wp:attachment":[{"href":"https:\/\/long-join.com\/pt\/wp-json\/wp\/v2\/media?parent=1964"}],"wp:term":[{"taxonomy":"product_brand","embeddable":true,"href":"https:\/\/long-join.com\/pt\/wp-json\/wp\/v2\/product_brand?post=1964"},{"taxonomy":"product_cat","embeddable":true,"href":"https:\/\/long-join.com\/pt\/wp-json\/wp\/v2\/product_cat?post=1964"},{"taxonomy":"product_tag","embeddable":true,"href":"https:\/\/long-join.com\/pt\/wp-json\/wp\/v2\/product_tag?post=1964"}],"curies":[{"name":"wp","href":"https:\/\/api.w.org\/{rel}","templated":true}]}}