{"id":1963,"date":"2023-10-13T12:20:41","date_gmt":"2023-10-13T04:20:41","guid":{"rendered":"https:\/\/long-join.com\/?post_type=product&#038;p=1963"},"modified":"2023-11-14T14:05:17","modified_gmt":"2023-11-14T06:05:17","slug":"receptaculo-ansi-c136-10-de-3-pinos-com-tampa-traseira","status":"publish","type":"product","link":"https:\/\/long-join.com\/pt\/product\/ansi-c136-10-3-pin-receptacle-with-back-cover\/","title":{"rendered":"Recept\u00e1culo ANSI C136.10 de 3 pinos com tampa traseira"},"content":{"rendered":"<p>Os recept\u00e1culos do modelo JL-200z combinam com sensores fotoc\u00e9lulas Twist lock para controlar a ilumina\u00e7\u00e3o p\u00fablica, ilumina\u00e7\u00e3o de jardim, ilumina\u00e7\u00e3o de passagem e ilumina\u00e7\u00e3o de porta automaticamente de acordo com o n\u00edvel de ilumina\u00e7\u00e3o natural do ambiente.<\/p>\n<ul>\n<li>Pontas<\/li>\n<li>Vers\u00e3o padr\u00e3o: fio condutor AWG#12\/14\/16, AWG#18 (n\u00e3o UL)<\/li>\n<li>ANSI C136.10<\/li>\n<li>Escolha opcionalmente a vers\u00e3o do cabo JL-200ZCWP<\/li>\n<\/ul>","protected":false},"excerpt":{"rendered":"<p>1. Modelo do produto: JL-200Z<br \/>\n2. Tens\u00e3o nominal: 0-480 VCA<br \/>\n3. Material: fen\u00f3lico (baquelite)<br \/>\n4. Medidor de cabos: #14, #18,#16<br \/>\n5. Material da capa traseira: PC<br \/>\n6. Padr\u00e3o compat\u00edvel: ANSI C136.10, CE, ROHS, UL<\/p>","protected":false},"featured_media":3319,"template":"","meta":{"_acf_changed":false,"_seopress_robots_primary_cat":"none","_seopress_titles_title":"","_seopress_titles_desc":"","_seopress_robots_index":""},"product_brand":[],"product_cat":[58,31,28],"product_tag":[],"class_list":{"0":"post-1963","1":"product","2":"type-product","3":"status-publish","4":"has-post-thumbnail","6":"product_cat-3-pin-receptacle","7":"product_cat-nema-standard-connector","8":"product_cat-our-product","10":"first","11":"instock","12":"shipping-taxable","13":"product-type-simple"},"acf":[],"_links":{"self":[{"href":"https:\/\/long-join.com\/pt\/wp-json\/wp\/v2\/product\/1963","targetHints":{"allow":["GET"]}}],"collection":[{"href":"https:\/\/long-join.com\/pt\/wp-json\/wp\/v2\/product"}],"about":[{"href":"https:\/\/long-join.com\/pt\/wp-json\/wp\/v2\/types\/product"}],"version-history":[{"count":1,"href":"https:\/\/long-join.com\/pt\/wp-json\/wp\/v2\/product\/1963\/revisions"}],"predecessor-version":[{"id":3315,"href":"https:\/\/long-join.com\/pt\/wp-json\/wp\/v2\/product\/1963\/revisions\/3315"}],"wp:featuredmedia":[{"embeddable":true,"href":"https:\/\/long-join.com\/pt\/wp-json\/wp\/v2\/media\/3319"}],"wp:attachment":[{"href":"https:\/\/long-join.com\/pt\/wp-json\/wp\/v2\/media?parent=1963"}],"wp:term":[{"taxonomy":"product_brand","embeddable":true,"href":"https:\/\/long-join.com\/pt\/wp-json\/wp\/v2\/product_brand?post=1963"},{"taxonomy":"product_cat","embeddable":true,"href":"https:\/\/long-join.com\/pt\/wp-json\/wp\/v2\/product_cat?post=1963"},{"taxonomy":"product_tag","embeddable":true,"href":"https:\/\/long-join.com\/pt\/wp-json\/wp\/v2\/product_tag?post=1963"}],"curies":[{"name":"wp","href":"https:\/\/api.w.org\/{rel}","templated":true}]}}