{"id":1740,"date":"2023-10-10T18:30:11","date_gmt":"2023-10-10T10:30:11","guid":{"rendered":"https:\/\/long-join.com\/?post_type=product&#038;p=1740"},"modified":"2025-05-15T11:33:33","modified_gmt":"2025-05-15T03:33:33","slug":"soquete-tipo-zhaga-de-juncao-longa-versao-sem-fio-jl-700w","status":"publish","type":"product","link":"https:\/\/long-join.com\/pt\/product\/jl-700w-leadless-version-zhaga-type-socket-long-join\/","title":{"rendered":"JL-700W (vers\u00e3o sem fio) Soquete tipo Zhaga LONG-JOIN"},"content":{"rendered":"<p>Recurso<\/p>\n<ol>\n<li>Derrota definida no Livro 18 de Zhaga;<\/li>\n<li>Tamanho compacto com lumin\u00e1rias firmemente travadas e m\u00f3dulo de interface Zhaga;<\/li>\n<li>Veda\u00e7\u00e3o avan\u00e7ada para atingir a classifica\u00e7\u00e3o IP66<\/li>\n<li>Solu\u00e7\u00e3o escal\u00e1vel permite a utiliza\u00e7\u00e3o de fotoc\u00e9lula de \u00d840mm e sistema de gest\u00e3o central de \u00d880mm com a mesma interface de liga\u00e7\u00e3o<\/li>\n<li>Posi\u00e7\u00e3o de montagem flex\u00edvel, voltada para cima, para baixo e para os lados<\/li>\n<li>Junta \u00fanica integrada que veda tanto a lumin\u00e1ria quanto o m\u00f3dulo, minimizando o tempo de montagem.<\/li>\n<li>Como resultado desta s\u00e9rie de conjuntos de interface zhaga de vers\u00e3o sem fio, sem a necessidade de fia\u00e7\u00e3o complexa, reduz-se a dificuldade de instala\u00e7\u00e3o.<\/li>\n<\/ol>","protected":false},"excerpt":{"rendered":"<p>Os produtos da s\u00e9rie ZHAGA, incluindo recept\u00e1culos e acess\u00f3rios JL-700, oferecem uma interface regulada ZHAGA Book 18 para facilitar o desenvolvimento de dispositivos padr\u00e3o usados para ilumina\u00e7\u00e3o de estradas, ilumina\u00e7\u00e3o de \u00e1reas ou ilumina\u00e7\u00e3o de ocupa\u00e7\u00e3o, etc. Esses dispositivos podem ser oferecidos no protocolo DALI 2.0 (pinos 2-3) ou recursos de dimeriza\u00e7\u00e3o de 0-10 V (por solicita\u00e7\u00e3o), com base no arranjo do dispositivo.<\/p>\n<p>-Porta 1: 24 VCC<br \/>\n\u2013 Porta 2: DALI\u2013\/GND<br \/>\n\u2013 Porta 3: DALI+<br \/>\n\u2013 Porta 4: reservel\/O<\/p>","protected":false},"featured_media":2193,"template":"","meta":{"_acf_changed":false,"_seopress_robots_primary_cat":"none","_seopress_titles_title":"","_seopress_titles_desc":"","_seopress_robots_index":""},"product_brand":[],"product_cat":[28,35,29,49],"product_tag":[48,54],"class_list":{"0":"post-1740","1":"product","2":"type-product","3":"status-publish","4":"has-post-thumbnail","6":"product_cat-our-product","7":"product_cat-photocell-switch-fittings","8":"product_cat-zhaga-series","9":"product_cat-zhaga-socket","10":"product_tag-zhaga","11":"product_tag-zhaga-socket","13":"first","14":"instock","15":"shipping-taxable","16":"product-type-simple"},"acf":[],"_links":{"self":[{"href":"https:\/\/long-join.com\/pt\/wp-json\/wp\/v2\/product\/1740","targetHints":{"allow":["GET"]}}],"collection":[{"href":"https:\/\/long-join.com\/pt\/wp-json\/wp\/v2\/product"}],"about":[{"href":"https:\/\/long-join.com\/pt\/wp-json\/wp\/v2\/types\/product"}],"version-history":[{"count":5,"href":"https:\/\/long-join.com\/pt\/wp-json\/wp\/v2\/product\/1740\/revisions"}],"predecessor-version":[{"id":13233,"href":"https:\/\/long-join.com\/pt\/wp-json\/wp\/v2\/product\/1740\/revisions\/13233"}],"wp:featuredmedia":[{"embeddable":true,"href":"https:\/\/long-join.com\/pt\/wp-json\/wp\/v2\/media\/2193"}],"wp:attachment":[{"href":"https:\/\/long-join.com\/pt\/wp-json\/wp\/v2\/media?parent=1740"}],"wp:term":[{"taxonomy":"product_brand","embeddable":true,"href":"https:\/\/long-join.com\/pt\/wp-json\/wp\/v2\/product_brand?post=1740"},{"taxonomy":"product_cat","embeddable":true,"href":"https:\/\/long-join.com\/pt\/wp-json\/wp\/v2\/product_cat?post=1740"},{"taxonomy":"product_tag","embeddable":true,"href":"https:\/\/long-join.com\/pt\/wp-json\/wp\/v2\/product_tag?post=1740"}],"curies":[{"name":"wp","href":"https:\/\/api.w.org\/{rel}","templated":true}]}}