{"id":1735,"date":"2023-10-10T18:28:35","date_gmt":"2023-10-10T10:28:35","guid":{"rendered":"https:\/\/long-join.com\/?post_type=product&#038;p=1735"},"modified":"2025-02-13T16:53:01","modified_gmt":"2025-02-13T08:53:01","slug":"soquete-jl-700-zhaga-com-placa-e-arruela-k4-ou-k5","status":"publish","type":"product","link":"https:\/\/long-join.com\/pt\/product\/jl-700-zhaga-socket-with-plate-and-washer-k4-or-k5\/","title":{"rendered":"Soquete Zhaga JL-700 com placa e arruela K4 ou K5"},"content":{"rendered":"<p>Recurso<\/p>\n<ol>\n<li>Interface padronizada definida no Zhaga Book 18;<\/li>\n<li>Tamanho compacto permitindo maior flexibilidade no design da lumin\u00e1ria;<\/li>\n<li>a junta compacta entre a l\u00e2mpada e o m\u00f3dulo de interface Zhaga e a veda\u00e7\u00e3o para atingir IP66;<\/li>\n<li>M\u00f3dulo de interface zhaga conect\u00e1vel com di\u00e2metro de 40 mm ou 80 mm<\/li>\n<li>Posi\u00e7\u00e3o de montagem flex\u00edvel, voltada para cima, para baixo e para os lados;<\/li>\n<li>Al\u00e9m disso, o JL-700 \u00e9 equipado com uma placa de alum\u00ednio e arruela para acomodar a base do controlador com di\u00e2metro NEMA. Essa escolha de design ajuda a reduzir o custo de atualiza\u00e7\u00f5es do dispositivo e minimiza a necessidade de recursos humanos.<\/li>\n<\/ol>","protected":false},"excerpt":{"rendered":"<p>Os produtos da s\u00e9rie ZHAGA, incluindo o recept\u00e1culo JL-700 e acess\u00f3rios, oferecem uma interface regulamentada ZHAGA Book 18 para maneiras mais f\u00e1ceis de desenvolver dispositivos padr\u00e3o usados para ilumina\u00e7\u00e3o de estradas, ilumina\u00e7\u00e3o de \u00e1rea ou ilumina\u00e7\u00e3o de ocupa\u00e7\u00e3o, etc. Esses dispositivos podem ser oferecidos no protocolo DALI 2.0 (pinos 2-3) ou recursos de dimeriza\u00e7\u00e3o de 0-10 V (por solicita\u00e7\u00e3o), com base no arranjo do dispositivo.<\/p>\n<p>Vers\u00e3o UE Zhaga Socket<br \/>\n\u2013 Porta 1 (Marrom): 24Vdc<br \/>\n\u2013 Porta 2 (cinza): DALI (ou protocolo baseado em DALI) \u2013 \/common ground<br \/>\n\u2013 Porta 3 (Azul): DALI (ou protocolo baseado em DALI) +<br \/>\n\u2013 Porta 4 (Preta): E\/S geral<\/p>","protected":false},"featured_media":2199,"template":"","meta":{"_acf_changed":false,"_seopress_robots_primary_cat":"none","_seopress_titles_title":"","_seopress_titles_desc":"","_seopress_robots_index":""},"product_brand":[],"product_cat":[28,35,29,49],"product_tag":[48],"class_list":{"0":"post-1735","1":"product","2":"type-product","3":"status-publish","4":"has-post-thumbnail","6":"product_cat-our-product","7":"product_cat-photocell-switch-fittings","8":"product_cat-zhaga-series","9":"product_cat-zhaga-socket","10":"product_tag-zhaga","12":"first","13":"instock","14":"shipping-taxable","15":"product-type-simple"},"acf":[],"_links":{"self":[{"href":"https:\/\/long-join.com\/pt\/wp-json\/wp\/v2\/product\/1735","targetHints":{"allow":["GET"]}}],"collection":[{"href":"https:\/\/long-join.com\/pt\/wp-json\/wp\/v2\/product"}],"about":[{"href":"https:\/\/long-join.com\/pt\/wp-json\/wp\/v2\/types\/product"}],"version-history":[{"count":7,"href":"https:\/\/long-join.com\/pt\/wp-json\/wp\/v2\/product\/1735\/revisions"}],"predecessor-version":[{"id":11509,"href":"https:\/\/long-join.com\/pt\/wp-json\/wp\/v2\/product\/1735\/revisions\/11509"}],"wp:featuredmedia":[{"embeddable":true,"href":"https:\/\/long-join.com\/pt\/wp-json\/wp\/v2\/media\/2199"}],"wp:attachment":[{"href":"https:\/\/long-join.com\/pt\/wp-json\/wp\/v2\/media?parent=1735"}],"wp:term":[{"taxonomy":"product_brand","embeddable":true,"href":"https:\/\/long-join.com\/pt\/wp-json\/wp\/v2\/product_brand?post=1735"},{"taxonomy":"product_cat","embeddable":true,"href":"https:\/\/long-join.com\/pt\/wp-json\/wp\/v2\/product_cat?post=1735"},{"taxonomy":"product_tag","embeddable":true,"href":"https:\/\/long-join.com\/pt\/wp-json\/wp\/v2\/product_tag?post=1735"}],"curies":[{"name":"wp","href":"https:\/\/api.w.org\/{rel}","templated":true}]}}