{"id":1729,"date":"2023-10-10T18:24:52","date_gmt":"2023-10-10T10:24:52","guid":{"rendered":"https:\/\/long-join.com\/?post_type=product&#038;p=1729"},"modified":"2025-11-20T17:19:33","modified_gmt":"2025-11-20T09:19:33","slug":"zhaga-book18-zhaga-sensor-jl-711a-0-10v-dimerizacao","status":"publish","type":"product","link":"https:\/\/long-join.com\/pt\/product\/zhaga-book18-zhaga-sensor-jl-711a-0-10v-dimming\/","title":{"rendered":"Zhaga Book18 Zhaga Sensor JL-711A 0-10V Dimeriza\u00e7\u00e3o"},"content":{"rendered":"<p>Os controladores de luz da s\u00e9rie JL-711A s\u00e3o controladores de luz com trava rotativa inteligentes, desenvolvidos com base no padr\u00e3o de interface zhaga BOOK18, que podem emitir sinais de dimeriza\u00e7\u00e3o de 0 a 10 V. Todos os modelos possuem sensores fotossens\u00edveis integrados. O controlador de luz \u00e9 adequado para ilumina\u00e7\u00e3o de ambientes como ruas, gramados, p\u00e1tios e parques.<\/p>\n<blockquote><p>al\u00e9m disso, h\u00e1 caracter\u00edsticas mais significativas:<\/p><\/blockquote>\n<blockquote><p>Fonte de alimenta\u00e7\u00e3o 1-12-24 V CC<\/p><\/blockquote>\n<blockquote><p>2-Altera\u00e7\u00e3o da rela\u00e7\u00e3o de estrat\u00e9gia de economia de energia apenas para JL-711A2<\/p><\/blockquote>\n<blockquote><p>Escurecimento de 2 \u00e0 meia-noite, apenas sensor zhaga JL-711A2<\/p><\/blockquote>\n<blockquote><p>3-<strong>Compensa\u00e7\u00e3o de luz refletida da l\u00e2mpada<\/strong><\/p><\/blockquote>\n<blockquote><p>4-voc\u00ea quer conduta de especifica\u00e7\u00e3o, ent\u00e3o leia as instru\u00e7\u00f5es do guia do sensor zhaga JL-711A.<\/p><\/blockquote>","protected":false},"excerpt":{"rendered":"<p>1. Modelo do produto: JL-711A<br \/>\n2. Sa\u00edda de escurecimento: 0-10V<br \/>\n3. Certificado: CE, RoHS<br \/>\n4. Padr\u00e3o de conformidade: livro zhaga 18<br \/>\n5. Tipo de sensor: sensor \u00f3ptico<\/p>","protected":false},"featured_media":3313,"template":"","meta":{"_acf_changed":false,"_seopress_robots_primary_cat":"none","_seopress_titles_title":"","_seopress_titles_desc":"","_seopress_robots_index":""},"product_brand":[],"product_cat":[28,50,29],"product_tag":[48],"class_list":{"0":"post-1729","1":"product","2":"type-product","3":"status-publish","4":"has-post-thumbnail","6":"product_cat-our-product","7":"product_cat-zhaga-sensor","8":"product_cat-zhaga-series","9":"product_tag-zhaga","11":"first","12":"instock","13":"shipping-taxable","14":"product-type-simple"},"acf":[],"_links":{"self":[{"href":"https:\/\/long-join.com\/pt\/wp-json\/wp\/v2\/product\/1729","targetHints":{"allow":["GET"]}}],"collection":[{"href":"https:\/\/long-join.com\/pt\/wp-json\/wp\/v2\/product"}],"about":[{"href":"https:\/\/long-join.com\/pt\/wp-json\/wp\/v2\/types\/product"}],"version-history":[{"count":7,"href":"https:\/\/long-join.com\/pt\/wp-json\/wp\/v2\/product\/1729\/revisions"}],"predecessor-version":[{"id":16213,"href":"https:\/\/long-join.com\/pt\/wp-json\/wp\/v2\/product\/1729\/revisions\/16213"}],"wp:featuredmedia":[{"embeddable":true,"href":"https:\/\/long-join.com\/pt\/wp-json\/wp\/v2\/media\/3313"}],"wp:attachment":[{"href":"https:\/\/long-join.com\/pt\/wp-json\/wp\/v2\/media?parent=1729"}],"wp:term":[{"taxonomy":"product_brand","embeddable":true,"href":"https:\/\/long-join.com\/pt\/wp-json\/wp\/v2\/product_brand?post=1729"},{"taxonomy":"product_cat","embeddable":true,"href":"https:\/\/long-join.com\/pt\/wp-json\/wp\/v2\/product_cat?post=1729"},{"taxonomy":"product_tag","embeddable":true,"href":"https:\/\/long-join.com\/pt\/wp-json\/wp\/v2\/product_tag?post=1729"}],"curies":[{"name":"wp","href":"https:\/\/api.w.org\/{rel}","templated":true}]}}