{"id":1728,"date":"2023-10-10T18:24:28","date_gmt":"2023-10-10T10:24:28","guid":{"rendered":"https:\/\/long-join.com\/?post_type=product&#038;p=1728"},"modified":"2025-12-26T14:05:15","modified_gmt":"2025-12-26T06:05:15","slug":"saida-de-soquete-jl-710-zhaga-tensao-dc-24v-para-controlador-da-serie-zhaga","status":"publish","type":"product","link":"https:\/\/long-join.com\/pt\/product\/jl-710-zhaga-socket-output-dc-voltage-24v-for-zhaga-series-controller\/","title":{"rendered":"Sa\u00edda de soquete Zhaga JL-710 DC Voltagem 24V para controlador da s\u00e9rie Zhaga"},"content":{"rendered":"<p>This is Certificated zhaga book 18 JL-710 receptacles, it can help you to solve problem about AC switching DC. In other words, to reduce fit auxiliary power equipment cost, to best install 0-10V \/Dali zhaga controller and get steady working. on the other benefits, <span class=\"spark-text\">Se n\u00e3o precisar alterar o tamanho atual do furo do soquete NEMA, voc\u00ea pode usar o soquete JL-710 Zhaga para substituir o tamanho do furo de fixa\u00e7\u00e3o Zhaga. Dessa forma, voc\u00ea obt\u00e9m compatibilidade dupla com os padr\u00f5es NEMA e Zhaga.<\/span><\/p>\n<p>Recurso<\/p>\n<ol>\n<li>fios, voc\u00ea pode personalizar o comprimento.<\/li>\n<li>wires gauge: power #18AWG\/AWM1015, signal gauge #20AWG\/AWM1015.<\/li>\n<li>lavadora \u00e0 prova d&#039;\u00e1gua.<\/li>\n<li>Consumo de energia sem carga: &lt;0,12 W<\/li>\n<li>Faixa de tens\u00e3o nominal de entrada (m\u00e1x.): 85-305 VCA<\/li>\n<li>Tens\u00e3o de sa\u00edda CC: 24 V<\/li>\n<li>Recept\u00e1culo Zhaga e uma base com kits de domo dispon\u00edveis para atingir IP66<\/li>\n<\/ol>","protected":false},"excerpt":{"rendered":"<p>1. Modelo do produto: JL-710<br \/>\n2. Sa\u00edda de escurecimento: 0-10V<br \/>\n3. Faixa de tens\u00e3o de entrada nominal: 100-277 VCA<br \/>\n4. Tens\u00e3o de sa\u00edda: 24 VCC<br \/>\n5. Certificado: CE, UL, livro zhaga18<br \/>\n6. Material do corpo: PBT<\/p>","protected":false},"featured_media":2314,"template":"","meta":{"_acf_changed":false,"_seopress_robots_primary_cat":"none","_seopress_titles_title":"","_seopress_titles_desc":"","_seopress_robots_index":""},"product_brand":[],"product_cat":[28,35,29,49],"product_tag":[48],"class_list":{"0":"post-1728","1":"product","2":"type-product","3":"status-publish","4":"has-post-thumbnail","6":"product_cat-our-product","7":"product_cat-photocell-switch-fittings","8":"product_cat-zhaga-series","9":"product_cat-zhaga-socket","10":"product_tag-zhaga","12":"first","13":"instock","14":"shipping-taxable","15":"product-type-simple"},"acf":[],"_links":{"self":[{"href":"https:\/\/long-join.com\/pt\/wp-json\/wp\/v2\/product\/1728","targetHints":{"allow":["GET"]}}],"collection":[{"href":"https:\/\/long-join.com\/pt\/wp-json\/wp\/v2\/product"}],"about":[{"href":"https:\/\/long-join.com\/pt\/wp-json\/wp\/v2\/types\/product"}],"version-history":[{"count":7,"href":"https:\/\/long-join.com\/pt\/wp-json\/wp\/v2\/product\/1728\/revisions"}],"predecessor-version":[{"id":16650,"href":"https:\/\/long-join.com\/pt\/wp-json\/wp\/v2\/product\/1728\/revisions\/16650"}],"wp:featuredmedia":[{"embeddable":true,"href":"https:\/\/long-join.com\/pt\/wp-json\/wp\/v2\/media\/2314"}],"wp:attachment":[{"href":"https:\/\/long-join.com\/pt\/wp-json\/wp\/v2\/media?parent=1728"}],"wp:term":[{"taxonomy":"product_brand","embeddable":true,"href":"https:\/\/long-join.com\/pt\/wp-json\/wp\/v2\/product_brand?post=1728"},{"taxonomy":"product_cat","embeddable":true,"href":"https:\/\/long-join.com\/pt\/wp-json\/wp\/v2\/product_cat?post=1728"},{"taxonomy":"product_tag","embeddable":true,"href":"https:\/\/long-join.com\/pt\/wp-json\/wp\/v2\/product_tag?post=1728"}],"curies":[{"name":"wp","href":"https:\/\/api.w.org\/{rel}","templated":true}]}}