{"id":1727,"date":"2023-10-10T18:22:09","date_gmt":"2023-10-10T10:22:09","guid":{"rendered":"https:\/\/long-join.com\/?post_type=product&#038;p=1727"},"modified":"2025-02-07T17:47:59","modified_gmt":"2025-02-07T09:47:59","slug":"serie-base-zhaga-book18-e-tamanhos-diferentes","status":"publish","type":"product","link":"https:\/\/long-join.com\/pt\/product\/zhaga-book18-base-series-and-different-size\/","title":{"rendered":"S\u00e9rie Base zhaga book18 e Tamanhos Diferentes"},"content":{"rendered":"<p>Recurso<\/p>\n<ol>\n<li>interface padronizada Zhaga Book 18;<\/li>\n<li>montado em recept\u00e1culo zhaga de lumin\u00e1ria acima de 10 mm;<\/li>\n<li>Os kits zhaga atendem aos requisitos de design IP66;<\/li>\n<li>recept\u00e1culo zhaga e uma base com kits de domo dispon\u00edveis para atingir IP66.<\/li>\n<\/ol>","protected":false},"excerpt":{"rendered":"<p>1. Modelo do produto: s\u00e9rie base zhaga<br \/>\n2. Di\u00e2metro da base: 43,5 mm, 63,2 mm, 75,3 mm<br \/>\n3. Certificado: UE zhaga, CE<br \/>\n4. Padr\u00e3o de conformidade: zhaga book18<\/p>\n<p>Derrote o m\u00f3dulo de interface abaixo:<br \/>\n1-JL-700 soquete zhaga<br \/>\n2-JL-700 K4,K5 soquete zhaga com placa e arruela<br \/>\n3-JL-700w<br \/>\n4-Al\u00e9m das bases acima, voc\u00ea tem a flexibilidade de escolher entre v\u00e1rios outros estilos e op\u00e7\u00f5es especiais de uso utilizando o m\u00f3dulo de design.<\/p>","protected":false},"featured_media":2415,"template":"","meta":{"_acf_changed":false,"_seopress_robots_primary_cat":"none","_seopress_titles_title":"","_seopress_titles_desc":"","_seopress_robots_index":""},"product_brand":[],"product_cat":[28,35,51,29],"product_tag":[48],"class_list":{"0":"post-1727","1":"product","2":"type-product","3":"status-publish","4":"has-post-thumbnail","6":"product_cat-our-product","7":"product_cat-photocell-switch-fittings","8":"product_cat-zhaga-accessory","9":"product_cat-zhaga-series","10":"product_tag-zhaga","12":"first","13":"instock","14":"shipping-taxable","15":"product-type-simple"},"acf":[],"_links":{"self":[{"href":"https:\/\/long-join.com\/pt\/wp-json\/wp\/v2\/product\/1727","targetHints":{"allow":["GET"]}}],"collection":[{"href":"https:\/\/long-join.com\/pt\/wp-json\/wp\/v2\/product"}],"about":[{"href":"https:\/\/long-join.com\/pt\/wp-json\/wp\/v2\/types\/product"}],"version-history":[{"count":2,"href":"https:\/\/long-join.com\/pt\/wp-json\/wp\/v2\/product\/1727\/revisions"}],"predecessor-version":[{"id":11464,"href":"https:\/\/long-join.com\/pt\/wp-json\/wp\/v2\/product\/1727\/revisions\/11464"}],"wp:featuredmedia":[{"embeddable":true,"href":"https:\/\/long-join.com\/pt\/wp-json\/wp\/v2\/media\/2415"}],"wp:attachment":[{"href":"https:\/\/long-join.com\/pt\/wp-json\/wp\/v2\/media?parent=1727"}],"wp:term":[{"taxonomy":"product_brand","embeddable":true,"href":"https:\/\/long-join.com\/pt\/wp-json\/wp\/v2\/product_brand?post=1727"},{"taxonomy":"product_cat","embeddable":true,"href":"https:\/\/long-join.com\/pt\/wp-json\/wp\/v2\/product_cat?post=1727"},{"taxonomy":"product_tag","embeddable":true,"href":"https:\/\/long-join.com\/pt\/wp-json\/wp\/v2\/product_tag?post=1727"}],"curies":[{"name":"wp","href":"https:\/\/api.w.org\/{rel}","templated":true}]}}