{"id":1716,"date":"2023-10-10T18:11:46","date_gmt":"2023-10-10T10:11:46","guid":{"rendered":"https:\/\/long-join.com\/?post_type=product&#038;p=1716"},"modified":"2025-02-10T17:31:35","modified_gmt":"2025-02-10T09:31:35","slug":"controlador-de-sensor-de-movimento-de-micro-ondas-zhaga-book18-jl-712a3","status":"publish","type":"product","link":"https:\/\/long-join.com\/pt\/product\/zhaga-book18-microwave-motion-sensor-controller-jl-712a3\/","title":{"rendered":"Controlador de sensor de movimento de micro-ondas Zhaga Book18 JL-712A3"},"content":{"rendered":"<p>Os produtos controladores de luz JL-712A3 s\u00e3o controladores de luz com trava girat\u00f3ria inteligentes desenvolvidos com base no padr\u00e3o de interface ZHAGA BOOK18. Adota sensor de luz e sensor combinado m\u00f3vel de micro-ondas, que pode emitir sinal de escurecimento de 0 a 10 V.<\/p>\n<blockquote><p>al\u00e9m disso, h\u00e1 caracter\u00edsticas mais significativas:<\/p><\/blockquote>\n<blockquote><p>1-Tens\u00e3o nominal: fonte de alimenta\u00e7\u00e3o 12-24 V DC<\/p><\/blockquote>\n<blockquote><p>2-design anti-disparo falso da fonte de luz de interfer\u00eancia e desligamento do alcance pelo design de compensa\u00e7\u00e3o de luz refletida das l\u00e2mpadas<\/p><\/blockquote>\n<blockquote><p>3-voc\u00ea quer conduta de especifica\u00e7\u00e3o, ent\u00e3o leia as instru\u00e7\u00f5es do guia do sensor zhaga JL-712A3.<\/p><\/blockquote>","protected":false},"excerpt":{"rendered":"<p>1. Modelo do produto: JL-712A3<br \/>\n2. Sa\u00edda de escurecimento: 0-10V<br \/>\n3. Certificado: CE, RoHS<br \/>\n4. Padr\u00e3o de conformidade: zhaga book18<br \/>\n5. Tipo de sensor: sensor \u00f3ptico + movimento de micro-ondas<br \/>\n6. Recept\u00e1culo zhaga e uma base com kits de c\u00fapula dispon\u00edveis para atingir IP66<\/p>","protected":false},"featured_media":2428,"template":"","meta":{"_acf_changed":false,"_seopress_robots_primary_cat":"none","_seopress_titles_title":"","_seopress_titles_desc":"","_seopress_robots_index":""},"product_brand":[],"product_cat":[28,50,29],"product_tag":[48],"class_list":{"0":"post-1716","1":"product","2":"type-product","3":"status-publish","4":"has-post-thumbnail","6":"product_cat-our-product","7":"product_cat-zhaga-sensor","8":"product_cat-zhaga-series","9":"product_tag-zhaga","11":"first","12":"instock","13":"shipping-taxable","14":"product-type-simple"},"acf":[],"_links":{"self":[{"href":"https:\/\/long-join.com\/pt\/wp-json\/wp\/v2\/product\/1716","targetHints":{"allow":["GET"]}}],"collection":[{"href":"https:\/\/long-join.com\/pt\/wp-json\/wp\/v2\/product"}],"about":[{"href":"https:\/\/long-join.com\/pt\/wp-json\/wp\/v2\/types\/product"}],"version-history":[{"count":5,"href":"https:\/\/long-join.com\/pt\/wp-json\/wp\/v2\/product\/1716\/revisions"}],"predecessor-version":[{"id":11487,"href":"https:\/\/long-join.com\/pt\/wp-json\/wp\/v2\/product\/1716\/revisions\/11487"}],"wp:featuredmedia":[{"embeddable":true,"href":"https:\/\/long-join.com\/pt\/wp-json\/wp\/v2\/media\/2428"}],"wp:attachment":[{"href":"https:\/\/long-join.com\/pt\/wp-json\/wp\/v2\/media?parent=1716"}],"wp:term":[{"taxonomy":"product_brand","embeddable":true,"href":"https:\/\/long-join.com\/pt\/wp-json\/wp\/v2\/product_brand?post=1716"},{"taxonomy":"product_cat","embeddable":true,"href":"https:\/\/long-join.com\/pt\/wp-json\/wp\/v2\/product_cat?post=1716"},{"taxonomy":"product_tag","embeddable":true,"href":"https:\/\/long-join.com\/pt\/wp-json\/wp\/v2\/product_tag?post=1716"}],"curies":[{"name":"wp","href":"https:\/\/api.w.org\/{rel}","templated":true}]}}