{"id":1683,"date":"2023-10-10T16:14:26","date_gmt":"2023-10-10T08:14:26","guid":{"rendered":"https:\/\/long-join.com\/?post_type=product&#038;p=1683"},"modified":"2024-03-11T18:14:19","modified_gmt":"2024-03-11T10:14:19","slug":"versao-aprimorada-receptaculo-de-fotocontrole-jl-240fxa","status":"publish","type":"product","link":"https:\/\/long-join.com\/pt\/product\/enhance-version-photocontrol-receptacle-jl-240fxa\/","title":{"rendered":"Vers\u00e3o aprimorada do recept\u00e1culo de fotocontrole JL-240FXA"},"content":{"rendered":"<blockquote><p>Todos os recept\u00e1culos de fotocontrole da s\u00e9rie JL-240F foram projetados para lanternas que possuem um recept\u00e1culo ANSI C136.10 para a instala\u00e7\u00e3o de um fotocontrole com trava girat\u00f3ria. Esta s\u00e9rie est\u00e1 em conformidade com a rec\u00e9m-publicada norma ANSI C136.41, permitindo o controle m\u00faltiplo de uma l\u00e2mpada LED atrav\u00e9s do recept\u00e1culo.<\/p><\/blockquote>\n<blockquote><p>Esta s\u00e9rie oferece 2 ou 4 almofadas de baixa voltagem banhadas a ouro na superf\u00edcie superior para adapta\u00e7\u00e3o ao fotocontrole, que possui contatos de mola em conformidade com a norma ANSI C136.41, e oferece 2 ou 4 cabos de fia\u00e7\u00e3o na parte traseira para conex\u00e3o de sinal.<\/p><\/blockquote>\n<blockquote><p>Especialmente, o JL-240F oferece an\u00e9is de veda\u00e7\u00e3o para furos de parafusos, selados interna e externamente com cola de silicone, para proporcionar um recurso extremamente \u00e0 prova d&#039;\u00e1gua.<\/p><\/blockquote>","protected":false},"excerpt":{"rendered":"<p>1. Modelo do produto: JL-240FXA<br \/>\n2. Tens\u00e3o nominal: 0-480 VCA<br \/>\n3. Classifica\u00e7\u00e3o de inflamabilidade: UL94-0<br \/>\n4. Classifica\u00e7\u00e3o IP: IP66<br \/>\n5. Material: Capa PBT e estabilizador UV<br \/>\n6. Padr\u00e3o compat\u00edvel: ANSI C136.41, CE, ROHS, UL<\/p>","protected":false},"featured_media":2626,"template":"","meta":{"_acf_changed":false,"_seopress_robots_primary_cat":"none","_seopress_titles_title":"","_seopress_titles_desc":"","_seopress_robots_index":""},"product_brand":[],"product_cat":[56,31,28],"product_tag":[],"class_list":{"0":"post-1683","1":"product","2":"type-product","3":"status-publish","4":"has-post-thumbnail","6":"product_cat-nema-7-pin-receptacle","7":"product_cat-nema-standard-connector","8":"product_cat-our-product","10":"first","11":"instock","12":"shipping-taxable","13":"product-type-simple"},"acf":[],"_links":{"self":[{"href":"https:\/\/long-join.com\/pt\/wp-json\/wp\/v2\/product\/1683","targetHints":{"allow":["GET"]}}],"collection":[{"href":"https:\/\/long-join.com\/pt\/wp-json\/wp\/v2\/product"}],"about":[{"href":"https:\/\/long-join.com\/pt\/wp-json\/wp\/v2\/types\/product"}],"version-history":[{"count":0,"href":"https:\/\/long-join.com\/pt\/wp-json\/wp\/v2\/product\/1683\/revisions"}],"wp:featuredmedia":[{"embeddable":true,"href":"https:\/\/long-join.com\/pt\/wp-json\/wp\/v2\/media\/2626"}],"wp:attachment":[{"href":"https:\/\/long-join.com\/pt\/wp-json\/wp\/v2\/media?parent=1683"}],"wp:term":[{"taxonomy":"product_brand","embeddable":true,"href":"https:\/\/long-join.com\/pt\/wp-json\/wp\/v2\/product_brand?post=1683"},{"taxonomy":"product_cat","embeddable":true,"href":"https:\/\/long-join.com\/pt\/wp-json\/wp\/v2\/product_cat?post=1683"},{"taxonomy":"product_tag","embeddable":true,"href":"https:\/\/long-join.com\/pt\/wp-json\/wp\/v2\/product_tag?post=1683"}],"curies":[{"name":"wp","href":"https:\/\/api.w.org\/{rel}","templated":true}]}}