{"id":16686,"date":"2025-12-31T11:27:07","date_gmt":"2025-12-31T03:27:07","guid":{"rendered":"https:\/\/long-join.com\/?post_type=product&#038;p=16686"},"modified":"2026-03-31T18:26:59","modified_gmt":"2026-03-31T10:26:59","slug":"ip54-photocell-shorting-cap-jl-208","status":"publish","type":"product","link":"https:\/\/long-join.com\/pt\/product\/ip54-photocell-shorting-cap-jl-208\/","title":{"rendered":"IP54 Photocell Shorting Cap JL-208"},"content":{"rendered":"<blockquote><p>IP54 JL208 photocell shorting cap with base foam seal, and it is meet ANSI C136.10 standard.here this Dome cover pattern by our tech device had crafted. such as laser engraving,Screen Printing\uff0cin-module decoration. here can help you design logo colorful pattern to stand out mark your brand logo, so you have a patent leave some people.<\/p><\/blockquote>\n<blockquote><p>Recurso<\/p><\/blockquote>\n<ol>\n<li>Intend to replace twist lock 3 pin twist-lock photocell to troubleshoot problems or municipal street light maintenance, and future Smart lighting solutions make a good full plan.<\/li>\n<li>Trava girat\u00f3ria de f\u00e1cil manuten\u00e7\u00e3o (ANSI C136.10).<\/li>\n<li>Prote\u00e7\u00e3o IP54\/IP66 durante a instala\u00e7\u00e3o.<\/li>\n<li>Prote\u00e7\u00e3o contra surtos dispon\u00edvel (somente JL-208).<\/li>\n<li>Gabinete de policarbonato estabilizado contra raios UV.<\/li>\n<li>Base de polibutileno estabilizada contra raios UV.<\/li>\n<\/ol>","protected":false},"excerpt":{"rendered":"<p>1. Modelo do produto: JL-208-IP54<br \/>\n2. Tens\u00e3o nominal: 0-480 VCA<br \/>\n3. Prote\u00e7\u00e3o contra surtos: JL-208-15; JL-208-23<br \/>\n4. Classifica\u00e7\u00e3o IP: IP54<br \/>\n5. Padr\u00e3o de conformidade: CE, ROHS, UL<\/p>","protected":false},"featured_media":16691,"template":"","meta":{"_acf_changed":false,"_seopress_robots_primary_cat":"none","_seopress_titles_title":"","_seopress_titles_desc":"","_seopress_robots_index":""},"product_brand":[],"product_cat":[47],"product_tag":[],"class_list":{"0":"post-16686","1":"product","2":"type-product","3":"status-publish","4":"has-post-thumbnail","6":"product_cat-shorting-cap-and-opening-circuit-cap","8":"first","9":"instock","10":"shipping-taxable","11":"product-type-simple"},"acf":[],"_links":{"self":[{"href":"https:\/\/long-join.com\/pt\/wp-json\/wp\/v2\/product\/16686","targetHints":{"allow":["GET"]}}],"collection":[{"href":"https:\/\/long-join.com\/pt\/wp-json\/wp\/v2\/product"}],"about":[{"href":"https:\/\/long-join.com\/pt\/wp-json\/wp\/v2\/types\/product"}],"version-history":[{"count":3,"href":"https:\/\/long-join.com\/pt\/wp-json\/wp\/v2\/product\/16686\/revisions"}],"predecessor-version":[{"id":16853,"href":"https:\/\/long-join.com\/pt\/wp-json\/wp\/v2\/product\/16686\/revisions\/16853"}],"wp:featuredmedia":[{"embeddable":true,"href":"https:\/\/long-join.com\/pt\/wp-json\/wp\/v2\/media\/16691"}],"wp:attachment":[{"href":"https:\/\/long-join.com\/pt\/wp-json\/wp\/v2\/media?parent=16686"}],"wp:term":[{"taxonomy":"product_brand","embeddable":true,"href":"https:\/\/long-join.com\/pt\/wp-json\/wp\/v2\/product_brand?post=16686"},{"taxonomy":"product_cat","embeddable":true,"href":"https:\/\/long-join.com\/pt\/wp-json\/wp\/v2\/product_cat?post=16686"},{"taxonomy":"product_tag","embeddable":true,"href":"https:\/\/long-join.com\/pt\/wp-json\/wp\/v2\/product_tag?post=16686"}],"curies":[{"name":"wp","href":"https:\/\/api.w.org\/{rel}","templated":true}]}}