{"id":16450,"date":"2025-11-27T17:53:36","date_gmt":"2025-11-27T09:53:36","guid":{"rendered":"https:\/\/long-join.com\/?post_type=product&#038;p=16450"},"modified":"2025-11-27T18:20:51","modified_gmt":"2025-11-27T10:20:51","slug":"jl-742j-zhaga-sensor-base-diameter-75-3mm","status":"publish","type":"product","link":"https:\/\/long-join.com\/pt\/product\/jl-742j-zhaga-sensor-base-diameter-75-3mm\/","title":{"rendered":"JL-742J Zhaga Sensor Base Diameter 75.3mm"},"content":{"rendered":"<p>Recurso<\/p>\n<ol>\n<li style=\"list-style-type: none;\">\n<ol>\n<li>there are import different between JL-741J and JL-742J on this pin distnace, <a href=\"https:\/\/long-join.com\/pt\/product\/diametro-da-base-dos-conjuntos-zhaga-jl-741j-753-mm\/\" target=\"_blank\" rel=\"nofollow noopener\">you can look for JL741 zhaga assemblies kits here.<\/a><\/li>\n<li>montado em recept\u00e1culo zhaga de lumin\u00e1ria acima de 10 mm;<\/li>\n<li>recept\u00e1culo zhaga e uma base com kits de domo dispon\u00edveis para atingir IP66;<\/li>\n<li>supportable Customize your requirement. for instance cover color, cover height, cover dome shape, even in this is made from material type. and again design zhaga base plate area, but it has need to compliant book 18 standard.<\/li>\n<\/ol>\n<\/li>\n<\/ol>","protected":false},"excerpt":{"rendered":"<p>1. Product Model: JL-742J<br \/>\n2.Base Diameter: 75.3mm, and pin gap distance 12mm<br \/>\nCover Height: 50 or 30mm<br \/>\n3. Certificate: book18<\/p>\n<p>Derrote o m\u00f3dulo de interface abaixo:<br \/>\n1-JL-700 soquete zhaga<br \/>\n2-JL-700 K4,K5 soquete zhaga com placa e arruela<br \/>\n3-JL-700w<br \/>\n4-Al\u00e9m das bases acima, voc\u00ea tem a flexibilidade de escolher entre v\u00e1rios outros estilos e op\u00e7\u00f5es especiais de uso utilizando o m\u00f3dulo de design.<\/p>","protected":false},"featured_media":16453,"template":"","meta":{"_acf_changed":false,"_seopress_robots_primary_cat":"none","_seopress_titles_title":"","_seopress_titles_desc":"","_seopress_robots_index":""},"product_brand":[],"product_cat":[28,35,51,29],"product_tag":[48],"class_list":{"0":"post-16450","1":"product","2":"type-product","3":"status-publish","4":"has-post-thumbnail","6":"product_cat-our-product","7":"product_cat-photocell-switch-fittings","8":"product_cat-zhaga-accessory","9":"product_cat-zhaga-series","10":"product_tag-zhaga","12":"first","13":"instock","14":"shipping-taxable","15":"product-type-simple"},"acf":[],"_links":{"self":[{"href":"https:\/\/long-join.com\/pt\/wp-json\/wp\/v2\/product\/16450","targetHints":{"allow":["GET"]}}],"collection":[{"href":"https:\/\/long-join.com\/pt\/wp-json\/wp\/v2\/product"}],"about":[{"href":"https:\/\/long-join.com\/pt\/wp-json\/wp\/v2\/types\/product"}],"version-history":[{"count":1,"href":"https:\/\/long-join.com\/pt\/wp-json\/wp\/v2\/product\/16450\/revisions"}],"predecessor-version":[{"id":16457,"href":"https:\/\/long-join.com\/pt\/wp-json\/wp\/v2\/product\/16450\/revisions\/16457"}],"wp:featuredmedia":[{"embeddable":true,"href":"https:\/\/long-join.com\/pt\/wp-json\/wp\/v2\/media\/16453"}],"wp:attachment":[{"href":"https:\/\/long-join.com\/pt\/wp-json\/wp\/v2\/media?parent=16450"}],"wp:term":[{"taxonomy":"product_brand","embeddable":true,"href":"https:\/\/long-join.com\/pt\/wp-json\/wp\/v2\/product_brand?post=16450"},{"taxonomy":"product_cat","embeddable":true,"href":"https:\/\/long-join.com\/pt\/wp-json\/wp\/v2\/product_cat?post=16450"},{"taxonomy":"product_tag","embeddable":true,"href":"https:\/\/long-join.com\/pt\/wp-json\/wp\/v2\/product_tag?post=16450"}],"curies":[{"name":"wp","href":"https:\/\/api.w.org\/{rel}","templated":true}]}}