{"id":16164,"date":"2025-11-14T13:12:24","date_gmt":"2025-11-14T05:12:24","guid":{"rendered":"https:\/\/long-join.com\/?post_type=product&#038;p=16164"},"modified":"2025-12-25T15:35:00","modified_gmt":"2025-12-25T07:35:00","slug":"livro18-tubo-termorretratil-para-revestimento-de-cabos-jl-700l","status":"publish","type":"product","link":"https:\/\/long-join.com\/pt\/product\/book18-heat-shrink-tube-wrapping-cable-jl-700l\/","title":{"rendered":"Livro 18: Envolvimento de Cabos com Tubo Termoencolh\u00edvel JL-700L"},"content":{"rendered":"<blockquote><p>\u3010product text\u3011The JL-700L heat-shrinkable tube cable Zhaga socket is a high-performance, intelligent lighting connection module developed by longjoin based on the Zhaga Book 18 standard. Through the use of a heat-shrinkable tube to wrap the cable and high-efficiency silicone gaskets for sealing, the waterproof performance of the socket&#8217;s back end is enhanced to IP66 level. This makes it suitable for harsh environments such as coastal docks and areas with acid mist. It combines a small, compact structure with excellent mechanical strength and supports the standard wire gauge of 18\/20\/22 AWG. It can also withstand a high voltage of 600V to ensure electrical safety and stable signal transmission.<\/p><\/blockquote>\n<blockquote><p>\u3010Estrutura do produto\u3011O JL-700L possui um corpo de tomada com um slot para cart\u00e3o e \u00e9 equipado com uma tampa Zhaga e uma junta de silicone de alta elasticidade para garantir a veda\u00e7\u00e3o da tomada. O tubo termorretr\u00e1til, que envolve o conector do cabo, impede eficazmente a entrada de vapor de \u00e1gua e poeira. O cabo atende \u00e0 especifica\u00e7\u00e3o AWM 1015, garantindo uma tens\u00e3o nominal de 105\u00b0C e 600V para uso externo est\u00e1vel por um longo per\u00edodo de tempo.<\/p><\/blockquote>\n<blockquote><p>Outros acess\u00f3rios incluem uma porca de pl\u00e1stico resistente que funciona com a cabe\u00e7a sextavada roscada e um anel de seguran\u00e7a para garantir uma conex\u00e3o firme, evitar afrouxamento e manter o desempenho em ambientes externos complexos.<\/p><\/blockquote>\n<blockquote><p>A tomada \u00e9 f\u00e1cil de instalar e vem equipada com juntas de silicone e an\u00e9is de reten\u00e7\u00e3o (um anel de fixa\u00e7\u00e3o). Recomenda-se que o torque ap\u00f3s a conex\u00e3o n\u00e3o seja inferior a 2,5 Nm para evitar que as juntas se deformem e garantir a veda\u00e7\u00e3o adequada.<\/p><\/blockquote>\n<blockquote><p><strong>O tubo termorretr\u00e1til JL-700L para cabos e tomadas Zhaga oferece uma solu\u00e7\u00e3o simples para a instala\u00e7\u00e3o.<\/strong><\/p><\/blockquote>\n<blockquote><p>Durante a instala\u00e7\u00e3o, primeiro fixe a junta de silicone \u00e0 prova d&#039;\u00e1gua na rosca do soquete, certificando-se de que o lado plano da junta esteja alinhado com os parafusos do soquete. Em seguida, fixe o soquete firmemente na superf\u00edcie da l\u00e2mpada. Depois, insira o anel de fixa\u00e7\u00e3o na rosca do soquete, de modo que fique bem encaixado contra a superf\u00edcie da l\u00e2mpada. Por fim, instale a porca de zinco e aperte-a com um torque superior a 2,5 N\u00b7m para evitar que a junta enrugue. O tubo termorretr\u00e1til melhora a veda\u00e7\u00e3o na jun\u00e7\u00e3o do cabo, impedindo eficazmente a entrada de umidade e prolongando a vida \u00fatil.<\/p><\/blockquote>\n<blockquote><p>1. Fixe a junta \u00e0 prova d&#039;\u00e1gua ao soquete, com a porta plana da junta \u00e0 prova d&#039;\u00e1gua voltada para a porta plana do parafuso do soquete, com a face #1 da junta voltada para o soquete, conforme mostrado na figura abaixo.<\/p><\/blockquote>\n<p><img fetchpriority=\"high\" decoding=\"async\" class=\"alignnone wp-image-16179\" src=\"http:\/\/long-join.com\/wp-content\/uploads\/2025\/11\/zhaga-parts01.jpg\" alt=\"zhaga pe\u00e7as01\" width=\"734\" height=\"459\" srcset=\"https:\/\/long-join.com\/wp-content\/uploads\/2025\/11\/zhaga-parts01.jpg 800w, https:\/\/long-join.com\/wp-content\/uploads\/2025\/11\/zhaga-parts01-300x188.jpg 300w, https:\/\/long-join.com\/wp-content\/uploads\/2025\/11\/zhaga-parts01-768x480.jpg 768w, https:\/\/long-join.com\/wp-content\/uploads\/2025\/11\/zhaga-parts01-18x12.jpg 18w, https:\/\/long-join.com\/wp-content\/uploads\/2025\/11\/zhaga-parts01-600x375.jpg 600w\" sizes=\"(max-width: 734px) 100vw, 734px\" \/><\/p>\n<blockquote><p>2. Fixe o soquete \u00e0 lumin\u00e1ria, com a face da junta aderida \u00e0 parede da l\u00e2mpada, conforme mostrado na figura abaixo.<\/p><\/blockquote>\n<p><img decoding=\"async\" class=\"wp-image-16166 alignnone\" src=\"http:\/\/long-join.com\/wp-content\/uploads\/2025\/11\/JL-700L-wiring-02-300x160.jpg\" alt=\"Diagrama de fia\u00e7\u00e3o JL-700L 02\" width=\"300\" height=\"160\" srcset=\"https:\/\/long-join.com\/wp-content\/uploads\/2025\/11\/JL-700L-wiring-02-300x160.jpg 300w, https:\/\/long-join.com\/wp-content\/uploads\/2025\/11\/JL-700L-wiring-02-18x10.jpg 18w, https:\/\/long-join.com\/wp-content\/uploads\/2025\/11\/JL-700L-wiring-02-600x320.jpg 600w, https:\/\/long-join.com\/wp-content\/uploads\/2025\/11\/JL-700L-wiring-02.jpg 702w\" sizes=\"(max-width: 300px) 100vw, 300px\" \/><\/p>\n<blockquote><p>3. Coloque o anel de reten\u00e7\u00e3o no parafuso do soquete. O anel de reten\u00e7\u00e3o #2 deve ser fixado na parede da l\u00e2mpada, conforme mostrado na figura abaixo.<\/p><\/blockquote>\n<p><img decoding=\"async\" class=\"alignnone wp-image-16167 size-full\" src=\"http:\/\/long-join.com\/wp-content\/uploads\/2025\/11\/JL-700L-wiring-03.jpg\" alt=\"Diagrama de fia\u00e7\u00e3o JL-700L 03\" width=\"702\" height=\"274\" srcset=\"https:\/\/long-join.com\/wp-content\/uploads\/2025\/11\/JL-700L-wiring-03.jpg 702w, https:\/\/long-join.com\/wp-content\/uploads\/2025\/11\/JL-700L-wiring-03-300x117.jpg 300w, https:\/\/long-join.com\/wp-content\/uploads\/2025\/11\/JL-700L-wiring-03-18x7.jpg 18w, https:\/\/long-join.com\/wp-content\/uploads\/2025\/11\/JL-700L-wiring-03-600x234.jpg 600w\" sizes=\"(max-width: 702px) 100vw, 702px\" \/><\/p>\n<blockquote><p>4. Abaixo, instale a porca e a trava, com torque de travamento superior a 2,5 Nm, conforme mostrado na figura.<\/p><\/blockquote>\n<p><img loading=\"lazy\" decoding=\"async\" class=\"size-medium wp-image-16171 alignnone\" src=\"http:\/\/long-join.com\/wp-content\/uploads\/2025\/11\/JL-700Lshrink-tube03-300x300.jpg\" alt=\"\" width=\"300\" height=\"300\" srcset=\"https:\/\/long-join.com\/wp-content\/uploads\/2025\/11\/JL-700Lshrink-tube03-300x300.jpg 300w, https:\/\/long-join.com\/wp-content\/uploads\/2025\/11\/JL-700Lshrink-tube03-150x150.jpg 150w, https:\/\/long-join.com\/wp-content\/uploads\/2025\/11\/JL-700Lshrink-tube03-12x12.jpg 12w, https:\/\/long-join.com\/wp-content\/uploads\/2025\/11\/JL-700Lshrink-tube03-600x600.jpg 600w, https:\/\/long-join.com\/wp-content\/uploads\/2025\/11\/JL-700Lshrink-tube03-100x100.jpg 100w, https:\/\/long-join.com\/wp-content\/uploads\/2025\/11\/JL-700Lshrink-tube03.jpg 650w\" sizes=\"(max-width: 300px) 100vw, 300px\" \/><\/p>","protected":false},"excerpt":{"rendered":"<p>Esta \u00e9 uma vers\u00e3o atualizada do JL-700L com cabo revestido com tubo termorretr\u00e1til. Al\u00e9m disso, um tubo termorretr\u00e1til opcional de 10 a 20 cm de comprimento pode ser utilizado para envolver a \u00e1rea desde o terminal traseiro do conector at\u00e9 o fio do cabo.<\/p>\n<p>-Porta 1: 24 VCC<br \/>\n\u2013 Porta 2: DALI\u2013\/GND<br \/>\n\u2013 Porta 3: DALI+<br \/>\n\u2013 Porta 4: reservel\/O<\/p>","protected":false},"featured_media":16169,"template":"","meta":{"_acf_changed":false,"_seopress_robots_primary_cat":"none","_seopress_titles_title":"","_seopress_titles_desc":"","_seopress_robots_index":""},"product_brand":[],"product_cat":[28,35,29,49],"product_tag":[48,54],"class_list":{"0":"post-16164","1":"product","2":"type-product","3":"status-publish","4":"has-post-thumbnail","6":"product_cat-our-product","7":"product_cat-photocell-switch-fittings","8":"product_cat-zhaga-series","9":"product_cat-zhaga-socket","10":"product_tag-zhaga","11":"product_tag-zhaga-socket","13":"first","14":"instock","15":"shipping-taxable","16":"product-type-simple"},"acf":[],"_links":{"self":[{"href":"https:\/\/long-join.com\/pt\/wp-json\/wp\/v2\/product\/16164","targetHints":{"allow":["GET"]}}],"collection":[{"href":"https:\/\/long-join.com\/pt\/wp-json\/wp\/v2\/product"}],"about":[{"href":"https:\/\/long-join.com\/pt\/wp-json\/wp\/v2\/types\/product"}],"version-history":[{"count":11,"href":"https:\/\/long-join.com\/pt\/wp-json\/wp\/v2\/product\/16164\/revisions"}],"predecessor-version":[{"id":16178,"href":"https:\/\/long-join.com\/pt\/wp-json\/wp\/v2\/product\/16164\/revisions\/16178"}],"wp:featuredmedia":[{"embeddable":true,"href":"https:\/\/long-join.com\/pt\/wp-json\/wp\/v2\/media\/16169"}],"wp:attachment":[{"href":"https:\/\/long-join.com\/pt\/wp-json\/wp\/v2\/media?parent=16164"}],"wp:term":[{"taxonomy":"product_brand","embeddable":true,"href":"https:\/\/long-join.com\/pt\/wp-json\/wp\/v2\/product_brand?post=16164"},{"taxonomy":"product_cat","embeddable":true,"href":"https:\/\/long-join.com\/pt\/wp-json\/wp\/v2\/product_cat?post=16164"},{"taxonomy":"product_tag","embeddable":true,"href":"https:\/\/long-join.com\/pt\/wp-json\/wp\/v2\/product_tag?post=16164"}],"curies":[{"name":"wp","href":"https:\/\/api.w.org\/{rel}","templated":true}]}}