{"id":16114,"date":"2025-11-06T13:13:15","date_gmt":"2025-11-06T05:13:15","guid":{"rendered":"https:\/\/long-join.com\/?post_type=product&#038;p=16114"},"modified":"2025-11-06T14:02:35","modified_gmt":"2025-11-06T06:02:35","slug":"controlador-zhaga-com-modo-pir-sensor-de-luz-e-dimerizacao-dali-jl-723a1h","status":"publish","type":"product","link":"https:\/\/long-join.com\/pt\/product\/zhaga-controller-pir-mode-light-sensing-dali-dimming-jl-723a1h\/","title":{"rendered":"Controlador Zhaga com modo PIR, sensor de luz e dimeriza\u00e7\u00e3o DALI JL-723A1H"},"content":{"rendered":"<blockquote><p>O JL-723A1H possui DALI 2.0 com modo de dimeriza\u00e7\u00e3o e sensor de luz PIR + luminosidade. Voc\u00ea pode ajustar o n\u00edvel de brilho ou detectar mudan\u00e7as no valor de lux atrav\u00e9s do nosso controle remoto infravermelho (modo com tela, modelo com teclado). Naturalmente, h\u00e1 uma grande diferen\u00e7a entre os controles Zhaga JL722A1H e JL723A1H em rela\u00e7\u00e3o \u00e0s opera\u00e7\u00f5es de ativa\u00e7\u00e3o autom\u00e1tica: um utiliza micro-ondas e o outro, infravermelho passivo. No entanto, ambos podem atingir perfeitamente seus objetivos predefinidos. Al\u00e9m disso, ambos possuem o mesmo processo de ajuste de brilho, como os seguintes n\u00edveis: brilho baixo - brilho m\u00e1ximo - manter o brilho por 30 segundos (100%) - e ent\u00e3o retornar ao n\u00edvel de brilho anterior (brilho baixo).<\/p><\/blockquote>\n<blockquote><p>Para resolver seus quebra-cabe\u00e7as:<\/p><\/blockquote>\n<blockquote><p>O pre\u00e7o do modelo 1-722A1H \u00e9 inferior ao do modelo JL-722A2H;<\/p><\/blockquote>\n<blockquote><p>Raio de detec\u00e7\u00e3o do modelo 2-722A1H: 6-9 m, altura de montagem: 12 m<\/p><\/blockquote>\n<blockquote><p>Parte 1: Demonstra\u00e7\u00e3o de uma parte da fun\u00e7\u00e3o e como trabalhar em ambientes internos<\/p><\/blockquote>\n<p><img fetchpriority=\"high\" decoding=\"async\" class=\"wp-image-8951 size-full\" src=\"http:\/\/long-join.com\/wp-content\/uploads\/2024\/08\/zhaga-control-with-trigger.jpg\" alt=\"controle zhaga com gatilho\" width=\"758\" height=\"235\" srcset=\"https:\/\/long-join.com\/wp-content\/uploads\/2024\/08\/zhaga-control-with-trigger.jpg 758w, https:\/\/long-join.com\/wp-content\/uploads\/2024\/08\/zhaga-control-with-trigger-300x93.jpg 300w, https:\/\/long-join.com\/wp-content\/uploads\/2024\/08\/zhaga-control-with-trigger-600x186.jpg 600w\" sizes=\"(max-width: 758px) 100vw, 758px\" \/><\/p>","protected":false},"excerpt":{"rendered":"<p>1. Modelo do produto: JL-723A1H<br \/>\n2. Sa\u00edda de escurecimento: DALI2.0<br \/>\n3. Padr\u00e3o em conformidade: zhaga book18<br \/>\n4. Tipo de sensor: Sensibilidade \u00e0 luz + PIR<br \/>\n5. Controle remoto infravermelho para configurar diferentes par\u00e2metros.<br \/>\n6. Sensor fotossens\u00edvel com filtro de luz vis\u00edvel<\/p>","protected":false},"featured_media":16119,"template":"","meta":{"_acf_changed":false,"_seopress_robots_primary_cat":"none","_seopress_titles_title":"","_seopress_titles_desc":"","_seopress_robots_index":""},"product_brand":[],"product_cat":[28,50,29],"product_tag":[],"class_list":{"0":"post-16114","1":"product","2":"type-product","3":"status-publish","4":"has-post-thumbnail","6":"product_cat-our-product","7":"product_cat-zhaga-sensor","8":"product_cat-zhaga-series","10":"first","11":"instock","12":"shipping-taxable","13":"product-type-simple"},"acf":[],"_links":{"self":[{"href":"https:\/\/long-join.com\/pt\/wp-json\/wp\/v2\/product\/16114","targetHints":{"allow":["GET"]}}],"collection":[{"href":"https:\/\/long-join.com\/pt\/wp-json\/wp\/v2\/product"}],"about":[{"href":"https:\/\/long-join.com\/pt\/wp-json\/wp\/v2\/types\/product"}],"version-history":[{"count":1,"href":"https:\/\/long-join.com\/pt\/wp-json\/wp\/v2\/product\/16114\/revisions"}],"predecessor-version":[{"id":16121,"href":"https:\/\/long-join.com\/pt\/wp-json\/wp\/v2\/product\/16114\/revisions\/16121"}],"wp:featuredmedia":[{"embeddable":true,"href":"https:\/\/long-join.com\/pt\/wp-json\/wp\/v2\/media\/16119"}],"wp:attachment":[{"href":"https:\/\/long-join.com\/pt\/wp-json\/wp\/v2\/media?parent=16114"}],"wp:term":[{"taxonomy":"product_brand","embeddable":true,"href":"https:\/\/long-join.com\/pt\/wp-json\/wp\/v2\/product_brand?post=16114"},{"taxonomy":"product_cat","embeddable":true,"href":"https:\/\/long-join.com\/pt\/wp-json\/wp\/v2\/product_cat?post=16114"},{"taxonomy":"product_tag","embeddable":true,"href":"https:\/\/long-join.com\/pt\/wp-json\/wp\/v2\/product_tag?post=16114"}],"curies":[{"name":"wp","href":"https:\/\/api.w.org\/{rel}","templated":true}]}}