{"id":16090,"date":"2025-11-05T18:26:15","date_gmt":"2025-11-05T10:26:15","guid":{"rendered":"https:\/\/long-join.com\/?post_type=product&#038;p=16090"},"modified":"2025-11-06T11:27:01","modified_gmt":"2025-11-06T03:27:01","slug":"controlador-zhaga-dali2-0-gatilho-de-movimento-de-micro-ondas-iluminacao-ativa-jl-722a1h","status":"publish","type":"product","link":"https:\/\/long-join.com\/pt\/product\/zhaga-controller-dali2-0-microwave-motion-triggle-active-lighting-jl-722a1h\/","title":{"rendered":"Controlador Zhaga DALi2.0 com sensor de movimento e acionamento por micro-ondas para ilumina\u00e7\u00e3o ativa JL-722A1H"},"content":{"rendered":"<blockquote><p>O controlador JL-722A1H DALI2.0 possui modos de dimeriza\u00e7\u00e3o, micro-ondas e detec\u00e7\u00e3o de luz. O ajuste do n\u00edvel de brilho pode ser feito definindo diferentes par\u00e2metros ou modos de brilho predefinidos. O controlador JL722A1H da Zhaga possui um desempenho semelhante ao do JL722A2H em termos de n\u00edveis de brilho, como: brilho baixo - brilho m\u00e1ximo - manter o brilho por 30 segundos (100%) - e retornar ao n\u00edvel de brilho predefinido (brilho baixo).<\/p><\/blockquote>\n<blockquote><p>Para resolver seus quebra-cabe\u00e7as:<\/p><\/blockquote>\n<blockquote><p>O pre\u00e7o do modelo 1-722A1H \u00e9 inferior ao do modelo JL-722A2H;<\/p><\/blockquote>\n<blockquote><p>Raio de detec\u00e7\u00e3o do modelo 2-722A1H: 6-9 m, altura de montagem: 12 m<\/p><\/blockquote>\n<blockquote><p>Parte 1: Demonstra\u00e7\u00e3o de uma parte da fun\u00e7\u00e3o e como trabalhar em ambientes internos<\/p><\/blockquote>\n<p><img fetchpriority=\"high\" decoding=\"async\" class=\"wp-image-8951 size-full\" src=\"http:\/\/long-join.com\/wp-content\/uploads\/2024\/08\/zhaga-control-with-trigger.jpg\" alt=\"controle zhaga com gatilho\" width=\"758\" height=\"235\" srcset=\"https:\/\/long-join.com\/wp-content\/uploads\/2024\/08\/zhaga-control-with-trigger.jpg 758w, https:\/\/long-join.com\/wp-content\/uploads\/2024\/08\/zhaga-control-with-trigger-300x93.jpg 300w, https:\/\/long-join.com\/wp-content\/uploads\/2024\/08\/zhaga-control-with-trigger-600x186.jpg 600w\" sizes=\"(max-width: 758px) 100vw, 758px\" \/><\/p>","protected":false},"excerpt":{"rendered":"<p>1. Modelo do produto: JL-722A1H<br \/>\n2. Sa\u00edda de escurecimento: DALI2.0<br \/>\n3. Padr\u00e3o em conformidade: zhaga book18<br \/>\n4. Tipo de sensor: Sensibilidade \u00e0 luz + micro-ondas<br \/>\n5. Controle remoto infravermelho para configurar diferentes par\u00e2metros.<br \/>\n6. Sensor fotossens\u00edvel com filtro de luz vis\u00edvel<\/p>","protected":false},"featured_media":16093,"template":"","meta":{"_acf_changed":false,"_seopress_robots_primary_cat":"none","_seopress_titles_title":"","_seopress_titles_desc":"","_seopress_robots_index":""},"product_brand":[],"product_cat":[28,50,29],"product_tag":[],"class_list":{"0":"post-16090","1":"product","2":"type-product","3":"status-publish","4":"has-post-thumbnail","6":"product_cat-our-product","7":"product_cat-zhaga-sensor","8":"product_cat-zhaga-series","10":"first","11":"instock","12":"shipping-taxable","13":"product-type-simple"},"acf":[],"_links":{"self":[{"href":"https:\/\/long-join.com\/pt\/wp-json\/wp\/v2\/product\/16090","targetHints":{"allow":["GET"]}}],"collection":[{"href":"https:\/\/long-join.com\/pt\/wp-json\/wp\/v2\/product"}],"about":[{"href":"https:\/\/long-join.com\/pt\/wp-json\/wp\/v2\/types\/product"}],"version-history":[{"count":6,"href":"https:\/\/long-join.com\/pt\/wp-json\/wp\/v2\/product\/16090\/revisions"}],"predecessor-version":[{"id":16113,"href":"https:\/\/long-join.com\/pt\/wp-json\/wp\/v2\/product\/16090\/revisions\/16113"}],"wp:featuredmedia":[{"embeddable":true,"href":"https:\/\/long-join.com\/pt\/wp-json\/wp\/v2\/media\/16093"}],"wp:attachment":[{"href":"https:\/\/long-join.com\/pt\/wp-json\/wp\/v2\/media?parent=16090"}],"wp:term":[{"taxonomy":"product_brand","embeddable":true,"href":"https:\/\/long-join.com\/pt\/wp-json\/wp\/v2\/product_brand?post=16090"},{"taxonomy":"product_cat","embeddable":true,"href":"https:\/\/long-join.com\/pt\/wp-json\/wp\/v2\/product_cat?post=16090"},{"taxonomy":"product_tag","embeddable":true,"href":"https:\/\/long-join.com\/pt\/wp-json\/wp\/v2\/product_tag?post=16090"}],"curies":[{"name":"wp","href":"https:\/\/api.w.org\/{rel}","templated":true}]}}