{"id":16073,"date":"2025-11-05T14:31:13","date_gmt":"2025-11-05T06:31:13","guid":{"rendered":"https:\/\/long-join.com\/?post_type=product&#038;p=16073"},"modified":"2025-11-05T15:34:16","modified_gmt":"2025-11-05T07:34:16","slug":"tomada-de-derivacao-de-energia-tipo-nema-jl-250p","status":"publish","type":"product","link":"https:\/\/long-join.com\/pt\/product\/jl-250p-nema-type-power-tap-receptacle\/","title":{"rendered":"Tomada de deriva\u00e7\u00e3o de energia tipo NEMA JL-250P"},"content":{"rendered":"<blockquote><p>O JL-250P \u00e9 um adaptador de expans\u00e3o de energia inovador para postes de ilumina\u00e7\u00e3o p\u00fablica, que permite o acesso f\u00e1cil \u00e0 fonte de alimenta\u00e7\u00e3o para equipamentos auxiliares no poste. Ele se conecta diretamente \u00e0 linha de alimenta\u00e7\u00e3o da lumin\u00e1ria, entre o controlador de luz e o recept\u00e1culo de trava girat\u00f3ria do fotoc\u00e9lula, sem interferir no funcionamento normal do controlador.<\/p><\/blockquote>\n<blockquote><p>O JL250P suporta interface padr\u00e3o ANSI C136.41 de 7 pinos, incluindo conector de alimenta\u00e7\u00e3o de 3 pinos e linha de sinal de 4 pinos, adequado para instala\u00e7\u00e3o em qualquer tomada NEMA padr\u00e3o.<\/p><\/blockquote>\n<blockquote><p>Nossos produtos n\u00e3o apenas fornecem energia cont\u00ednua para equipamentos como c\u00e2meras inteligentes, sensores e m\u00f3dulos de comunica\u00e7\u00e3o, como tamb\u00e9m oferecem solu\u00e7\u00f5es de alimenta\u00e7\u00e3o baseadas em interruptores de ilumina\u00e7\u00e3o p\u00fablica, proporcionando op\u00e7\u00f5es flex\u00edveis para atender \u00e0s necessidades de diferentes dispositivos el\u00e9tricos. Alguns modelos tamb\u00e9m s\u00e3o equipados com interfaces de transmiss\u00e3o de sinal para facilitar a integra\u00e7\u00e3o de sistemas de IoT para cidades inteligentes e o feedback de dados, enquanto o JL-250P aprimora a efici\u00eancia do layout de dispositivos inteligentes externos e possibilita a moderniza\u00e7\u00e3o da ilumina\u00e7\u00e3o inteligente.<\/p><\/blockquote>","protected":false},"excerpt":{"rendered":"<p>Interface de conector ANSI C 136.41 de 1 a 7 pinos:<br \/>\nConjunto de 2 soquetes e bases NEMA, f\u00e1cil e pr\u00e1tico de instalar.<br \/>\n3-Fornecer cabos externos de alimenta\u00e7\u00e3o e sinal de 16 AWG com sa\u00edda de alimenta\u00e7\u00e3o auxiliar padr\u00e3o.<br \/>\n4-N\u00e3o interfere com a fun\u00e7\u00e3o de controle da luz.<br \/>\nDesign \u00e0 prova d&#039;\u00e1gua IP65 para atender aos requisitos de veda\u00e7\u00e3o do controlador da lumin\u00e1ria.<\/p>","protected":false},"featured_media":16076,"template":"","meta":{"_acf_changed":false,"_seopress_robots_primary_cat":"none","_seopress_titles_title":"","_seopress_titles_desc":"","_seopress_robots_index":""},"product_brand":[],"product_cat":[56,31],"product_tag":[],"class_list":{"0":"post-16073","1":"product","2":"type-product","3":"status-publish","4":"has-post-thumbnail","6":"product_cat-nema-7-pin-receptacle","7":"product_cat-nema-standard-connector","9":"first","10":"instock","11":"shipping-taxable","12":"product-type-simple"},"acf":[],"_links":{"self":[{"href":"https:\/\/long-join.com\/pt\/wp-json\/wp\/v2\/product\/16073","targetHints":{"allow":["GET"]}}],"collection":[{"href":"https:\/\/long-join.com\/pt\/wp-json\/wp\/v2\/product"}],"about":[{"href":"https:\/\/long-join.com\/pt\/wp-json\/wp\/v2\/types\/product"}],"version-history":[{"count":7,"href":"https:\/\/long-join.com\/pt\/wp-json\/wp\/v2\/product\/16073\/revisions"}],"predecessor-version":[{"id":16088,"href":"https:\/\/long-join.com\/pt\/wp-json\/wp\/v2\/product\/16073\/revisions\/16088"}],"wp:featuredmedia":[{"embeddable":true,"href":"https:\/\/long-join.com\/pt\/wp-json\/wp\/v2\/media\/16076"}],"wp:attachment":[{"href":"https:\/\/long-join.com\/pt\/wp-json\/wp\/v2\/media?parent=16073"}],"wp:term":[{"taxonomy":"product_brand","embeddable":true,"href":"https:\/\/long-join.com\/pt\/wp-json\/wp\/v2\/product_brand?post=16073"},{"taxonomy":"product_cat","embeddable":true,"href":"https:\/\/long-join.com\/pt\/wp-json\/wp\/v2\/product_cat?post=16073"},{"taxonomy":"product_tag","embeddable":true,"href":"https:\/\/long-join.com\/pt\/wp-json\/wp\/v2\/product_tag?post=16073"}],"curies":[{"name":"wp","href":"https:\/\/api.w.org\/{rel}","templated":true}]}}