{"id":14740,"date":"2025-08-29T14:22:07","date_gmt":"2025-08-29T06:22:07","guid":{"rendered":"https:\/\/long-join.com\/?post_type=product&#038;p=14740"},"modified":"2025-08-29T15:34:28","modified_gmt":"2025-08-29T07:34:28","slug":"book18-zhaga-socket-jl-700w2-versao-sem-chumbo","status":"publish","type":"product","link":"https:\/\/long-join.com\/pt\/product\/book18-zhaga-socket-jl-700w2-leadless-version\/","title":{"rendered":"Book18 Zhaga Socket JL-700W2 Vers\u00e3o sem fio"},"content":{"rendered":"<blockquote><p><strong>O 700W2 possui um design inovador baseado no 700W. A diferen\u00e7a est\u00e1 em um furo adicional localizado pr\u00f3ximo ao 700W. A fia\u00e7\u00e3o para esses quatro furos \u00e9 a mesma do 700W.<\/strong><\/p><\/blockquote>\n<blockquote><p>Esses furos adicionais para fia\u00e7\u00e3o oferecem aos fabricantes de lumin\u00e1rias mais op\u00e7\u00f5es de drivers. Este design inovador permite que os fabricantes adicionem drivers extras facilmente, sem necessidade de fia\u00e7\u00e3o complexa. Isso simplifica a instala\u00e7\u00e3o e aumenta significativamente a personaliza\u00e7\u00e3o e a capacidade de expans\u00e3o da lumin\u00e1ria.<\/p><\/blockquote>\n<blockquote><p>Com o 700W2, lumin\u00e1rias multifuncionais podem ser alcan\u00e7adas com mais facilidade. Por exemplo, diferentes drivers podem ser adicionados \u00e0 mesma lumin\u00e1ria para suportar m\u00faltiplos modos de ilumina\u00e7\u00e3o ou recursos de controle inteligente, incluindo dimeriza\u00e7\u00e3o multin\u00edvel, ajuste de temperatura de cor, altern\u00e2ncia de cenas, controle e monitoramento remotos e controle inteligente por sensor.<\/p><\/blockquote>\n<blockquote><p><strong>Modos de ilumina\u00e7\u00e3o multin\u00edvel<\/strong>: Ao utilizar drivers adicionais, podemos obter um controle de dimeriza\u00e7\u00e3o mais refinado. Por exemplo, um driver pode ser respons\u00e1vel pela ilumina\u00e7\u00e3o principal, enquanto outro pela ilumina\u00e7\u00e3o auxiliar ou decorativa. Isso permite a cria\u00e7\u00e3o de ambientes de ilumina\u00e7\u00e3o em v\u00e1rios n\u00edveis para atender \u00e0s necessidades de diferentes cen\u00e1rios.<\/p><\/blockquote>\n<blockquote><p><strong>Funcionalidade de controle inteligente<\/strong>: Ao utilizar diferentes drivers, podemos obter um controle mais complexo baseado em sensores. Por exemplo, um driver pode controlar a ilumina\u00e7\u00e3o b\u00e1sica, enquanto outro pode ajustar a intensidade da ilumina\u00e7\u00e3o adicional com base no movimento ou na detec\u00e7\u00e3o de luz, melhorando a efici\u00eancia energ\u00e9tica.<\/p><\/blockquote>","protected":false},"excerpt":{"rendered":"<p>O jl700w2 n\u00e3o s\u00f3 possui o padr\u00e3o book18, como tamb\u00e9m 4 furos extras para fia\u00e7\u00e3o ficam pr\u00f3ximos ao 700W. Ao mesmo tempo, a defini\u00e7\u00e3o da porta continua aparecendo com o jl-700w.<\/p>\n<p>-Porta 1: 24 VCC<br \/>\n\u2013 Porta 2: DALI\u2013\/GND<br \/>\n\u2013 Porta 3: DALI+<br \/>\n\u2013 Porta 4: reservel\/O<\/p>","protected":false},"featured_media":14743,"template":"","meta":{"_acf_changed":false,"_seopress_robots_primary_cat":"none","_seopress_titles_title":"","_seopress_titles_desc":"","_seopress_robots_index":""},"product_brand":[],"product_cat":[28,35,29,49],"product_tag":[48,54],"class_list":{"0":"post-14740","1":"product","2":"type-product","3":"status-publish","4":"has-post-thumbnail","6":"product_cat-our-product","7":"product_cat-photocell-switch-fittings","8":"product_cat-zhaga-series","9":"product_cat-zhaga-socket","10":"product_tag-zhaga","11":"product_tag-zhaga-socket","13":"first","14":"instock","15":"shipping-taxable","16":"product-type-simple"},"acf":[],"_links":{"self":[{"href":"https:\/\/long-join.com\/pt\/wp-json\/wp\/v2\/product\/14740","targetHints":{"allow":["GET"]}}],"collection":[{"href":"https:\/\/long-join.com\/pt\/wp-json\/wp\/v2\/product"}],"about":[{"href":"https:\/\/long-join.com\/pt\/wp-json\/wp\/v2\/types\/product"}],"version-history":[{"count":2,"href":"https:\/\/long-join.com\/pt\/wp-json\/wp\/v2\/product\/14740\/revisions"}],"predecessor-version":[{"id":14748,"href":"https:\/\/long-join.com\/pt\/wp-json\/wp\/v2\/product\/14740\/revisions\/14748"}],"wp:featuredmedia":[{"embeddable":true,"href":"https:\/\/long-join.com\/pt\/wp-json\/wp\/v2\/media\/14743"}],"wp:attachment":[{"href":"https:\/\/long-join.com\/pt\/wp-json\/wp\/v2\/media?parent=14740"}],"wp:term":[{"taxonomy":"product_brand","embeddable":true,"href":"https:\/\/long-join.com\/pt\/wp-json\/wp\/v2\/product_brand?post=14740"},{"taxonomy":"product_cat","embeddable":true,"href":"https:\/\/long-join.com\/pt\/wp-json\/wp\/v2\/product_cat?post=14740"},{"taxonomy":"product_tag","embeddable":true,"href":"https:\/\/long-join.com\/pt\/wp-json\/wp\/v2\/product_tag?post=14740"}],"curies":[{"name":"wp","href":"https:\/\/api.w.org\/{rel}","templated":true}]}}