{"id":1451,"date":"2023-09-28T18:56:44","date_gmt":"2023-09-28T10:56:44","guid":{"rendered":"https:\/\/long-join.com\/?post_type=product&#038;p=1451"},"modified":"2026-04-02T15:55:21","modified_gmt":"2026-04-02T07:55:21","slug":"receptaculo-de-fotocelula-ansi-c136-41-7-pinos-jl-240xa","status":"publish","type":"product","link":"https:\/\/long-join.com\/pt\/product\/ansi-c136-41-7-pin-photocell-receptacle-jl-240xa\/","title":{"rendered":"Recept\u00e1culo de fotoc\u00e9lula ANSI C136.41 7 PIN JL-240XA"},"content":{"rendered":"<blockquote><p>Todos os recept\u00e1culos de fotocontrole da s\u00e9rie JL-240 foram projetados para as lanternas que deveriam ter um recept\u00e1culo ANSI C136.10-2006 para a instala\u00e7\u00e3o de um fotocontrole com trava girat\u00f3ria. Esta s\u00e9rie est\u00e1 em conformidade com a rec\u00e9m-publicada norma ANSI C136.41-2013 para permitir o controle m\u00faltiplo de uma l\u00e2mpada LED atrav\u00e9s do recept\u00e1culo.<\/p><\/blockquote>\n<blockquote><p>Recurso<\/p><\/blockquote>\n<blockquote><p>1. O JL-240XA oferece 4 almofadas de baixa tens\u00e3o banhadas a ouro na superf\u00edcie superior para encaixe no fotocontrole, que possui contatos de mola em conformidade com ANSI C136.41 e oferece conectores r\u00e1pidos machos na parte traseira para conex\u00e3o de sinal. (O JL-240XB oferece 2 almofadas de baixa tens\u00e3o banhadas a ouro na superf\u00edcie superior para encaixe no fotocontrole, que possui contatos de mola em conformidade com ANSI C136.41 e oferece conectores r\u00e1pidos machos na parte traseira para conex\u00e3o de sinal)<\/p><\/blockquote>\n<blockquote><p>2. Recurso de limita\u00e7\u00e3o de rota\u00e7\u00e3o de 360 graus para conformidade com os requisitos ANSI C136.10.<\/p><\/blockquote>\n<blockquote><p>3. Tanto o JL-240X quanto o JL-240Y foram reconhecidos, e o JL-200Z14 foi listado pela UL nos padr\u00f5es de seguran\u00e7a aplic\u00e1veis dos EUA e Canad\u00e1, sob seu arquivo E188110, Vol.1 e Vol.2.<\/p><\/blockquote>","protected":false},"excerpt":{"rendered":"<p>1. Modelo do produto: JL-240XA<br \/>\n2. Tens\u00e3o nominal: 0-480 VCA<br \/>\n3. Material: PBT e estabilizador UV<br \/>\n4. Medidor de cabos: #14, #16<br \/>\n5. Padr\u00e3o compat\u00edvel: ANSI C136.41, CE, ROHS, UL<\/p>","protected":false},"featured_media":2607,"template":"","meta":{"_acf_changed":false,"_seopress_robots_primary_cat":"none","_seopress_titles_title":"","_seopress_titles_desc":"","_seopress_robots_index":""},"product_brand":[],"product_cat":[56,31,28],"product_tag":[67],"class_list":{"0":"post-1451","1":"product","2":"type-product","3":"status-publish","4":"has-post-thumbnail","6":"product_cat-nema-7-pin-receptacle","7":"product_cat-nema-standard-connector","8":"product_cat-our-product","9":"product_tag-nema-7-pin-receptacle","11":"first","12":"instock","13":"shipping-taxable","14":"product-type-simple"},"acf":[],"_links":{"self":[{"href":"https:\/\/long-join.com\/pt\/wp-json\/wp\/v2\/product\/1451","targetHints":{"allow":["GET"]}}],"collection":[{"href":"https:\/\/long-join.com\/pt\/wp-json\/wp\/v2\/product"}],"about":[{"href":"https:\/\/long-join.com\/pt\/wp-json\/wp\/v2\/types\/product"}],"version-history":[{"count":3,"href":"https:\/\/long-join.com\/pt\/wp-json\/wp\/v2\/product\/1451\/revisions"}],"predecessor-version":[{"id":17572,"href":"https:\/\/long-join.com\/pt\/wp-json\/wp\/v2\/product\/1451\/revisions\/17572"}],"wp:featuredmedia":[{"embeddable":true,"href":"https:\/\/long-join.com\/pt\/wp-json\/wp\/v2\/media\/2607"}],"wp:attachment":[{"href":"https:\/\/long-join.com\/pt\/wp-json\/wp\/v2\/media?parent=1451"}],"wp:term":[{"taxonomy":"product_brand","embeddable":true,"href":"https:\/\/long-join.com\/pt\/wp-json\/wp\/v2\/product_brand?post=1451"},{"taxonomy":"product_cat","embeddable":true,"href":"https:\/\/long-join.com\/pt\/wp-json\/wp\/v2\/product_cat?post=1451"},{"taxonomy":"product_tag","embeddable":true,"href":"https:\/\/long-join.com\/pt\/wp-json\/wp\/v2\/product_tag?post=1451"}],"curies":[{"name":"wp","href":"https:\/\/api.w.org\/{rel}","templated":true}]}}