{"id":1446,"date":"2023-09-28T18:07:31","date_gmt":"2023-09-28T10:07:31","guid":{"rendered":"https:\/\/long-join.com\/?post_type=product&#038;p=1446"},"modified":"2025-11-27T17:33:30","modified_gmt":"2025-11-27T09:33:30","slug":"fotocelula-de-botao-miniatura-jl-412c-120-277-vca","status":"publish","type":"product","link":"https:\/\/long-join.com\/pt\/product\/jl-412c-miniature-button-photocell-120-277vac\/","title":{"rendered":"Fotoc\u00e9lula de bot\u00e3o miniatura JL-412C 120-277 VCA"},"content":{"rendered":"<blockquote><p>O sensor fototransistor JL-412C(R) \u00e9 aplic\u00e1vel para controlar a ilumina\u00e7\u00e3o de passagem e de porta automaticamente de acordo com o n\u00edvel de ilumina\u00e7\u00e3o ambiente.<\/p><\/blockquote>\n<blockquote><p>Recurso<\/p><\/blockquote>\n<ol>\n<li>UL773A direct wire-in;<\/li>\n<li>Cabe\u00e7a fotoc\u00e9lula tipo bot\u00e3o com furos de 10 mm M10;<\/li>\n<li>Prote\u00e7\u00e3o IP65;<\/li>\n<li>Norma compat\u00edvel para interruptores fotoel\u00e9tricos n\u00e3o industriais para controle de ilumina\u00e7\u00e3o UL773A.<\/li>\n<\/ol>","protected":false},"excerpt":{"rendered":"<p>1. Modelo do produto: JL-412C<br \/>\n2. Tens\u00e3o nominal: 120-277 VAC<br \/>\n3. On \/ OFF Lux Level : 10-30 Lx on  30-80 Lx off<br \/>\n4. Classifica\u00e7\u00e3o IP: IP65<br \/>\n5. Padr\u00e3o de conformidade: CE, ROHS, UL<\/p>","protected":false},"featured_media":4389,"template":"","meta":{"_acf_changed":false,"_seopress_robots_primary_cat":"none","_seopress_titles_title":"","_seopress_titles_desc":"","_seopress_robots_index":""},"product_brand":[],"product_cat":[62,28,30],"product_tag":[],"class_list":{"0":"post-1446","1":"product","2":"type-product","3":"status-publish","4":"has-post-thumbnail","6":"product_cat-button-photocell","7":"product_cat-our-product","8":"product_cat-wire-in-controllers","10":"first","11":"instock","12":"shipping-taxable","13":"product-type-simple"},"acf":[],"_links":{"self":[{"href":"https:\/\/long-join.com\/pt\/wp-json\/wp\/v2\/product\/1446","targetHints":{"allow":["GET"]}}],"collection":[{"href":"https:\/\/long-join.com\/pt\/wp-json\/wp\/v2\/product"}],"about":[{"href":"https:\/\/long-join.com\/pt\/wp-json\/wp\/v2\/types\/product"}],"version-history":[{"count":2,"href":"https:\/\/long-join.com\/pt\/wp-json\/wp\/v2\/product\/1446\/revisions"}],"predecessor-version":[{"id":16449,"href":"https:\/\/long-join.com\/pt\/wp-json\/wp\/v2\/product\/1446\/revisions\/16449"}],"wp:featuredmedia":[{"embeddable":true,"href":"https:\/\/long-join.com\/pt\/wp-json\/wp\/v2\/media\/4389"}],"wp:attachment":[{"href":"https:\/\/long-join.com\/pt\/wp-json\/wp\/v2\/media?parent=1446"}],"wp:term":[{"taxonomy":"product_brand","embeddable":true,"href":"https:\/\/long-join.com\/pt\/wp-json\/wp\/v2\/product_brand?post=1446"},{"taxonomy":"product_cat","embeddable":true,"href":"https:\/\/long-join.com\/pt\/wp-json\/wp\/v2\/product_cat?post=1446"},{"taxonomy":"product_tag","embeddable":true,"href":"https:\/\/long-join.com\/pt\/wp-json\/wp\/v2\/product_tag?post=1446"}],"curies":[{"name":"wp","href":"https:\/\/api.w.org\/{rel}","templated":true}]}}