{"id":14225,"date":"2025-08-01T18:07:21","date_gmt":"2025-08-01T10:07:21","guid":{"rendered":"https:\/\/long-join.com\/?post_type=product&#038;p=14225"},"modified":"2025-08-06T10:47:09","modified_gmt":"2025-08-06T02:47:09","slug":"protocolo-de-comunicacao-do-fotocontrolador-de-iluminacao-publica-inteligente-escalavel-semiacabado-jl-265cx","status":"publish","type":"product","link":"https:\/\/long-join.com\/pt\/product\/scalable-smart-street-light-semi-finished-lighting-photocontroller-communication-protocol-jl-265cx\/","title":{"rendered":"Protocolo de comunica\u00e7\u00e3o do fotocontrolador de ilumina\u00e7\u00e3o p\u00fablica semiacabada e escal\u00e1vel JL-265CX"},"content":{"rendered":"<blockquote><p>A LONG-JOIN Technology possui vasta experi\u00eancia e capacidade inovadora em controle inteligente de ilumina\u00e7\u00e3o. Estamos totalmente equipados para desenvolver solu\u00e7\u00f5es de controladores de ilumina\u00e7\u00e3o altamente personalizadas para clientes no exterior. Nossa principal vantagem reside na combina\u00e7\u00e3o de tecnologia avan\u00e7ada de fotocontrole com recursos flex\u00edveis de personaliza\u00e7\u00e3o de hardware para fornecer solu\u00e7\u00f5es otimizadas de controle de ilumina\u00e7\u00e3o p\u00fablica.<\/p><\/blockquote>\n<p><img fetchpriority=\"high\" decoding=\"async\" class=\"aligncenter wp-image-14226 size-full\" title=\"M\u00f3dulo de comunica\u00e7\u00e3o inteligente JL-265CX01\" src=\"http:\/\/long-join.com\/wp-content\/uploads\/2025\/08\/JL-265CX-smart-communication-module.jpg\" alt=\"M\u00f3dulo de comunica\u00e7\u00e3o inteligente JL-265CX\" width=\"1100\" height=\"412\" srcset=\"https:\/\/long-join.com\/wp-content\/uploads\/2025\/08\/JL-265CX-smart-communication-module.jpg 1100w, https:\/\/long-join.com\/wp-content\/uploads\/2025\/08\/JL-265CX-smart-communication-module-300x112.jpg 300w, https:\/\/long-join.com\/wp-content\/uploads\/2025\/08\/JL-265CX-smart-communication-module-1024x384.jpg 1024w, https:\/\/long-join.com\/wp-content\/uploads\/2025\/08\/JL-265CX-smart-communication-module-768x288.jpg 768w, https:\/\/long-join.com\/wp-content\/uploads\/2025\/08\/JL-265CX-smart-communication-module-18x7.jpg 18w, https:\/\/long-join.com\/wp-content\/uploads\/2025\/08\/JL-265CX-smart-communication-module-600x225.jpg 600w\" sizes=\"(max-width: 1100px) 100vw, 1100px\" \/><\/p>\n<blockquote><p><strong>Capacidades de prototipagem r\u00e1pida<\/strong><\/p><\/blockquote>\n<blockquote><p>A equipe de engenharia da LONG-JOIN \u00e9 composta por engenheiros de hardware experientes, especialistas em desenvolvimento de sistemas embarcados e especialistas em integra\u00e7\u00e3o de protocolos de comunica\u00e7\u00e3o. Essa equipe de elite \u00e9 capaz de compreender e responder rapidamente \u00e0s necessidades espec\u00edficas de provedores de servi\u00e7os de software no exterior.<\/p><\/blockquote>\n<blockquote><p>Para um projeto t\u00edpico de personaliza\u00e7\u00e3o de PCBA, normalmente conclu\u00edmos todo o processo, desde a an\u00e1lise de requisitos at\u00e9 a entrega da amostra, em 4 a 6 semanas. Essa efici\u00eancia se deve \u00e0 nossa ampla expertise t\u00e9cnica e abordagem de design modular. Por exemplo, nossa plataforma JL-265CX (PCBA) vem pr\u00e9-integrada com diversos m\u00f3dulos funcionais comuns, como interfaces de comunica\u00e7\u00e3o, circuitos de dimeriza\u00e7\u00e3o e interfaces de sensores. Isso nos permite combinar recursos rapidamente e desenvolver solu\u00e7\u00f5es personalizadas com base nas necessidades do cliente.<\/p><\/blockquote>\n<blockquote><p><strong>Recursos abrangentes de personaliza\u00e7\u00e3o do JL-265CX<\/strong><\/p><\/blockquote>\n<blockquote><p>O JL-265CX (PCBA) \u00e9 o mais recente controlador de ilumina\u00e7\u00e3o inteligente semiacabado da Long-join Technology com protocolos de comunica\u00e7\u00e3o. Este produto \u00e9 mais do que um simples dispositivo de fotocontrole; \u00e9 uma central de controle inteligente que integra diversas fun\u00e7\u00f5es avan\u00e7adas, atendendo \u00e0s complexas necessidades dos modernos sistemas de ilumina\u00e7\u00e3o p\u00fablica.<\/p><\/blockquote>\n<blockquote><p><strong>A Long-join desenvolveu o JL-265CX, um produto controlador com fun\u00e7\u00f5es continuamente expans\u00edveis<\/strong><\/p>\n<p><img decoding=\"async\" class=\"aligncenter wp-image-14227 size-full\" title=\"M\u00f3dulo de comunica\u00e7\u00e3o inteligente JL-265CX01\" src=\"http:\/\/long-join.com\/wp-content\/uploads\/2025\/08\/JL-265CX-smart-communication-module01.jpg\" alt=\"M\u00f3dulo de comunica\u00e7\u00e3o inteligente JL-265CX01\" width=\"815\" height=\"785\" srcset=\"https:\/\/long-join.com\/wp-content\/uploads\/2025\/08\/JL-265CX-smart-communication-module01.jpg 815w, https:\/\/long-join.com\/wp-content\/uploads\/2025\/08\/JL-265CX-smart-communication-module01-300x289.jpg 300w, https:\/\/long-join.com\/wp-content\/uploads\/2025\/08\/JL-265CX-smart-communication-module01-768x740.jpg 768w, https:\/\/long-join.com\/wp-content\/uploads\/2025\/08\/JL-265CX-smart-communication-module01-12x12.jpg 12w, https:\/\/long-join.com\/wp-content\/uploads\/2025\/08\/JL-265CX-smart-communication-module01-600x578.jpg 600w\" sizes=\"(max-width: 815px) 100vw, 815px\" \/><\/p><\/blockquote>\n<blockquote><p>1.Compat\u00edvel com outros protocolos de comunica\u00e7\u00e3o<\/p><\/blockquote>\n<blockquote><p>aqui temos diferentes protocolos de comunica\u00e7\u00e3o: como LoRa, NB-IoT, 4G, Zigbee, Wi-Fi, Bluetooth e mais.<\/p><\/blockquote>\n<blockquote><p>2-Pode fornecer servi\u00e7os de integra\u00e7\u00e3o de interface de E\/S perif\u00e9rica<\/p><\/blockquote>\n<blockquote><p>Sensor modules include light sensors, temperature sensors, humidity sensors, motion sensors, and GPS modules.<br \/>\nPCBAs offer integrated modules including AC-DC circuits, relay switching circuits, ultra-long life control circuits, dimming circuits, light sensing circuits, electrical metering circuits, power-off energy storage circuits, and RTC circuits.<\/p><\/blockquote>\n<blockquote><p><strong>3- Servi\u00e7o de escurecimento de ilumina\u00e7\u00e3o escal\u00e1vel<\/strong><\/p><\/blockquote>\n<ul>\n<li>\u00a0Escurecimento de 0-10 V: o jl265CX pode ser compat\u00edvel com a maioria dos drivers de LED.<\/li>\n<li>\u00a0Protocolo DALI: Suporta controle avan\u00e7ado de escurecimento com comunica\u00e7\u00e3o endere\u00e7\u00e1vel.<\/li>\n<li>Escurecimento PWM: fornece ajuste de brilho detalhado.<\/li>\n<li>Escurecimento de corrente constante: garante brilho est\u00e1vel do LED em diferentes n\u00edveis de brilho.<\/li>\n<\/ul>\n<blockquote><p>Acima, esses m\u00f3dulos funcionais podem ser gerenciados e controlados uniformemente por meio de <strong>Protocolo Modbus UART<\/strong>, permitindo que o JL-265CX seja perfeitamente integrado a v\u00e1rias plataformas inteligentes de gerenciamento de ilumina\u00e7\u00e3o.<\/p><\/blockquote>\n<blockquote><p><strong>Vantagens exclusivas dos produtos PCBA de jun\u00e7\u00e3o longa<\/strong><\/p><\/blockquote>\n<blockquote><p>Ao desenvolver a linha de produtos JL-265CX, a Long-join Technology levou em considera\u00e7\u00e3o as necessidades de provedores de servi\u00e7os de software no exterior, criando uma plataforma de controlador de ilumina\u00e7\u00e3o inteligente com vantagens competitivas significativas. Essas vantagens se refletem n\u00e3o apenas nos produtos em si, mas tamb\u00e9m em todos os aspectos da solu\u00e7\u00e3o completa.<\/p><\/blockquote>\n<blockquote>\n<figure id=\"attachment_14252\" aria-describedby=\"caption-attachment-14252\" style=\"width: 923px\" class=\"wp-caption aligncenter\"><img decoding=\"async\" class=\"wp-image-14252 size-full\" title=\"M\u00f3dulo de comunica\u00e7\u00e3o inteligente JL-265CX02\" src=\"http:\/\/long-join.com\/wp-content\/uploads\/2025\/08\/JL-265CX-smart-communication-module03.jpg\" alt=\"M\u00f3dulo de comunica\u00e7\u00e3o inteligente JL-265CX03\" width=\"923\" height=\"785\" srcset=\"https:\/\/long-join.com\/wp-content\/uploads\/2025\/08\/JL-265CX-smart-communication-module03.jpg 923w, https:\/\/long-join.com\/wp-content\/uploads\/2025\/08\/JL-265CX-smart-communication-module03-300x255.jpg 300w, https:\/\/long-join.com\/wp-content\/uploads\/2025\/08\/JL-265CX-smart-communication-module03-768x653.jpg 768w, https:\/\/long-join.com\/wp-content\/uploads\/2025\/08\/JL-265CX-smart-communication-module03-14x12.jpg 14w, https:\/\/long-join.com\/wp-content\/uploads\/2025\/08\/JL-265CX-smart-communication-module03-600x510.jpg 600w\" sizes=\"(max-width: 923px) 100vw, 923px\" \/><figcaption id=\"caption-attachment-14252\" class=\"wp-caption-text\">M\u00f3dulo de comunica\u00e7\u00e3o inteligente JL-265CX03<\/figcaption><\/figure>\n<p><strong>1-integra\u00e7\u00e3o super forte em compara\u00e7\u00e3o com outras<\/strong><\/p><\/blockquote>\n<blockquote><p>Integramos todos os componentes essenciais necess\u00e1rios para o controle inteligente da ilumina\u00e7\u00e3o em uma PCBA, incluindo microcontroladores, m\u00f3dulos de comunica\u00e7\u00e3o, interfaces de sensores e unidades de gerenciamento de energia. Esse alto grau de integra\u00e7\u00e3o simplifica o projeto do sistema e reduz significativamente o custo geral e o consumo de energia. Para provedores de servi\u00e7os de software no exterior, isso significa que eles podem se concentrar no desenvolvimento do software principal sem se preocupar muito com a complexidade do hardware subjacente.<\/p><\/blockquote>\n<blockquote><p><strong>Flexibilidade de 2 interfaces<\/strong><\/p><\/blockquote>\n<blockquote><p>De acordo com nosso fornecimento, a plataforma de hardware PCBA suporta uma ampla gama de op\u00e7\u00f5es de personaliza\u00e7\u00e3o, desde protocolos de comunica\u00e7\u00e3o at\u00e9 interfaces de sensores, que podem ser ajustadas de acordo com as necessidades do cliente. Essa flexibilidade permite que o JL-265CX se adapte a uma variedade de cen\u00e1rios de aplica\u00e7\u00e3o diferentes, seja um controle simples de l\u00e2mpada \u00fanica ou uma rede complexa de postes de luz inteligentes.<\/p><\/blockquote>\n<blockquote><p><strong>3-Aqui fornecemos solu\u00e7\u00f5es completas de ilumina\u00e7\u00e3o para as suas necessidades<\/strong><\/p><\/blockquote>\n<blockquote><p>A equipe t\u00e9cnica do fabricante Long-join n\u00e3o fornece apenas PCBA, mas tamb\u00e9m fornece caixas de suporte \u00e0 prova d&#039;\u00e1gua e bases de montagem. Nosso inv\u00f3lucro \u00e9 feito de pl\u00e1stico PC de alta resist\u00eancia, que pode fornecer prote\u00e7\u00e3o \u00e0 prova d&#039;\u00e1gua e de poeira de n\u00edvel IP65 ou mesmo IP66, atendendo totalmente \u00e0s necessidades de aplica\u00e7\u00f5es externas. A base de montagem, como a <a href=\"https:\/\/long-join.com\/pt\/product\/base-de-fotocelula-inteligente-nema-de-7-pinos-jl-242jv-com-design-de-filme-a-prova-dagua-e-respiravel\/\" target=\"_blank\" rel=\"nofollow noopener\">JL-242JV<\/a> s\u00e9rie, fornece um padr\u00e3o<a href=\"https:\/\/long-join.com\/pt\/product-category\/nosso-produto\/conector-padrao-nema\/\" target=\"_blank\" rel=\"nofollow noopener\"> Interface de recept\u00e1culo de 7 pinos<\/a>, que \u00e9 compat\u00edvel com o padr\u00e3o NEMA para garantir que o controlador possa ser facilmente instalado em v\u00e1rios tipos de postes de ilumina\u00e7\u00e3o p\u00fablica.<\/p><\/blockquote>\n<blockquote><p><strong>Controlador de ilumina\u00e7\u00e3o de 4 interruptores de forma eficaz<\/strong><\/p><\/blockquote>\n<blockquote><p>Controladores personalizados desenvolvidos com base no JL-265CX podem atingir caracter\u00edsticas funcionais compar\u00e1veis ou at\u00e9 melhores do que nossos produtos padr\u00e3o (como o JL-245CZ).<\/p><\/blockquote>\n<blockquote><p><strong>Avaliar sistemas de controle de qualidade<\/strong><\/p><\/blockquote>\n<blockquote><p>Controlamos rigorosamente cada etapa do processo, desde a triagem da mat\u00e9ria-prima at\u00e9 os testes do produto acabado, para garantir que cada PCBA entregue aos nossos clientes atenda aos mais altos padr\u00f5es de qualidade. Nosso laborat\u00f3rio de testes de \u00faltima gera\u00e7\u00e3o conta com equipamentos automatizados que simulam uma variedade de condi\u00e7\u00f5es ambientais extremas, garantindo um desempenho est\u00e1vel e confi\u00e1vel do produto em uma ampla gama de cen\u00e1rios.<\/p><\/blockquote>\n<p><img loading=\"lazy\" decoding=\"async\" class=\"wp-image-4664 size-full aligncenter\" src=\"http:\/\/long-join.com\/wp-content\/uploads\/2023\/10\/JL-241J-base-photocell8.jpg\" alt=\"Fotoc\u00e9lula base JL-241J(8)\" width=\"930\" height=\"412\" srcset=\"https:\/\/long-join.com\/wp-content\/uploads\/2023\/10\/JL-241J-base-photocell8.jpg 930w, https:\/\/long-join.com\/wp-content\/uploads\/2023\/10\/JL-241J-base-photocell8-300x133.jpg 300w, https:\/\/long-join.com\/wp-content\/uploads\/2023\/10\/JL-241J-base-photocell8-768x340.jpg 768w, https:\/\/long-join.com\/wp-content\/uploads\/2023\/10\/JL-241J-base-photocell8-600x266.jpg 600w\" sizes=\"(max-width: 930px) 100vw, 930px\" \/><\/p>\n<blockquote><p><strong>Perguntas frequentes<\/strong><\/p><\/blockquote>\n<blockquote><p><strong>P1: Quais protocolos de comunica\u00e7\u00e3o o PCBA JL-265CX suporta?<\/strong><\/p><\/blockquote>\n<blockquote><p>R: O JL-265CX suporta diversos protocolos de comunica\u00e7\u00e3o, incluindo LoRa, Zigbee, Bluetooth 5.0, Wi-Fi, NB-IoT e Modbus UART. Esse suporte multiprotocolo permite que o JL-265CX se adapte \u00e0s necessidades de diversos projetos de ilumina\u00e7\u00e3o p\u00fablica de cidades inteligentes, tornando-o um ponto de comunica\u00e7\u00e3o verdadeiramente universal. Os clientes podem escolher o m\u00e9todo de comunica\u00e7\u00e3o mais adequado com base nas necessidades espec\u00edficas de seus projetos.<\/p><\/blockquote>\n<blockquote><p><strong>P2: Qual a resist\u00eancia \u00e0 \u00e1gua do JL-265CX? \u00c9 adequado para uso externo?<\/strong><\/p><\/blockquote>\n<blockquote><p>R: O JL-265CX (PCBA) em si n\u00e3o \u00e9 \u00e0 prova d&#039;\u00e1gua, mas oferecemos uma solu\u00e7\u00e3o de gabinete \u00e0 prova d&#039;\u00e1gua correspondente. Esses gabinetes podem atingir classifica\u00e7\u00f5es IP65 ou at\u00e9 IP66, atendendo plenamente \u00e0s necessidades de aplica\u00e7\u00f5es externas. Quando usado com nosso <a href=\"https:\/\/long-join.com\/pt\/product\/base-de-fotocelula-inteligente-nema-de-7-pinos-jl-242jv-com-design-de-filme-a-prova-dagua-e-respiravel\/\" target=\"_blank\" rel=\"noopener\">JL-242JV <\/a>base de montagem, todo o sistema pode operar de forma confi\u00e1vel em todas as condi\u00e7\u00f5es clim\u00e1ticas.<\/p><\/blockquote>\n<blockquote><p><strong>T3: Quanto tempo geralmente leva o ciclo de desenvolvimento personalizado?<\/strong><\/p><\/blockquote>\n<blockquote><p>R: Um ciclo t\u00edpico de desenvolvimento personalizado dura aproximadamente 8 a 12 semanas, dependendo da complexidade do projeto e da especificidade das necessidades do cliente. Este ciclo inclui an\u00e1lise de requisitos, design da solu\u00e7\u00e3o, desenvolvimento de prot\u00f3tipos, testes e verifica\u00e7\u00e3o, e produ\u00e7\u00e3o experimental em pequenos lotes. Nosso processo de desenvolvimento \u00e1gil nos permite minimizar os ciclos de desenvolvimento, garantindo a qualidade.<\/p><\/blockquote>\n<blockquote><p><strong>T4: Como o JL-265CX otimiza a efici\u00eancia energ\u00e9tica?<\/strong><\/p><\/blockquote>\n<blockquote><p>A: The JL-265CX employs multiple strategies to optimize energy efficiency:<br \/>\n\u2022 Precise light sensing circuitry enables intelligent dimming based on ambient light<br \/>\n\u2022 Advanced dimming algorithms support smooth dimming, minimizing the impact of frequent on\/off switching on LED life<br \/>\n\u2022 Low-power design, including multiple sleep modes<br \/>\n\u2022 Accurate power metering circuitry supports real-time energy consumption monitoring and analysis<br \/>\nThese features enable smart lighting systems based on the JL-265CX to significantly reduce energy consumption while improving user experience.<\/p><\/blockquote>\n<blockquote><p><strong>P5: O JL-265CX suporta atualiza\u00e7\u00f5es remotas de firmware (OTA)?<\/strong><\/p><\/blockquote>\n<blockquote><p>A: Yes, the JL-265CX fully supports OTA (Over-The-Air) firmware updates. This feature allows customers to remotely update the controller&#8217;s firmware without requiring a site visit. Our OTA solution includes secure data transmission mechanisms and fail-safe mechanisms to ensure the reliability and safety of the update process.<br \/>\nObserva\u00e7\u00e3o:<\/p><\/blockquote>\n<blockquote><p><strong>P6: A Long-join oferece servi\u00e7os personalizados de design exterior para o JL-265CX?<\/strong><\/p><\/blockquote>\n<blockquote><p>R: Sim, oferecemos. Os clientes podem escolher entre uma variedade de cores e materiais, e at\u00e9 mesmo adicionar seus pr\u00f3prios logotipos ao exterior. Nossa equipe de design industrial pode fornecer solu\u00e7\u00f5es profissionais de design de exteriores sob medida para sua marca e cen\u00e1rio de aplica\u00e7\u00e3o. Essa personaliza\u00e7\u00e3o n\u00e3o s\u00f3 atende aos requisitos est\u00e9ticos, como tamb\u00e9m aumenta o reconhecimento do produto.<\/p><\/blockquote>\n<blockquote><p><strong>P7: H\u00e1 algum estudo de caso bem-sucedido de solu\u00e7\u00f5es de produtos semiacabados de PCB da Long-join?<\/strong><\/p><\/blockquote>\n<blockquote><p><strong>Estudo de caso de cliente no M\u00e9xico<\/strong><br \/>\nEste cliente selecionou seu pr\u00f3prio m\u00f3dulo de comunica\u00e7\u00e3o LoRa e o integrou ao nosso protocolo Modbus UART. Nesta solu\u00e7\u00e3o, o m\u00f3dulo LoRa \u00e9 o \u00fanico respons\u00e1vel pelo encaminhamento de dados e n\u00e3o participa do desenvolvimento de nenhum c\u00f3digo de controle de ilumina\u00e7\u00e3o.<\/p><\/blockquote>\n<blockquote><p><strong>Estudo de caso de cliente na Austr\u00e1lia<\/strong><br \/>\nEste cliente selecionou um m\u00f3dulo de comunica\u00e7\u00e3o Bluetooth e o integrou aos nossos perif\u00e9ricos. Eles desenvolveram de forma independente o c\u00f3digo de controle de ilumina\u00e7\u00e3o dentro do m\u00f3dulo Bluetooth.<\/p><\/blockquote>\n<p><strong><img loading=\"lazy\" decoding=\"async\" class=\"wp-image-14268 size-large aligncenter\" src=\"http:\/\/long-join.com\/wp-content\/uploads\/2025\/08\/lora-communication-for-jl265cx-module-1024x1024.webp\" alt=\"comunica\u00e7\u00e3o lora para m\u00f3dulo jl265cx\" width=\"800\" height=\"800\" srcset=\"https:\/\/long-join.com\/wp-content\/uploads\/2025\/08\/lora-communication-for-jl265cx-module-1024x1024.webp 1024w, https:\/\/long-join.com\/wp-content\/uploads\/2025\/08\/lora-communication-for-jl265cx-module-300x300.webp 300w, https:\/\/long-join.com\/wp-content\/uploads\/2025\/08\/lora-communication-for-jl265cx-module-150x150.webp 150w, https:\/\/long-join.com\/wp-content\/uploads\/2025\/08\/lora-communication-for-jl265cx-module-768x768.webp 768w, https:\/\/long-join.com\/wp-content\/uploads\/2025\/08\/lora-communication-for-jl265cx-module-1536x1536.webp 1536w, https:\/\/long-join.com\/wp-content\/uploads\/2025\/08\/lora-communication-for-jl265cx-module-12x12.webp 12w, https:\/\/long-join.com\/wp-content\/uploads\/2025\/08\/lora-communication-for-jl265cx-module-600x600.webp 600w, https:\/\/long-join.com\/wp-content\/uploads\/2025\/08\/lora-communication-for-jl265cx-module-100x100.webp 100w, https:\/\/long-join.com\/wp-content\/uploads\/2025\/08\/lora-communication-for-jl265cx-module.webp 2048w\" sizes=\"(max-width: 800px) 100vw, 800px\" \/><\/strong><\/p>","protected":false},"excerpt":{"rendered":"<p>1. Modelo do produto: JL-265CX<br \/>\n2. Classifica\u00e7\u00e3o IP: IP65\/IP67<br \/>\n3. M\u00f3dulo sem fio: Lora, ZigBee, NB-IoT, etc.<br \/>\n4. Sa\u00edda de escurecimento: Op\u00e7\u00e3o<\/p>","protected":false},"featured_media":14258,"template":"","meta":{"_acf_changed":false,"_seopress_robots_primary_cat":"none","_seopress_titles_title":"","_seopress_titles_desc":"","_seopress_robots_index":""},"product_brand":[],"product_cat":[60,28,59,55],"product_tag":[],"class_list":{"0":"post-14225","1":"product","2":"type-product","3":"status-publish","4":"has-post-thumbnail","6":"product_cat-dimming-photocontrol","7":"product_cat-our-product","8":"product_cat-smart-photocell-sensor","9":"product_cat-twist-lock-photocontrollers","11":"first","12":"instock","13":"shipping-taxable","14":"product-type-simple"},"acf":[],"_links":{"self":[{"href":"https:\/\/long-join.com\/pt\/wp-json\/wp\/v2\/product\/14225","targetHints":{"allow":["GET"]}}],"collection":[{"href":"https:\/\/long-join.com\/pt\/wp-json\/wp\/v2\/product"}],"about":[{"href":"https:\/\/long-join.com\/pt\/wp-json\/wp\/v2\/types\/product"}],"version-history":[{"count":16,"href":"https:\/\/long-join.com\/pt\/wp-json\/wp\/v2\/product\/14225\/revisions"}],"predecessor-version":[{"id":14237,"href":"https:\/\/long-join.com\/pt\/wp-json\/wp\/v2\/product\/14225\/revisions\/14237"}],"wp:featuredmedia":[{"embeddable":true,"href":"https:\/\/long-join.com\/pt\/wp-json\/wp\/v2\/media\/14258"}],"wp:attachment":[{"href":"https:\/\/long-join.com\/pt\/wp-json\/wp\/v2\/media?parent=14225"}],"wp:term":[{"taxonomy":"product_brand","embeddable":true,"href":"https:\/\/long-join.com\/pt\/wp-json\/wp\/v2\/product_brand?post=14225"},{"taxonomy":"product_cat","embeddable":true,"href":"https:\/\/long-join.com\/pt\/wp-json\/wp\/v2\/product_cat?post=14225"},{"taxonomy":"product_tag","embeddable":true,"href":"https:\/\/long-join.com\/pt\/wp-json\/wp\/v2\/product_tag?post=14225"}],"curies":[{"name":"wp","href":"https:\/\/api.w.org\/{rel}","templated":true}]}}