{"id":14029,"date":"2025-07-17T13:44:24","date_gmt":"2025-07-17T05:44:24","guid":{"rendered":"https:\/\/long-join.com\/?post_type=product&#038;p=14029"},"modified":"2025-07-17T15:34:37","modified_gmt":"2025-07-17T07:34:37","slug":"interruptor-fotoeletrico-giratorio-de-aluminio-fundido-de-alta-resistencia-jl-126a","status":"publish","type":"product","link":"https:\/\/long-join.com\/pt\/product\/heavy-duty-die-cast-aluminum-swivel-photocell-switch-jl-126a\/","title":{"rendered":"Interruptor fotoel\u00e9trico girat\u00f3rio de alum\u00ednio fundido para servi\u00e7o pesado JL-126A"},"content":{"rendered":"<blockquote><p>O controlador de sensor t\u00e9rmico da s\u00e9rie JL-126 foi projetado para ambientes exigentes de sistemas de bombas de piscinas de alta qualidade. Comparado \u00e0s s\u00e9ries JL-106 e JL-116, o JL-126 apresenta melhorias significativas no desempenho el\u00e9trico e no projeto estrutural:<\/p><\/blockquote>\n<blockquote><p>\u3010Estrutura de material especial dispon\u00edvel\u3011A s\u00e9rie JL-126 pode ser fabricada em liga de alum\u00ednio de n\u00edvel aeron\u00e1utico para o inv\u00f3lucro, que \u00e9 mais resistente \u00e0 corros\u00e3o do que o material de PC do JL-106 e o inv\u00f3lucro de alum\u00ednio fundido do JL-116. Al\u00e9m disso, tamb\u00e9m daremos \u00e0 superf\u00edcie do inv\u00f3lucro met\u00e1lico 126 um processamento especial, que pode resistir eficazmente ao ambiente corrosivo formado por cloro e n\u00e9voa salina.<\/p><\/blockquote>\n<blockquote><p>\u3010Carga nominal de 3000 W da fotoc\u00e9lula-tronco jl126\u3011A JL-126 suporta l\u00e2mpadas de filamento de tungst\u00eanio de at\u00e9 3000 W e cargas de lastro de 2000 VA, excedendo em muito as especifica\u00e7\u00f5es de 2000 W\/2000 VA das s\u00e9ries JL-106 e JL-116. Isso permite que a JL-126 controle facilmente o complexo sistema de ilumina\u00e7\u00e3o de grandes piscinas e atenda aos rigorosos requisitos de <strong>sistemas de controle de bombas para piscinas privadas de alto padr\u00e3o.<\/strong><\/p><\/blockquote>\n<blockquote><p>\u3010Bitola de fio de diferencia\u00e7\u00e3o de valor\u3011<\/p>\n<ul>\n<li>A \u00e1rea da se\u00e7\u00e3o transversal do AWG#10 (Li\/lo) \u00e9 cerca de 2,5 vezes maior que a do AWG#16, o que melhora muito a capacidade de condu\u00e7\u00e3o de corrente.<\/li>\n<li>Os fios fase e neutro do AWG#10 podem lidar com altas correntes com seguran\u00e7a e reduzir o risco de superaquecimento.<\/li>\n<li>O AWM1015 geralmente tem boa resist\u00eancia \u00e0 temperatura (105 \u00b0C \u00e9 uma classifica\u00e7\u00e3o comum) e \u00e9 adequado para uso em ambientes de temperaturas mais altas.<\/li>\n<\/ul>\n<\/blockquote>","protected":false},"excerpt":{"rendered":"<p>1. Modelo do produto: JL-126A<br \/>\n2. N\u00edvel de lux ligado\/desligado: 10-20Lx, 30-60Lx<br \/>\n3. Classifica\u00e7\u00e3o IP: IP54<br \/>\n4. Carga nominal: 3000 W<br \/>\n5. Padr\u00e3o de conformidade: CE, ROHS, UL<\/p>","protected":false},"featured_media":14036,"template":"","meta":{"_acf_changed":false,"_seopress_robots_primary_cat":"none","_seopress_titles_title":"","_seopress_titles_desc":"","_seopress_robots_index":""},"product_brand":[],"product_cat":[28,30],"product_tag":[],"class_list":{"0":"post-14029","1":"product","2":"type-product","3":"status-publish","4":"has-post-thumbnail","6":"product_cat-our-product","7":"product_cat-wire-in-controllers","9":"first","10":"instock","11":"shipping-taxable","12":"product-type-simple"},"acf":[],"_links":{"self":[{"href":"https:\/\/long-join.com\/pt\/wp-json\/wp\/v2\/product\/14029","targetHints":{"allow":["GET"]}}],"collection":[{"href":"https:\/\/long-join.com\/pt\/wp-json\/wp\/v2\/product"}],"about":[{"href":"https:\/\/long-join.com\/pt\/wp-json\/wp\/v2\/types\/product"}],"version-history":[{"count":7,"href":"https:\/\/long-join.com\/pt\/wp-json\/wp\/v2\/product\/14029\/revisions"}],"predecessor-version":[{"id":14048,"href":"https:\/\/long-join.com\/pt\/wp-json\/wp\/v2\/product\/14029\/revisions\/14048"}],"wp:featuredmedia":[{"embeddable":true,"href":"https:\/\/long-join.com\/pt\/wp-json\/wp\/v2\/media\/14036"}],"wp:attachment":[{"href":"https:\/\/long-join.com\/pt\/wp-json\/wp\/v2\/media?parent=14029"}],"wp:term":[{"taxonomy":"product_brand","embeddable":true,"href":"https:\/\/long-join.com\/pt\/wp-json\/wp\/v2\/product_brand?post=14029"},{"taxonomy":"product_cat","embeddable":true,"href":"https:\/\/long-join.com\/pt\/wp-json\/wp\/v2\/product_cat?post=14029"},{"taxonomy":"product_tag","embeddable":true,"href":"https:\/\/long-join.com\/pt\/wp-json\/wp\/v2\/product_tag?post=14029"}],"curies":[{"name":"wp","href":"https:\/\/api.w.org\/{rel}","templated":true}]}}