{"id":13992,"date":"2025-07-16T18:20:44","date_gmt":"2025-07-16T10:20:44","guid":{"rendered":"https:\/\/long-join.com\/?post_type=product&#038;p=13992"},"modified":"2025-07-17T15:40:04","modified_gmt":"2025-07-17T07:40:04","slug":"tampa-de-pc-interruptor-fotocelula-giratorio-resistente-jl-106av","status":"publish","type":"product","link":"https:\/\/long-join.com\/pt\/product\/pc-cover-heavy-duty-swivel-photocell-switch-jl-106av\/","title":{"rendered":"Interruptor fotoel\u00e9trico girat\u00f3rio para servi\u00e7o pesado JL-106AV"},"content":{"rendered":"<blockquote><p>Here this type heavy duty stem photocell enclosure is made from PC material, and lighter weight than JL116, JL126, and it is ideal for ourdoor garden lascape light decoration, but it don&#8217;t exposure relentless UV under long time and chlorine-rich environments cause to plastic (ABS\/PP) housings to crack within 1\u20132 years.<br \/>\nsimilar to jl116, jl126 work function, our jl-106seris swivel stem photocell is equipment the same.<\/p><\/blockquote>\n<ol>\n<li style=\"list-style-type: none;\">\n<ol>\n<li>voc\u00ea pode ajustar o deslizamento do metal para cima e para baixo para depurar, ligar ou desligar os tempos de atraso do funcionamento da lumin\u00e1ria.<\/li>\n<li>Cabe\u00e7a girat\u00f3ria adicional dispon\u00edvel (JL-106AV)<\/li>\n<li>Rosca de parafuso (NPT 1\/2\u2033) e porca de liga de zinco;<\/li>\n<li>Atraso de tempo 30~120s<\/li>\n<li>Leitura Alcance de carga de at\u00e9 2000W<\/li>\n<\/ol>\n<\/li>\n<\/ol>","protected":false},"excerpt":{"rendered":"<p>1. Modelo do produto: JL-106AV<br \/>\n2. N\u00edvel de lux ligado\/desligado: 10-20Lx, 30-60Lx<br \/>\n3. Classifica\u00e7\u00e3o IP: IP54<br \/>\n4. Carga nominal: 2000 W<br \/>\n5. Padr\u00e3o de conformidade: CE, ROHS, UL<\/p>","protected":false},"featured_media":14001,"template":"","meta":{"_acf_changed":false,"_seopress_robots_primary_cat":"none","_seopress_titles_title":"","_seopress_titles_desc":"","_seopress_robots_index":""},"product_brand":[],"product_cat":[28,30],"product_tag":[],"class_list":{"0":"post-13992","1":"product","2":"type-product","3":"status-publish","4":"has-post-thumbnail","6":"product_cat-our-product","7":"product_cat-wire-in-controllers","9":"first","10":"instock","11":"shipping-taxable","12":"product-type-simple"},"acf":[],"_links":{"self":[{"href":"https:\/\/long-join.com\/pt\/wp-json\/wp\/v2\/product\/13992","targetHints":{"allow":["GET"]}}],"collection":[{"href":"https:\/\/long-join.com\/pt\/wp-json\/wp\/v2\/product"}],"about":[{"href":"https:\/\/long-join.com\/pt\/wp-json\/wp\/v2\/types\/product"}],"version-history":[{"count":6,"href":"https:\/\/long-join.com\/pt\/wp-json\/wp\/v2\/product\/13992\/revisions"}],"predecessor-version":[{"id":14051,"href":"https:\/\/long-join.com\/pt\/wp-json\/wp\/v2\/product\/13992\/revisions\/14051"}],"wp:featuredmedia":[{"embeddable":true,"href":"https:\/\/long-join.com\/pt\/wp-json\/wp\/v2\/media\/14001"}],"wp:attachment":[{"href":"https:\/\/long-join.com\/pt\/wp-json\/wp\/v2\/media?parent=13992"}],"wp:term":[{"taxonomy":"product_brand","embeddable":true,"href":"https:\/\/long-join.com\/pt\/wp-json\/wp\/v2\/product_brand?post=13992"},{"taxonomy":"product_cat","embeddable":true,"href":"https:\/\/long-join.com\/pt\/wp-json\/wp\/v2\/product_cat?post=13992"},{"taxonomy":"product_tag","embeddable":true,"href":"https:\/\/long-join.com\/pt\/wp-json\/wp\/v2\/product_tag?post=13992"}],"curies":[{"name":"wp","href":"https:\/\/api.w.org\/{rel}","templated":true}]}}