{"id":13559,"date":"2025-06-12T16:57:49","date_gmt":"2025-06-12T08:57:49","guid":{"rendered":"https:\/\/long-join.com\/?post_type=product&#038;p=13559"},"modified":"2025-06-13T16:08:56","modified_gmt":"2025-06-13T08:08:56","slug":"estrutura-de-ranhuras-de-placa-de-base-zhaga18-com-vedacao-de-silicone","status":"publish","type":"product","link":"https:\/\/long-join.com\/pt\/product\/zhaga18-baseplate-grooves-structure-with-silicone-seal\/","title":{"rendered":"Estrutura de ranhuras de placa de base Zhaga18 com veda\u00e7\u00e3o de silicone"},"content":{"rendered":"<blockquote><p>Recurso<\/p><\/blockquote>\n<blockquote><p>Design exclusivo com base de 4 pinos e estrutura ranhurada com veda\u00e7\u00e3o de silicone. Aqui, h\u00e1 duas vantagens principais. Por um lado, esta placa de base pode suportar carga em um controlador de tecnologia avan\u00e7ada com integra\u00e7\u00e3o de unidades eletr\u00f4nicas e pe\u00e7as de detec\u00e7\u00e3o, permitindo que o controlador do produto final ultrapasse a altura padr\u00e3o da placa de circuito impresso (PCB). Portanto, voc\u00ea deve considerar o comprimento do pino base e outros recursos. Como voc\u00ea pode ver, o design da base ranhurada permite que os pinos met\u00e1licos da placa de circuito impresso tenham uma \u00e1rea de contato maior (em compara\u00e7\u00e3o com a altura atual da base de 4 pinos), o que pode melhorar a estabilidade e a confiabilidade dos dispositivos el\u00e9tricos. Por fim, a estrutura de veda\u00e7\u00e3o de silicone melhora a impermeabilidade do produto final. Assim, voc\u00ea pode resolver essa quest\u00e3o da impermeabilidade do produto ap\u00f3s o desenvolvimento.<\/p><\/blockquote>\n<p><img fetchpriority=\"high\" decoding=\"async\" class=\"wp-image-13569 size-full aligncenter\" src=\"http:\/\/long-join.com\/wp-content\/uploads\/2025\/06\/zhaga-base-grooves.jpg\" alt=\"\" width=\"1082\" height=\"479\" srcset=\"https:\/\/long-join.com\/wp-content\/uploads\/2025\/06\/zhaga-base-grooves.jpg 1082w, https:\/\/long-join.com\/wp-content\/uploads\/2025\/06\/zhaga-base-grooves-300x133.jpg 300w, https:\/\/long-join.com\/wp-content\/uploads\/2025\/06\/zhaga-base-grooves-1024x453.jpg 1024w, https:\/\/long-join.com\/wp-content\/uploads\/2025\/06\/zhaga-base-grooves-768x340.jpg 768w, https:\/\/long-join.com\/wp-content\/uploads\/2025\/06\/zhaga-base-grooves-18x8.jpg 18w, https:\/\/long-join.com\/wp-content\/uploads\/2025\/06\/zhaga-base-grooves-600x266.jpg 600w\" sizes=\"(max-width: 1082px) 100vw, 1082px\" \/><\/p>\n<blockquote><p>uma vez que voc\u00ea pode querer algo especial controlador de luz pcb, no momento sendo o status foco na altura dessas unidades de controlador interno. talvez essa estrutura de design de ranhuras valha a pena voc\u00ea considerar novamente.<\/p><\/blockquote>\n<ol>\n<li>Interface padr\u00e3o: Livro 18;<\/li>\n<li>montado acima do recept\u00e1culo zhaga da lumin\u00e1ria de 10 mm.<\/li>\n<li>lumin\u00e1ria de led, soquete zhaga e uma base com kits de domo, ir\u00e3o combinar entre essas pe\u00e7as dispon\u00edveis para atingir IP66, IP67.<\/li>\n<\/ol>","protected":false},"excerpt":{"rendered":"<p>1. Modelo do produto: s\u00e9rie base zhaga<br \/>\n2. Di\u00e2metro da base: 43,5 mm, 63,2 mm, 75,3 mm<br \/>\n3. Certificado: UE zhaga, CE<br \/>\n4. Padr\u00e3o de conformidade: zhaga book18<\/p>\n<p>Derrote o m\u00f3dulo de interface abaixo:<br \/>\n1-JL-700 (placa de base de design de estilo popular principal)<br \/>\n2-JL-700W (vers\u00e3o sem chumbo)<br \/>\n3-JL-700S terminais curtos<br \/>\nVers\u00e3o do cabo 4-JL-700L<\/p>","protected":false},"featured_media":13562,"template":"","meta":{"_acf_changed":false,"_seopress_robots_primary_cat":"none","_seopress_titles_title":"","_seopress_titles_desc":"","_seopress_robots_index":""},"product_brand":[],"product_cat":[28,35,51,29],"product_tag":[48],"class_list":{"0":"post-13559","1":"product","2":"type-product","3":"status-publish","4":"has-post-thumbnail","6":"product_cat-our-product","7":"product_cat-photocell-switch-fittings","8":"product_cat-zhaga-accessory","9":"product_cat-zhaga-series","10":"product_tag-zhaga","12":"first","13":"instock","14":"shipping-taxable","15":"product-type-simple"},"acf":[],"_links":{"self":[{"href":"https:\/\/long-join.com\/pt\/wp-json\/wp\/v2\/product\/13559","targetHints":{"allow":["GET"]}}],"collection":[{"href":"https:\/\/long-join.com\/pt\/wp-json\/wp\/v2\/product"}],"about":[{"href":"https:\/\/long-join.com\/pt\/wp-json\/wp\/v2\/types\/product"}],"version-history":[{"count":7,"href":"https:\/\/long-join.com\/pt\/wp-json\/wp\/v2\/product\/13559\/revisions"}],"predecessor-version":[{"id":13574,"href":"https:\/\/long-join.com\/pt\/wp-json\/wp\/v2\/product\/13559\/revisions\/13574"}],"wp:featuredmedia":[{"embeddable":true,"href":"https:\/\/long-join.com\/pt\/wp-json\/wp\/v2\/media\/13562"}],"wp:attachment":[{"href":"https:\/\/long-join.com\/pt\/wp-json\/wp\/v2\/media?parent=13559"}],"wp:term":[{"taxonomy":"product_brand","embeddable":true,"href":"https:\/\/long-join.com\/pt\/wp-json\/wp\/v2\/product_brand?post=13559"},{"taxonomy":"product_cat","embeddable":true,"href":"https:\/\/long-join.com\/pt\/wp-json\/wp\/v2\/product_cat?post=13559"},{"taxonomy":"product_tag","embeddable":true,"href":"https:\/\/long-join.com\/pt\/wp-json\/wp\/v2\/product_tag?post=13559"}],"curies":[{"name":"wp","href":"https:\/\/api.w.org\/{rel}","templated":true}]}}