{"id":13240,"date":"2025-05-16T17:09:01","date_gmt":"2025-05-16T09:09:01","guid":{"rendered":"https:\/\/long-join.com\/?post_type=product&#038;p=13240"},"modified":"2025-05-16T18:44:38","modified_gmt":"2025-05-16T10:44:38","slug":"interruptor-de-fotocontrole-termico-da-marca-longjoin-jl-203c","status":"publish","type":"product","link":"https:\/\/long-join.com\/pt\/product\/longjoin-brand-thermal-photocontrol-switch-jl-203c\/","title":{"rendered":"Interruptor de fotocontrole t\u00e9rmico da marca LONGJOIN JL-203C"},"content":{"rendered":"<blockquote><p>Aqui est\u00e1 um controlador de luz de tipo especial, diferente do controlador de detec\u00e7\u00e3o t\u00e9rmica da s\u00e9rie JL-202 (como jl202A, jl202B, jl202C e jl202D). O desempenho mais significativo do JL-203C \u00e9 o interruptor t\u00e9rmico assistido por circuito eletr\u00f4nico e o fototransistor com filtro IR. Neste caso, o jl203c tamb\u00e9m funciona com o princ\u00edpio de trabalho da s\u00e9rie JL-202. No entanto, como o controlador de luz com fototransistor com filtro IR atinge sensibilidades de luz de boa precis\u00e3o, voc\u00ea pode facilmente experimentar mudan\u00e7as sutis nas s\u00e9ries JL203C e jl202 na propriedade de tempo de atraso da fun\u00e7\u00e3o. Outro uso vital, o controle de luz \u00e9 multivoltagem, por isso \u00e9 mais vers\u00e1til e pode ser colocado em ambientes hostis para manter o funcionamento normal da lumin\u00e1ria. Ao contr\u00e1rio da s\u00e9rie jL-202, \u00e9 mais adequado para trabalho normal durante condi\u00e7\u00f5es de tens\u00e3o est\u00e1vel.<\/p><\/blockquote>\n<blockquote><p><strong>Recurso<\/strong><\/p><\/blockquote>\n<blockquote><p>1.Estrutura bimet\u00e1lica eletr\u00f4nica-t\u00e9rmica.<\/p><\/blockquote>\n<blockquote><p>2. classifica\u00e7\u00e3o \u00e0 prova d&#039;\u00e1gua opcional IP54, IP65, IP67<\/p><\/blockquote>\n<blockquote><p>3. Este produto fornece tr\u00eas terminais de trava girat\u00f3ria que atendem aos requisitos da ANSI C136.10-1996 e do Padr\u00e3o para Fotocontroles Plug-In de Trava para Uso com Ilumina\u00e7\u00e3o de \u00c1rea UL773.<\/p><\/blockquote>","protected":false},"excerpt":{"rendered":"<p>1. Modelo do produto: JL-203C<br \/>\n2. Tens\u00e3o nominal: 120-277 VAC<br \/>\n3. N\u00edvel de lux ligado\/desligado: 10~20Lx ligado\/30~60Lx desligado<br \/>\n4. Prote\u00e7\u00e3o contra surtos: op\u00e7\u00e3o<br \/>\n5. Padr\u00e3o de conformidade: CE, ROHS, UL<\/p>","protected":false},"featured_media":13241,"template":"","meta":{"_acf_changed":false,"_seopress_robots_primary_cat":"none","_seopress_titles_title":"","_seopress_titles_desc":"","_seopress_robots_index":""},"product_brand":[],"product_cat":[28,55],"product_tag":[],"class_list":{"0":"post-13240","1":"product","2":"type-product","3":"status-publish","4":"has-post-thumbnail","6":"product_cat-our-product","7":"product_cat-twist-lock-photocontrollers","9":"first","10":"instock","11":"shipping-taxable","12":"product-type-simple"},"acf":[],"_links":{"self":[{"href":"https:\/\/long-join.com\/pt\/wp-json\/wp\/v2\/product\/13240","targetHints":{"allow":["GET"]}}],"collection":[{"href":"https:\/\/long-join.com\/pt\/wp-json\/wp\/v2\/product"}],"about":[{"href":"https:\/\/long-join.com\/pt\/wp-json\/wp\/v2\/types\/product"}],"version-history":[{"count":1,"href":"https:\/\/long-join.com\/pt\/wp-json\/wp\/v2\/product\/13240\/revisions"}],"predecessor-version":[{"id":13252,"href":"https:\/\/long-join.com\/pt\/wp-json\/wp\/v2\/product\/13240\/revisions\/13252"}],"wp:featuredmedia":[{"embeddable":true,"href":"https:\/\/long-join.com\/pt\/wp-json\/wp\/v2\/media\/13241"}],"wp:attachment":[{"href":"https:\/\/long-join.com\/pt\/wp-json\/wp\/v2\/media?parent=13240"}],"wp:term":[{"taxonomy":"product_brand","embeddable":true,"href":"https:\/\/long-join.com\/pt\/wp-json\/wp\/v2\/product_brand?post=13240"},{"taxonomy":"product_cat","embeddable":true,"href":"https:\/\/long-join.com\/pt\/wp-json\/wp\/v2\/product_cat?post=13240"},{"taxonomy":"product_tag","embeddable":true,"href":"https:\/\/long-join.com\/pt\/wp-json\/wp\/v2\/product_tag?post=13240"}],"curies":[{"name":"wp","href":"https:\/\/api.w.org\/{rel}","templated":true}]}}