{"id":13088,"date":"2025-04-27T17:26:09","date_gmt":"2025-04-27T09:26:09","guid":{"rendered":"https:\/\/long-join.com\/?post_type=product&#038;p=13088"},"modified":"2025-04-30T17:34:50","modified_gmt":"2025-04-30T09:34:50","slug":"kits-de-controle-de-fotocelula-nema-serie-jl205c-jl210","status":"publish","type":"product","link":"https:\/\/long-join.com\/pt\/product\/nema-series-jl205c-jl210-kits-photocell-control\/","title":{"rendered":"Kits de controle de fotoc\u00e9lula da s\u00e9rie NEMA JL205C-jL210"},"content":{"rendered":"<blockquote><p>Aqui oferecemos nosso controle de fotoc\u00e9lula JL205C e <a href=\"https:\/\/long-join.com\/pt\/product\/receptaculo-de-fotocelula-bs5972-ansi-c136-10-twsit-jl-210k\/\" target=\"_blank\" rel=\"nofollow noopener\">Suportes de parede JL-210<\/a>. al\u00e9m do controlador JL205C \u00e9 usado para este 210 suportes, e tamb\u00e9m temos controle de tipo compat\u00edvel <a href=\"https:\/\/long-join.com\/pt\/product-category\/nosso-produto\/sensores-fotocelulas-com-trava-giratoria\/\" target=\"_blank\" rel=\"nofollow noopener\">jl214B,JL224B e jl224C.<\/a><\/p><\/blockquote>\n<blockquote><p>D\u00ea-me uma dica \u00fatil: este controlador segue o padr\u00e3o da s\u00e9rie do Reino Unido BS5972 e a base de controle tem trava girat\u00f3ria de 3 pinos e aqui tamb\u00e9m \u00e9 compat\u00edvel com a base padr\u00e3o da s\u00e9rie NEMA\/ANSI, como o recept\u00e1culo ANSIC 136.10-1996.<\/p><\/blockquote>\n<blockquote><p>Neste caso, voc\u00ea pode escolher um interruptor com sensor de luz da s\u00e9rie UK, pois esta \u00e9 a solu\u00e7\u00e3o ideal para resid\u00eancias europeias. Geralmente, voc\u00ea pode escolher com precis\u00e3o fios condutores de conectores \u00e0 prova d&#039;\u00e1gua (como cabos e dispositivos de extens\u00e3o \u00e0 prova d&#039;\u00e1gua), desde que atendam ao padr\u00e3o IP65. Ao contr\u00e1rio da solu\u00e7\u00e3o de melhoria de ilumina\u00e7\u00e3o acima, se voc\u00ea n\u00e3o tomar nenhuma medida criativa, na verdade, aqui at\u00e9 mesmo a fotoc\u00e9lula foi instalada, mas n\u00e3o atingiu o n\u00edvel IP65, portanto, \u00e9 melhor atender ao grau IP54. Aqui est\u00e1 este diagrama de conector \u00e0 prova d&#039;\u00e1gua de 210k com extens\u00e3o.<\/p><\/blockquote>\n<figure id=\"attachment_13103\" aria-describedby=\"caption-attachment-13103\" style=\"width: 1082px\" class=\"wp-caption aligncenter\"><img fetchpriority=\"high\" decoding=\"async\" class=\"wp-image-13103 size-full\" src=\"http:\/\/long-join.com\/wp-content\/uploads\/2025\/04\/jl205C-photocell-kits-.jpg\" alt=\"kits de fotoc\u00e9lulas jl205C\" width=\"1082\" height=\"479\" srcset=\"https:\/\/long-join.com\/wp-content\/uploads\/2025\/04\/jl205C-photocell-kits-.jpg 1082w, https:\/\/long-join.com\/wp-content\/uploads\/2025\/04\/jl205C-photocell-kits--300x133.jpg 300w, https:\/\/long-join.com\/wp-content\/uploads\/2025\/04\/jl205C-photocell-kits--1024x453.jpg 1024w, https:\/\/long-join.com\/wp-content\/uploads\/2025\/04\/jl205C-photocell-kits--768x340.jpg 768w, https:\/\/long-join.com\/wp-content\/uploads\/2025\/04\/jl205C-photocell-kits--600x266.jpg 600w\" sizes=\"(max-width: 1082px) 100vw, 1082px\" \/><figcaption id=\"caption-attachment-13103\" class=\"wp-caption-text\">kits de fotoc\u00e9lulas jl205C<\/figcaption><\/figure>\n<ul>\n<li>JL-205C tipo padr\u00e3o 120-277 V e 3 pinos atendem ANSI C136.10 e retardo de tempo 3-20 s.<\/li>\n<li>Tomada PC JL-210 e suporte de parede 210K, e suporte incluso com junta de borracha tipo N6.<\/li>\n<\/ul>","protected":false},"excerpt":{"rendered":"<p>1. Modelo do produto: JL205C-jl210<br \/>\n2. Tens\u00e3o nominal: 120-277 VAC<br \/>\n3. 210, suportes para montagem em parede<br \/>\n5. Alcance diferentes classifica\u00e7\u00f5es de IP padr\u00e3o<\/p>","protected":false},"featured_media":13092,"template":"","meta":{"_acf_changed":false,"_seopress_robots_primary_cat":"none","_seopress_titles_title":"","_seopress_titles_desc":"","_seopress_robots_index":""},"product_brand":[],"product_cat":[28,55],"product_tag":[],"class_list":{"0":"post-13088","1":"product","2":"type-product","3":"status-publish","4":"has-post-thumbnail","6":"product_cat-our-product","7":"product_cat-twist-lock-photocontrollers","9":"first","10":"instock","11":"shipping-taxable","12":"product-type-simple"},"acf":[],"_links":{"self":[{"href":"https:\/\/long-join.com\/pt\/wp-json\/wp\/v2\/product\/13088","targetHints":{"allow":["GET"]}}],"collection":[{"href":"https:\/\/long-join.com\/pt\/wp-json\/wp\/v2\/product"}],"about":[{"href":"https:\/\/long-join.com\/pt\/wp-json\/wp\/v2\/types\/product"}],"version-history":[{"count":13,"href":"https:\/\/long-join.com\/pt\/wp-json\/wp\/v2\/product\/13088\/revisions"}],"predecessor-version":[{"id":13139,"href":"https:\/\/long-join.com\/pt\/wp-json\/wp\/v2\/product\/13088\/revisions\/13139"}],"wp:featuredmedia":[{"embeddable":true,"href":"https:\/\/long-join.com\/pt\/wp-json\/wp\/v2\/media\/13092"}],"wp:attachment":[{"href":"https:\/\/long-join.com\/pt\/wp-json\/wp\/v2\/media?parent=13088"}],"wp:term":[{"taxonomy":"product_brand","embeddable":true,"href":"https:\/\/long-join.com\/pt\/wp-json\/wp\/v2\/product_brand?post=13088"},{"taxonomy":"product_cat","embeddable":true,"href":"https:\/\/long-join.com\/pt\/wp-json\/wp\/v2\/product_cat?post=13088"},{"taxonomy":"product_tag","embeddable":true,"href":"https:\/\/long-join.com\/pt\/wp-json\/wp\/v2\/product_tag?post=13088"}],"curies":[{"name":"wp","href":"https:\/\/api.w.org\/{rel}","templated":true}]}}