{"id":13061,"date":"2025-04-25T14:09:02","date_gmt":"2025-04-25T06:09:02","guid":{"rendered":"https:\/\/long-join.com\/?post_type=product&#038;p=13061"},"modified":"2025-04-26T06:04:50","modified_gmt":"2025-04-25T22:04:50","slug":"tomada-tipo-zhaga-sem-fio-hot-pluggable-jl-700w","status":"publish","type":"product","link":"https:\/\/long-join.com\/pt\/product\/leadless-zhaga-type-socket-hot-pluggable-jl-700w\/","title":{"rendered":"Tomada tipo Zhaga sem fio hot-pluggable JL-700W"},"content":{"rendered":"<blockquote><p>Vers\u00e3o sem fio JL-700W Slot O soquete Zhaga \u00e9 uma interface de controle de ilumina\u00e7\u00e3o de alto desempenho compat\u00edvel com o padr\u00e3o Zhaga Book 18.<\/p><\/blockquote>\n<blockquote><p>Em termos de par\u00e2metros el\u00e9tricos, n\u00e3o ajustamos nenhum par\u00e2metro das s\u00e9ries el\u00e9tricas de 700 W e 700 W com slot. Em segundo lugar, o soquete zhaga da vers\u00e3o sem fio (700 W e 700 W com slot) \u00e9 compat\u00edvel com bitola de fio 20-22 AWG, e uma extremidade do fio pode ser descarnada de 9 a 11 mm e revestida com uma camada de estanho. Isso se deve principalmente \u00e0 maneira como podemos inserir os fios com seguran\u00e7a e suavidade nos 4 furos na parte inferior do soquete durante a instala\u00e7\u00e3o.<\/p><\/blockquote>\n<p><img fetchpriority=\"high\" decoding=\"async\" class=\"aligncenter wp-image-13076 size-full\" src=\"http:\/\/long-join.com\/wp-content\/uploads\/2025\/04\/place-right-zhaga-installation-diagram.jpg\" alt=\"diagrama de instala\u00e7\u00e3o zhaga no lugar certo\" width=\"971\" height=\"479\" srcset=\"https:\/\/long-join.com\/wp-content\/uploads\/2025\/04\/place-right-zhaga-installation-diagram.jpg 971w, https:\/\/long-join.com\/wp-content\/uploads\/2025\/04\/place-right-zhaga-installation-diagram-300x148.jpg 300w, https:\/\/long-join.com\/wp-content\/uploads\/2025\/04\/place-right-zhaga-installation-diagram-768x379.jpg 768w, https:\/\/long-join.com\/wp-content\/uploads\/2025\/04\/place-right-zhaga-installation-diagram-600x296.jpg 600w\" sizes=\"(max-width: 971px) 100vw, 971px\" \/><\/p>\n<blockquote><p>Por fim, a vers\u00e3o com design de slot de 700 W do soquete zhaga foi projetada para levar em conta os defeitos da vers\u00e3o anterior durante o processo de instala\u00e7\u00e3o, como a vers\u00e3o anterior da junta de silicone e os problemas de deforma\u00e7\u00e3o da superf\u00edcie da lumin\u00e1ria durante o processo de instala\u00e7\u00e3o, o que levou \u00e0 impermeabiliza\u00e7\u00e3o das lumin\u00e1rias. Uma vez que a junta estivesse deformada, isso poderia aumentar o tempo de instala\u00e7\u00e3o. Portanto, adicionamos uma nova ranhura superior rosqueada \u00e0 vers\u00e3o padr\u00e3o de 700 W. Esta \u00e9 uma pequena melhoria estrutural que, por um lado, serve para fixar a posi\u00e7\u00e3o da arruela de silicone. Por outro lado, a ranhura da cabe\u00e7a rosqueada garante que a junta se encaixe perfeitamente no corpo da lumin\u00e1ria e melhora o desempenho de veda\u00e7\u00e3o dos dispositivos externos da lumin\u00e1ria.<\/p><\/blockquote>\n<blockquote><p>Al\u00e9m disso, o novo design do soquete zhaga, perfeito para a instala\u00e7\u00e3o, nos deixa com diferentes pontos de interesse. Por um lado, como instalar corretamente esta junta de silicone para estabilizar a lumin\u00e1ria. Por outro lado, como encaixar a porca met\u00e1lica do soquete corretamente, apontando para a parte superior da lumin\u00e1ria LED. Dessa forma, o novo design do soquete zhaga \u00e9 mais estanque do que o 700 padr\u00e3o (sem a ranhura) e reduz o problema de deforma\u00e7\u00e3o da junta durante a instala\u00e7\u00e3o.<\/p><\/blockquote>\n<p><img decoding=\"async\" class=\"aligncenter wp-image-13057\" src=\"http:\/\/long-join.com\/wp-content\/uploads\/2025\/04\/how-to-place-location.jpg\" alt=\"como colocar localiza\u00e7\u00e3o\" width=\"924\" height=\"409\" srcset=\"https:\/\/long-join.com\/wp-content\/uploads\/2025\/04\/how-to-place-location.jpg 1082w, https:\/\/long-join.com\/wp-content\/uploads\/2025\/04\/how-to-place-location-300x133.jpg 300w, https:\/\/long-join.com\/wp-content\/uploads\/2025\/04\/how-to-place-location-1024x453.jpg 1024w, https:\/\/long-join.com\/wp-content\/uploads\/2025\/04\/how-to-place-location-768x340.jpg 768w, https:\/\/long-join.com\/wp-content\/uploads\/2025\/04\/how-to-place-location-600x266.jpg 600w\" sizes=\"(max-width: 924px) 100vw, 924px\" \/><\/p>\n<blockquote><p>A vers\u00e3o sem fio do soquete zhaga \u00e9 plug-and-play. Se acidentalmente conectarmos um fio no orif\u00edcio errado, podemos retir\u00e1-lo rapidamente e conect\u00e1-lo ao soquete correto. Por que \u00e9 importante inserir o fio no soquete correto? Porque a parte inferior do soquete zhaga possui 4 orif\u00edcios de acesso diferentes, cada um com uma fun\u00e7\u00e3o el\u00e9trica diferente (consulte a especifica\u00e7\u00e3o do slot de 700 W). Al\u00e9m disso, o driver da lumin\u00e1ria possui diferentes pontos de acesso correspondentes a DA LI+, DALI- e 24 VCC. Veja o diagrama de fia\u00e7\u00e3o de 700 W abaixo.<\/p><\/blockquote>\n<p><img decoding=\"async\" class=\"wp-image-12892 size-full aligncenter\" src=\"http:\/\/long-join.com\/wp-content\/uploads\/2023\/10\/Wiring-diagram-zhaga-socket.png\" alt=\"Diagrama de fia\u00e7\u00e3o do soquete zhaga\" width=\"679\" height=\"330\" srcset=\"https:\/\/long-join.com\/wp-content\/uploads\/2023\/10\/Wiring-diagram-zhaga-socket.png 679w, https:\/\/long-join.com\/wp-content\/uploads\/2023\/10\/Wiring-diagram-zhaga-socket-300x146.png 300w, https:\/\/long-join.com\/wp-content\/uploads\/2023\/10\/Wiring-diagram-zhaga-socket-600x292.png 600w\" sizes=\"(max-width: 679px) 100vw, 679px\" \/><\/p>\n<blockquote><p><strong>O soquete zhaga da vers\u00e3o sem fio JL-700W \u00e9 dividido nessas partes<\/strong><\/p><\/blockquote>\n<blockquote><p>Corpo do terminal de soquete 1-zhaga.<\/p><\/blockquote>\n<blockquote><p>Porcas de metal 2-zhaga ou op\u00e7\u00e3o de escolha porca hexagonal de pl\u00e1stico.<\/p><\/blockquote>\n<blockquote><p>Junta de silicone de 3 materiais especiais.<\/p><\/blockquote>\n<blockquote><p>4-se voc\u00ea quiser uma porca sextavada de pl\u00e1stico, voc\u00ea pode escolher esta <strong>arruela de press\u00e3o de dente interno<\/strong> para melhorar a fixa\u00e7\u00e3o robusta da trava entre o corpo do soquete e a lumin\u00e1ria de led. aqui voc\u00ea conhece a instala\u00e7\u00e3o real atrav\u00e9s do v\u00eddeo que pode assistir.<\/p><\/blockquote>\n<blockquote><p>Tampa de 5 zhaga<\/p><\/blockquote>\n<p><img loading=\"lazy\" decoding=\"async\" class=\"wp-image-13079 size-full aligncenter\" src=\"http:\/\/long-join.com\/wp-content\/uploads\/2025\/04\/700w-internal-tooth-lock-washer-.jpg\" alt=\"Arruela de press\u00e3o interna de 700 W\" width=\"971\" height=\"308\" srcset=\"https:\/\/long-join.com\/wp-content\/uploads\/2025\/04\/700w-internal-tooth-lock-washer-.jpg 971w, https:\/\/long-join.com\/wp-content\/uploads\/2025\/04\/700w-internal-tooth-lock-washer--300x95.jpg 300w, https:\/\/long-join.com\/wp-content\/uploads\/2025\/04\/700w-internal-tooth-lock-washer--768x244.jpg 768w, https:\/\/long-join.com\/wp-content\/uploads\/2025\/04\/700w-internal-tooth-lock-washer--600x190.jpg 600w\" sizes=\"(max-width: 971px) 100vw, 971px\" \/><\/p>","protected":false},"excerpt":{"rendered":"<p>A vers\u00e3o sem fio com encaixe JL-700W do soquete Zhaga da LONGJOIN Lighting \u00e9 uma interface de controle de ilumina\u00e7\u00e3o inovadora projetada para aplica\u00e7\u00f5es como ilumina\u00e7\u00e3o p\u00fablica inteligente, ilumina\u00e7\u00e3o de \u00e1reas e ilumina\u00e7\u00e3o de ocupa\u00e7\u00e3o. Baseado no padr\u00e3o Zhaga Book 18, este produto utiliza um design de encaixe exclusivo que resolve efetivamente o problema de deforma\u00e7\u00e3o da junta de silicone, comum durante a instala\u00e7\u00e3o de soquetes tradicionais, e melhora significativamente a impermeabiliza\u00e7\u00e3o e a facilidade de instala\u00e7\u00e3o.<\/p>\n<p>-Porta 1: 24 VCC<br \/>\n\u2013 Porta 2: DALI\u2013\/GND<br \/>\n\u2013 Porta 3: DALI+<br \/>\n\u2013 Porta 4: reservel\/O<\/p>","protected":false},"featured_media":13071,"template":"","meta":{"_acf_changed":false,"_seopress_robots_primary_cat":"none","_seopress_titles_title":"","_seopress_titles_desc":"","_seopress_robots_index":""},"product_brand":[],"product_cat":[28,35,29,49],"product_tag":[48,54],"class_list":{"0":"post-13061","1":"product","2":"type-product","3":"status-publish","4":"has-post-thumbnail","6":"product_cat-our-product","7":"product_cat-photocell-switch-fittings","8":"product_cat-zhaga-series","9":"product_cat-zhaga-socket","10":"product_tag-zhaga","11":"product_tag-zhaga-socket","13":"first","14":"instock","15":"shipping-taxable","16":"product-type-simple"},"acf":[],"_links":{"self":[{"href":"https:\/\/long-join.com\/pt\/wp-json\/wp\/v2\/product\/13061","targetHints":{"allow":["GET"]}}],"collection":[{"href":"https:\/\/long-join.com\/pt\/wp-json\/wp\/v2\/product"}],"about":[{"href":"https:\/\/long-join.com\/pt\/wp-json\/wp\/v2\/types\/product"}],"version-history":[{"count":10,"href":"https:\/\/long-join.com\/pt\/wp-json\/wp\/v2\/product\/13061\/revisions"}],"predecessor-version":[{"id":13084,"href":"https:\/\/long-join.com\/pt\/wp-json\/wp\/v2\/product\/13061\/revisions\/13084"}],"wp:featuredmedia":[{"embeddable":true,"href":"https:\/\/long-join.com\/pt\/wp-json\/wp\/v2\/media\/13071"}],"wp:attachment":[{"href":"https:\/\/long-join.com\/pt\/wp-json\/wp\/v2\/media?parent=13061"}],"wp:term":[{"taxonomy":"product_brand","embeddable":true,"href":"https:\/\/long-join.com\/pt\/wp-json\/wp\/v2\/product_brand?post=13061"},{"taxonomy":"product_cat","embeddable":true,"href":"https:\/\/long-join.com\/pt\/wp-json\/wp\/v2\/product_cat?post=13061"},{"taxonomy":"product_tag","embeddable":true,"href":"https:\/\/long-join.com\/pt\/wp-json\/wp\/v2\/product_tag?post=13061"}],"curies":[{"name":"wp","href":"https:\/\/api.w.org\/{rel}","templated":true}]}}