{"id":13039,"date":"2025-04-24T13:31:17","date_gmt":"2025-04-24T05:31:17","guid":{"rendered":"https:\/\/long-join.com\/?post_type=product&#038;p=13039"},"modified":"2025-12-22T17:33:17","modified_gmt":"2025-12-22T09:33:17","slug":"slot-de-soquete-book18-zhaga-com-junta-de-silicone-jl-700","status":"publish","type":"product","link":"https:\/\/long-join.com\/pt\/product\/book18-zhaga-socket-slot-design-with-silicone-gasket-jl-700\/","title":{"rendered":"Design de slot de soquete Zhaga Book18 com junta de silicone JL-700"},"content":{"rendered":"<blockquote><p>A vers\u00e3o aprimorada do soquete Zhaga Slot 700 \u00e9 ainda mais vantajosa porque nossa vers\u00e3o anterior apresentava problemas com a junta de silicone e deforma\u00e7\u00e3o da superf\u00edcie da l\u00e2mpada durante o processo de instala\u00e7\u00e3o, o que pode causar problemas de impermeabiliza\u00e7\u00e3o da l\u00e2mpada, al\u00e9m de exigir a troca repetida de juntas e at\u00e9 mesmo danificar o soquete. Projetamos este soquete Zhaga com um slot para cart\u00e3o n\u00e3o apenas para solucionar os problemas encontrados pelos usu\u00e1rios durante o uso, mas tamb\u00e9m para torn\u00e1-los mais confiantes em nosso servi\u00e7o e em nossa capacidade de resolver os problemas que eles encontram na vida real.<\/p>\n<figure id=\"attachment_13054\" aria-describedby=\"caption-attachment-13054\" style=\"width: 1082px\" class=\"wp-caption alignnone\"><img fetchpriority=\"high\" decoding=\"async\" class=\"wp-image-13054 size-full\" src=\"http:\/\/long-join.com\/wp-content\/uploads\/2025\/04\/Slot-Design-zhaga-socket700.jpg\" alt=\"Design de slot zhaga socket700\" width=\"1082\" height=\"479\" srcset=\"https:\/\/long-join.com\/wp-content\/uploads\/2025\/04\/Slot-Design-zhaga-socket700.jpg 1082w, https:\/\/long-join.com\/wp-content\/uploads\/2025\/04\/Slot-Design-zhaga-socket700-300x133.jpg 300w, https:\/\/long-join.com\/wp-content\/uploads\/2025\/04\/Slot-Design-zhaga-socket700-1024x453.jpg 1024w, https:\/\/long-join.com\/wp-content\/uploads\/2025\/04\/Slot-Design-zhaga-socket700-768x340.jpg 768w, https:\/\/long-join.com\/wp-content\/uploads\/2025\/04\/Slot-Design-zhaga-socket700-600x266.jpg 600w\" sizes=\"(max-width: 1082px) 100vw, 1082px\" \/><figcaption id=\"caption-attachment-13054\" class=\"wp-caption-text\">Design de slot zhaga soquete 700<\/figcaption><\/figure><\/blockquote>\n<blockquote><p>Al\u00e9m disso, o novo design do soquete Zhaga com slot para cart\u00e3o \u00e9 perfeito, o que nos oferece diversas vantagens. Por um lado, como instalar corretamente esta junta de silicone para estabiliz\u00e1-la na l\u00e2mpada? Por outro, como travar a porca de metal do soquete na parte superior da l\u00e2mpada LED na dire\u00e7\u00e3o correta? Dessa forma, o soquete Zhaga com novo design possui veda\u00e7\u00e3o e impermeabiliza\u00e7\u00e3o mais fortes do que o soquete 700 comum (sem slot), reduzindo o problema de deforma\u00e7\u00e3o da junta durante o processo de instala\u00e7\u00e3o.<\/p>\n<figure id=\"attachment_13057\" aria-describedby=\"caption-attachment-13057\" style=\"width: 1082px\" class=\"wp-caption alignnone\"><img decoding=\"async\" class=\"wp-image-13057 size-full\" src=\"http:\/\/long-join.com\/wp-content\/uploads\/2025\/04\/how-to-place-location.jpg\" alt=\"como colocar localiza\u00e7\u00e3o\" width=\"1082\" height=\"479\" srcset=\"https:\/\/long-join.com\/wp-content\/uploads\/2025\/04\/how-to-place-location.jpg 1082w, https:\/\/long-join.com\/wp-content\/uploads\/2025\/04\/how-to-place-location-300x133.jpg 300w, https:\/\/long-join.com\/wp-content\/uploads\/2025\/04\/how-to-place-location-1024x453.jpg 1024w, https:\/\/long-join.com\/wp-content\/uploads\/2025\/04\/how-to-place-location-768x340.jpg 768w, https:\/\/long-join.com\/wp-content\/uploads\/2025\/04\/how-to-place-location-600x266.jpg 600w\" sizes=\"(max-width: 1082px) 100vw, 1082px\" \/><figcaption id=\"caption-attachment-13057\" class=\"wp-caption-text\">como colocar localiza\u00e7\u00e3o<\/figcaption><\/figure><\/blockquote>\n<blockquote><p><strong>Estrutura de design Recurso<\/strong><\/p><\/blockquote>\n<ul>\n<li style=\"list-style-type: none;\">\n<ul>\n<li>Estrutura da ranhura: O design exclusivo da ranhura garante que a junta de silicone fique fixada de forma est\u00e1vel e previna eficazmente a deforma\u00e7\u00e3o.<\/li>\n<li>Maior impermeabilidade: o design otimizado melhora significativamente o efeito geral de veda\u00e7\u00e3o e melhora o desempenho \u00e0 prova d&#039;\u00e1gua.<\/li>\n<li>F\u00e1cil instala\u00e7\u00e3o: A porca de metal pode ser travada na parte superior da l\u00e2mpada LED na dire\u00e7\u00e3o correta, simplificando o processo de instala\u00e7\u00e3o.<\/li>\n<li>Alta durabilidade: reduza a frequ\u00eancia de substitui\u00e7\u00e3o da junta e diminua o risco de danos ao soquete.<\/li>\n<\/ul>\n<\/li>\n<\/ul>\n<blockquote><p><strong>Formato e tamanho do furo de perfura\u00e7\u00e3o<\/strong><\/p><\/blockquote>\n<p><img decoding=\"async\" class=\"alignnone wp-image-12893\" title=\"como fazer o formato do furo de perfura\u00e7\u00e3o para o soquete zhaga\" src=\"http:\/\/long-join.com\/wp-content\/uploads\/2023\/10\/how-do-drilling-hole-shape-for-zhaga-socket.png\" alt=\"como fazer o formato do furo de perfura\u00e7\u00e3o para o soquete zhaga\" width=\"657\" height=\"234\" srcset=\"https:\/\/long-join.com\/wp-content\/uploads\/2023\/10\/how-do-drilling-hole-shape-for-zhaga-socket.png 817w, https:\/\/long-join.com\/wp-content\/uploads\/2023\/10\/how-do-drilling-hole-shape-for-zhaga-socket-300x107.png 300w, https:\/\/long-join.com\/wp-content\/uploads\/2023\/10\/how-do-drilling-hole-shape-for-zhaga-socket-768x274.png 768w, https:\/\/long-join.com\/wp-content\/uploads\/2023\/10\/how-do-drilling-hole-shape-for-zhaga-socket-600x214.png 600w\" sizes=\"(max-width: 657px) 100vw, 657px\" \/><\/p>","protected":false},"excerpt":{"rendered":"<p>A new type design 700 zhaga socket with slot feature. This innovative slot design Zhaga socket is an improved version developed by us to solve users&#8217; practical installation problems. The slot design not only solves the problem of the silicone gasket warping against the face of the fixture, but also greatly improves water resistance and ease of installation.<\/p>\n<p>Bitola de fio da vers\u00e3o UE Zhaga Socket<br \/>\n\u2013 Porta 1 (Marrom): 24Vdc<br \/>\n\u2013 Porta 2 (cinza): DALI (ou protocolo baseado em DALI) \u2013 \/common ground<br \/>\n\u2013 Porta 3 (Azul): DALI (ou protocolo baseado em DALI) +<br \/>\n\u2013 Porta 4 (Preta): E\/S geral<\/p>","protected":false},"featured_media":13048,"template":"","meta":{"_acf_changed":false,"_seopress_robots_primary_cat":"none","_seopress_titles_title":"","_seopress_titles_desc":"","_seopress_robots_index":""},"product_brand":[],"product_cat":[28,35,29,49],"product_tag":[],"class_list":{"0":"post-13039","1":"product","2":"type-product","3":"status-publish","4":"has-post-thumbnail","6":"product_cat-our-product","7":"product_cat-photocell-switch-fittings","8":"product_cat-zhaga-series","9":"product_cat-zhaga-socket","11":"first","12":"instock","13":"shipping-taxable","14":"product-type-simple"},"acf":[],"_links":{"self":[{"href":"https:\/\/long-join.com\/pt\/wp-json\/wp\/v2\/product\/13039","targetHints":{"allow":["GET"]}}],"collection":[{"href":"https:\/\/long-join.com\/pt\/wp-json\/wp\/v2\/product"}],"about":[{"href":"https:\/\/long-join.com\/pt\/wp-json\/wp\/v2\/types\/product"}],"version-history":[{"count":9,"href":"https:\/\/long-join.com\/pt\/wp-json\/wp\/v2\/product\/13039\/revisions"}],"predecessor-version":[{"id":13051,"href":"https:\/\/long-join.com\/pt\/wp-json\/wp\/v2\/product\/13039\/revisions\/13051"}],"wp:featuredmedia":[{"embeddable":true,"href":"https:\/\/long-join.com\/pt\/wp-json\/wp\/v2\/media\/13048"}],"wp:attachment":[{"href":"https:\/\/long-join.com\/pt\/wp-json\/wp\/v2\/media?parent=13039"}],"wp:term":[{"taxonomy":"product_brand","embeddable":true,"href":"https:\/\/long-join.com\/pt\/wp-json\/wp\/v2\/product_brand?post=13039"},{"taxonomy":"product_cat","embeddable":true,"href":"https:\/\/long-join.com\/pt\/wp-json\/wp\/v2\/product_cat?post=13039"},{"taxonomy":"product_tag","embeddable":true,"href":"https:\/\/long-join.com\/pt\/wp-json\/wp\/v2\/product_tag?post=13039"}],"curies":[{"name":"wp","href":"https:\/\/api.w.org\/{rel}","templated":true}]}}