{"id":12648,"date":"2025-03-27T10:44:01","date_gmt":"2025-03-27T02:44:01","guid":{"rendered":"https:\/\/long-join.com\/?post_type=product&#038;p=12648"},"modified":"2025-09-12T13:49:49","modified_gmt":"2025-09-12T05:49:49","slug":"controlador-de-celula-fotoeletrica-de-7-pinos-com-dimerizacao-de-480-v-0-10-v-jl-243f","status":"publish","type":"product","link":"https:\/\/long-join.com\/pt\/product\/480v-0-10v-dimming-7-pin-photo-cell-controller-jl-243f\/","title":{"rendered":"Controlador de c\u00e9lula fotoel\u00e9trica de 7 pinos 480 V 0-10 V com dimeriza\u00e7\u00e3o JL-243F"},"content":{"rendered":"<blockquote><p>Temos o prazer de apresentar nossa oferta para o controlador da s\u00e9rie JL-24. Esses controladores oferecem uma variedade de fun\u00e7\u00f5es, incluindo o controlador de luz 241c, equipado com dimeriza\u00e7\u00e3o constante. Este modo mede a fonte de valor de a\u00e7\u00e3o de dimeriza\u00e7\u00e3o a partir dos n\u00edveis de luz de trabalho do ambiente local e ajusta automaticamente o valor de sensibilidade \u00e0 luz do controlador com base na ilumina\u00e7\u00e3o da lumin\u00e1ria local. O controlador 242c funciona com dimeriza\u00e7\u00e3o constante e dimeriza\u00e7\u00e3o noturna. O controlador JL-243c \u00e9 o modelo mais avan\u00e7ado, atendendo a m\u00faltiplas fun\u00e7\u00f5es, incluindo o mesmo desempenho do controlador 242c e compensa\u00e7\u00e3o de decaimento do LED.<\/p><\/blockquote>\n<blockquote><p>Al\u00e9m disso, nosso novo produto, o JL-243F, opera a uma tens\u00e3o de 480 VCA. Este controlador \u00e9 diferente dos controladores 241C, 242 e 243C. Ele oferece uma vantagem significativa em prote\u00e7\u00e3o contra surtos, com um valor m\u00e1ximo de 640 Joules\/40 kA Amp. Isso indica que o controlador est\u00e1 equipado com tecnologia de prote\u00e7\u00e3o contra surtos, que o impede de atingir componentes eletr\u00f4nicos sens\u00edveis, como fotocontroladores e sensores. Esses componentes podem ser danificados por picos de alta tens\u00e3o. \u00c9 importante observar que esses controladores s\u00e3o projetados para operar em n\u00edveis de aproximadamente 100 lx (in\u00edcio ligado &lt;100 lx, desligado &gt;100 lx). O controlador da s\u00e9rie 24 est\u00e1 equipado com configura\u00e7\u00f5es sens\u00edveis \u00e0 ilumina\u00e7\u00e3o, permitindo personaliza\u00e7\u00e3o para atender a necessidades espec\u00edficas.<\/p><\/blockquote>\n<blockquote><p><a href=\"https:\/\/long-join.com\/pt\/product\/long-join-nema-7-pinos-phocontrol110-277vac-0-10v-dimerizacao\/\" target=\"_blank\" rel=\"nofollow noopener\">tipo de controlador padr\u00e3o: 241c, 242c e 243c<\/a><\/p><\/blockquote>","protected":false},"excerpt":{"rendered":"<p>1. Modelo do produto: JL-243F<br \/>\n2. Tens\u00e3o nominal: 480 VCA<br \/>\n3. N\u00edvel de lux ligado\/desligado: 100lx<br \/>\n5. Sa\u00edda de dimeriza\u00e7\u00e3o 0-10v<\/p>","protected":false},"featured_media":12652,"template":"","meta":{"_acf_changed":false,"_seopress_robots_primary_cat":"none","_seopress_titles_title":"","_seopress_titles_desc":"","_seopress_robots_index":""},"product_brand":[],"product_cat":[60,28,55],"product_tag":[],"class_list":{"0":"post-12648","1":"product","2":"type-product","3":"status-publish","4":"has-post-thumbnail","6":"product_cat-dimming-photocontrol","7":"product_cat-our-product","8":"product_cat-twist-lock-photocontrollers","10":"first","11":"instock","12":"shipping-taxable","13":"product-type-simple"},"acf":[],"_links":{"self":[{"href":"https:\/\/long-join.com\/pt\/wp-json\/wp\/v2\/product\/12648","targetHints":{"allow":["GET"]}}],"collection":[{"href":"https:\/\/long-join.com\/pt\/wp-json\/wp\/v2\/product"}],"about":[{"href":"https:\/\/long-join.com\/pt\/wp-json\/wp\/v2\/types\/product"}],"version-history":[{"count":3,"href":"https:\/\/long-join.com\/pt\/wp-json\/wp\/v2\/product\/12648\/revisions"}],"predecessor-version":[{"id":15171,"href":"https:\/\/long-join.com\/pt\/wp-json\/wp\/v2\/product\/12648\/revisions\/15171"}],"wp:featuredmedia":[{"embeddable":true,"href":"https:\/\/long-join.com\/pt\/wp-json\/wp\/v2\/media\/12652"}],"wp:attachment":[{"href":"https:\/\/long-join.com\/pt\/wp-json\/wp\/v2\/media?parent=12648"}],"wp:term":[{"taxonomy":"product_brand","embeddable":true,"href":"https:\/\/long-join.com\/pt\/wp-json\/wp\/v2\/product_brand?post=12648"},{"taxonomy":"product_cat","embeddable":true,"href":"https:\/\/long-join.com\/pt\/wp-json\/wp\/v2\/product_cat?post=12648"},{"taxonomy":"product_tag","embeddable":true,"href":"https:\/\/long-join.com\/pt\/wp-json\/wp\/v2\/product_tag?post=12648"}],"curies":[{"name":"wp","href":"https:\/\/api.w.org\/{rel}","templated":true}]}}