{"id":10468,"date":"2024-12-18T17:12:23","date_gmt":"2024-12-18T09:12:23","guid":{"rendered":"https:\/\/long-join.com\/?post_type=product&#038;p=10468"},"modified":"2025-12-25T11:21:06","modified_gmt":"2025-12-25T03:21:06","slug":"controlador-de-fotocelula-de-iluminacao-publica-sem-fio-nb-iot-120-277-vca","status":"publish","type":"product","link":"https:\/\/long-join.com\/pt\/product\/nb-iot-wireless-remote-street-light-photocell-controller-120-277vac\/","title":{"rendered":"Controlador de fotoc\u00e9lula sem fio para ilumina\u00e7\u00e3o p\u00fablica NB IoT 120-277 VCA"},"content":{"rendered":"<blockquote><p>Grupos de tecnologia inteligente de Xangai se unem, e aqui est\u00e3o v\u00e1rios tipos de ilumina\u00e7\u00e3o p\u00fablica com fotoc\u00e9lula. Se voc\u00ea estiver interessado em nosso controlador de ilumina\u00e7\u00e3o inteligente, aqui est\u00e3o as principais redes de comunica\u00e7\u00e3o sem fio, como ZigBee e NB-Iot (Internet das Coisas de Banda Estreita). Como esses tipos de redes de comunica\u00e7\u00e3o sem fio s\u00e3o diferentes, tamb\u00e9m seremos divididos em controladores inteligentes ZigBee e NB-Iot.<\/p><\/blockquote>\n<blockquote>\n<figure id=\"attachment_10481\" aria-describedby=\"caption-attachment-10481\" style=\"width: 1120px\" class=\"wp-caption aligncenter\"><img fetchpriority=\"high\" decoding=\"async\" class=\"wp-image-10481 size-full\" src=\"http:\/\/long-join.com\/wp-content\/uploads\/2024\/12\/long-join-wireless-controller.jpg\" alt=\"controlador sem fio de jun\u00e7\u00e3o longa\" width=\"1120\" height=\"400\" srcset=\"https:\/\/long-join.com\/wp-content\/uploads\/2024\/12\/long-join-wireless-controller.jpg 1120w, https:\/\/long-join.com\/wp-content\/uploads\/2024\/12\/long-join-wireless-controller-300x107.jpg 300w, https:\/\/long-join.com\/wp-content\/uploads\/2024\/12\/long-join-wireless-controller-1024x366.jpg 1024w, https:\/\/long-join.com\/wp-content\/uploads\/2024\/12\/long-join-wireless-controller-768x274.jpg 768w, https:\/\/long-join.com\/wp-content\/uploads\/2024\/12\/long-join-wireless-controller-600x214.jpg 600w\" sizes=\"(max-width: 1120px) 100vw, 1120px\" \/><figcaption id=\"caption-attachment-10481\" class=\"wp-caption-text\">controlador sem fio de jun\u00e7\u00e3o longa<\/figcaption><\/figure><\/blockquote>\n<blockquote><p><strong>***Controlador de luz inteligente ZigBee: <a href=\"https:\/\/long-join.com\/pt\/product\/controlador-de-luz-inteligente-sem-fio-zigbee-interruptor-de-controle-de-foto-jl-245cz\/\" target=\"_blank\" rel=\"nofollow noopener\">JL-245C<\/a> e <a href=\"https:\/\/long-join.com\/pt\/product\/controlador-de-iluminacao-publica-inteligente-sem-fio-jl-246cg-master-zigbee-120-277-vca\/\" target=\"_blank\" rel=\"nofollow noopener\">JL-246CG<\/a><\/strong><\/p><\/blockquote>\n<blockquote><p>O controlador sem fio ZigBee JL-246CG atua como um mestre, conectando-se a v\u00e1rios controladores JL-245CZ sem fio. Ele facilita a transmiss\u00e3o de dados para servi\u00e7os em nuvem por v\u00e1rios meios, como LTE Cat1 ou outras redes (2G\/3G\/4G\/NB-IoT\/LoRa\/Sigfox). Al\u00e9m disso, possui uma estrat\u00e9gia de controle autom\u00e1tico de ilumina\u00e7\u00e3o que liga e desliga as luzes do anoitecer ao amanhecer. Observa\u00e7\u00e3o: estes controladores de luz com acionamento autom\u00e1tico adotam o modo de controle de ilumina\u00e7\u00e3o local e, por si s\u00f3, ajustam automaticamente as opera\u00e7\u00f5es com base na intensidade da luz externa. N\u00e3o se preocupe, nossa rede ZigBee suporta <strong>MALHA<\/strong>, ent\u00e3o cada n\u00f3 pode intercomunicar e entre si intertransmitir, incluindo excelentes recursos de transceptores nativos e outras capacidades de encaminhamento.<\/p><\/blockquote>\n<blockquote><p><strong>***Controlador de luz inteligente NB-IoT: JL-245CN<\/strong><\/p><\/blockquote>\n<blockquote><p>Em 2019, tamb\u00e9m lan\u00e7amos um controlador de luz NB-Iot do tipo rede de comunica\u00e7\u00e3o sem fio de tecnologia avan\u00e7ada. Em compara\u00e7\u00e3o com o controlador de modo sem fio ZigBee, a dist\u00e2ncia de transmiss\u00e3o deste controlador NB-IoT chega a mais de dez quil\u00f4metros, e este tipo de comunica\u00e7\u00e3o sem fio \u00e9 ideal para aplica\u00e7\u00f5es de dispositivos de ilumina\u00e7\u00e3o externa e em infraestruturas de cidades inteligentes, com dispositivos de intercomunica\u00e7\u00e3o de dados entre si por nb-iot.<\/p><\/blockquote>\n<blockquote><p><strong>Demonstra\u00e7\u00e3o Estrutura de comunica\u00e7\u00e3o Links l\u00f3gicos Fluxos<\/strong><\/p><\/blockquote>\n<blockquote><p>O controlador de ilumina\u00e7\u00e3o p\u00fablica inteligente sem fio NB-Iot JL-245CN suporta transmiss\u00e3o de dados sem fio para cada lumin\u00e1ria com o controlador NB-IOT. Esses controladores de ilumina\u00e7\u00e3o inteligentes oferecem um custo mais baixo, sem necessidade de transfer\u00eancia de dados para conectar a esta\u00e7\u00e3o base de comunica\u00e7\u00e3o, permitindo a autotransfer\u00eancia de dados para a esta\u00e7\u00e3o base. Portanto, esta esta\u00e7\u00e3o base de comunica\u00e7\u00e3o transferir\u00e1 dados automaticamente para o servi\u00e7o de terminal remoto em nuvem (terminal PC\/Aplicativo). Algumas dicas: controle padr\u00e3o com comunica\u00e7\u00e3o sem fio, que permite conectar o n\u00f3 ao sistema de gerenciamento de cidades inteligentes locais, mas voc\u00ea pode transferir o documento do protocolo UART para voc\u00ea por meio da equipe t\u00e9cnica de longa conex\u00e3o. Al\u00e9m disso, nosso controlador sem fio NB-IOT suporta estrutura de rede tipo &quot;mesh&quot;, com a mesma fun\u00e7\u00e3o que as redes sem fio ZigBee.<\/p><\/blockquote>\n<p><img decoding=\"async\" class=\"wp-image-10477 size-full aligncenter\" src=\"http:\/\/long-join.com\/wp-content\/uploads\/2024\/12\/JL-245CN-demo-network-diagram.jpg\" alt=\"Diagrama de rede de demonstra\u00e7\u00e3o JL-245CN\" width=\"1100\" height=\"500\" srcset=\"https:\/\/long-join.com\/wp-content\/uploads\/2024\/12\/JL-245CN-demo-network-diagram.jpg 1100w, https:\/\/long-join.com\/wp-content\/uploads\/2024\/12\/JL-245CN-demo-network-diagram-300x136.jpg 300w, https:\/\/long-join.com\/wp-content\/uploads\/2024\/12\/JL-245CN-demo-network-diagram-1024x465.jpg 1024w, https:\/\/long-join.com\/wp-content\/uploads\/2024\/12\/JL-245CN-demo-network-diagram-768x349.jpg 768w, https:\/\/long-join.com\/wp-content\/uploads\/2024\/12\/JL-245CN-demo-network-diagram-600x273.jpg 600w\" sizes=\"(max-width: 1100px) 100vw, 1100px\" \/><\/p>\n<blockquote><p>1. O JL-245CN \u00e9 conectado automaticamente ao UM9000 atrav\u00e9s da rede NB-IOT quando ligado.<\/p><\/blockquote>\n<blockquote><p>2. O UM9000 \u00e9 conectado automaticamente ao servidor em nuvem por meio da rede NB-IOT. (O UM9000 \u00e9 uma das s\u00e9ries UM, nosso sistema de gerenciamento de ilumina\u00e7\u00e3o inteligente, \u00e9 o acess\u00f3rio de ilumina\u00e7\u00e3o p\u00fablica externa mais \u00fatil.)<\/p><\/blockquote>\n<blockquote><p>3. Os usu\u00e1rios podem controlar remotamente todos os dispositivos por meio da interface WEB do terminal do computador.<\/p><\/blockquote>\n<blockquote><p><strong>Caracter\u00edsticas do JL-245CN<\/strong><\/p><\/blockquote>\n<blockquote><p>*Nb-Iot Communication distance\uff1a\u22641000m<\/p><\/blockquote>\n<blockquote><p>*Altitude: \u22644000m<\/p><\/blockquote>\n<blockquote><p>*Tampa sandu\u00edche para longa vida \u00fatil, este formato com PC duplo (opcional)<\/p><\/blockquote>\n<blockquote><p>*N\u00edvel de prote\u00e7\u00e3o contra surtos: modo diferencial 6KV\/3KA<\/p><\/blockquote>\n<blockquote><p>*M\u00f3dulo NB-IoT, slot para cart\u00e3o SIM oferecido<\/p><\/blockquote>","protected":false},"excerpt":{"rendered":"<p>1. Modelo do produto: JL-245CN<br \/>\n2. Classifica\u00e7\u00e3o IP: IP65\/IP67<br \/>\n3. Sem fio: NB-IOT<br \/>\n4. Sa\u00edda de escurecimento: 0-10V\/PWM<\/p>","protected":false},"featured_media":10484,"template":"","meta":{"_acf_changed":false,"_seopress_robots_primary_cat":"none","_seopress_titles_title":"","_seopress_titles_desc":"","_seopress_robots_index":""},"product_brand":[],"product_cat":[60,28,59,55],"product_tag":[],"class_list":{"0":"post-10468","1":"product","2":"type-product","3":"status-publish","4":"has-post-thumbnail","6":"product_cat-dimming-photocontrol","7":"product_cat-our-product","8":"product_cat-smart-photocell-sensor","9":"product_cat-twist-lock-photocontrollers","11":"first","12":"instock","13":"shipping-taxable","14":"product-type-simple"},"acf":[],"_links":{"self":[{"href":"https:\/\/long-join.com\/pt\/wp-json\/wp\/v2\/product\/10468","targetHints":{"allow":["GET"]}}],"collection":[{"href":"https:\/\/long-join.com\/pt\/wp-json\/wp\/v2\/product"}],"about":[{"href":"https:\/\/long-join.com\/pt\/wp-json\/wp\/v2\/types\/product"}],"version-history":[{"count":18,"href":"https:\/\/long-join.com\/pt\/wp-json\/wp\/v2\/product\/10468\/revisions"}],"predecessor-version":[{"id":16634,"href":"https:\/\/long-join.com\/pt\/wp-json\/wp\/v2\/product\/10468\/revisions\/16634"}],"wp:featuredmedia":[{"embeddable":true,"href":"https:\/\/long-join.com\/pt\/wp-json\/wp\/v2\/media\/10484"}],"wp:attachment":[{"href":"https:\/\/long-join.com\/pt\/wp-json\/wp\/v2\/media?parent=10468"}],"wp:term":[{"taxonomy":"product_brand","embeddable":true,"href":"https:\/\/long-join.com\/pt\/wp-json\/wp\/v2\/product_brand?post=10468"},{"taxonomy":"product_cat","embeddable":true,"href":"https:\/\/long-join.com\/pt\/wp-json\/wp\/v2\/product_cat?post=10468"},{"taxonomy":"product_tag","embeddable":true,"href":"https:\/\/long-join.com\/pt\/wp-json\/wp\/v2\/product_tag?post=10468"}],"curies":[{"name":"wp","href":"https:\/\/api.w.org\/{rel}","templated":true}]}}