{"id":10397,"date":"2024-12-12T16:58:30","date_gmt":"2024-12-12T08:58:30","guid":{"rendered":"https:\/\/long-join.com\/?post_type=product&#038;p=10397"},"modified":"2024-12-18T18:21:49","modified_gmt":"2024-12-18T10:21:49","slug":"controlador-de-iluminacao-publica-inteligente-sem-fio-jl-246cg-master-zigbee-120-277-vca","status":"publish","type":"product","link":"https:\/\/long-join.com\/pt\/product\/jl-246cg-master-zigbee-wireless-smart-street-light-controller-120-277vac\/","title":{"rendered":"Controlador de ilumina\u00e7\u00e3o p\u00fablica inteligente sem fio JL-246CG Master ZigBee 120-277 VCA"},"content":{"rendered":"<div id=\"elementor-tab-content-2021\" class=\"elementor-tab-content elementor-clearfix elementor-active\" tabindex=\"0\" role=\"tabpanel\" data-tab=\"1\" aria-labelledby=\"elementor-tab-title-2021\">\n<blockquote><p>O controlador sem fio ZigBee JL-246CG \u00e9 um controlador mestre com conex\u00e3o sem fio multiponto <a href=\"https:\/\/long-join.com\/pt\/product\/controlador-de-luz-inteligente-sem-fio-zigbee-interruptor-de-controle-de-foto-jl-245cz\/\" target=\"_blank\" rel=\"nofollow noopener\">Controlador JL-245CZ<\/a>. Em rela\u00e7\u00e3o \u00e0 fun\u00e7\u00e3o de transmiss\u00e3o de dados, ele se conecta automaticamente ao servi\u00e7o de terminal remoto em nuvem por meio de v\u00e1rias comunica\u00e7\u00f5es LTE Cate1 ou suporta 2G\/3G\/4G\/NB-IOT\/LoRa\/Sigfox. Al\u00e9m disso, este controlador possui fun\u00e7\u00e3o estrat\u00e9gica de controle que liga e desliga a ilumina\u00e7\u00e3o automaticamente do anoitecer ao amanhecer. Dicas: Modo de controle de ilumina\u00e7\u00e3o local: O controlador de ilumina\u00e7\u00e3o pode funcionar automaticamente de acordo com as condi\u00e7\u00f5es de lux da ilumina\u00e7\u00e3o externa.<\/p><\/blockquote>\n<blockquote><p><strong>Esquema da estrutura do modo de aplica\u00e7\u00e3o de comunica\u00e7\u00e3o de rede WAN<\/strong><\/p><\/blockquote>\n<p><img fetchpriority=\"high\" decoding=\"async\" class=\"wp-image-10412\" title=\"Controlador mestre inteligente 246CG_04\" src=\"http:\/\/long-join.com\/wp-content\/uploads\/2024\/12\/246CG_04.jpg\" alt=\"Controlador mestre inteligente 246CG_04\" width=\"750\" height=\"963\" srcset=\"https:\/\/long-join.com\/wp-content\/uploads\/2024\/12\/246CG_04.jpg 750w, https:\/\/long-join.com\/wp-content\/uploads\/2024\/12\/246CG_04-234x300.jpg 234w, https:\/\/long-join.com\/wp-content\/uploads\/2024\/12\/246CG_04-600x770.jpg 600w\" sizes=\"(max-width: 750px) 100vw, 750px\" \/><\/p>\n<blockquote><p><strong>Nosso perfil de recursos de fun\u00e7\u00e3o de nuvem<\/strong><\/p><\/blockquote>\n<blockquote><p>1. Realize a coleta de tempo dos dados de par\u00e2metros el\u00e9tricos, vari\u00e1veis de estado e eventos de postes de luz inteligentes. Esses dados carregam a transmiss\u00e3o a cada 10 minutos\/vezes para o servi\u00e7o de nuvem de terminal remoto.<\/p><\/blockquote>\n<p><img decoding=\"async\" class=\"aligncenter wp-image-10428 size-full\" title=\"Coleta de dados e monitoramento de opera\u00e7\u00e3o\" src=\"http:\/\/long-join.com\/wp-content\/uploads\/2024\/12\/Data-collection-and-operation-monitoring.jpg\" alt=\"Coleta de dados e monitoramento de opera\u00e7\u00e3o\" width=\"930\" height=\"412\" srcset=\"https:\/\/long-join.com\/wp-content\/uploads\/2024\/12\/Data-collection-and-operation-monitoring.jpg 930w, https:\/\/long-join.com\/wp-content\/uploads\/2024\/12\/Data-collection-and-operation-monitoring-300x133.jpg 300w, https:\/\/long-join.com\/wp-content\/uploads\/2024\/12\/Data-collection-and-operation-monitoring-768x340.jpg 768w, https:\/\/long-join.com\/wp-content\/uploads\/2024\/12\/Data-collection-and-operation-monitoring-600x266.jpg 600w\" sizes=\"(max-width: 930px) 100vw, 930px\" \/><\/p>\n<blockquote><p>2. Gerenciamento regional por \u00e1rea administrativa multin\u00edvel do sistema. Normalmente, os usu\u00e1rios podem selecionar a \u00e1rea administrativa correspondente diretamente ao criar um projeto de ilumina\u00e7\u00e3o p\u00fablica (projeto) e inserir os dados do dispositivo de ilumina\u00e7\u00e3o por meio de um aplicativo ou PC.<\/p><\/blockquote>\n<blockquote><p>3. Como usar este aplicativo para carregar esses dados? Quais s\u00e3o os tipos de dados? Aqui, basta digitar o tipo de dado, incluindo o n\u00famero do c\u00f3digo da lumin\u00e1ria, controladores de luz, postes de luz, drivers e driver de luz LED. N\u00e3o se preocupe, consulte nosso guia de instala\u00e7\u00e3o e manuten\u00e7\u00e3o do aplicativo. Voc\u00ea tamb\u00e9m pode escanear o controlador de luz JL-245CZ com o c\u00f3digo QR pelo celular e instal\u00e1-lo rapidamente.<\/p><\/blockquote>\n<p><img decoding=\"async\" class=\"wp-image-10433 size-full\" title=\"Instala\u00e7\u00e3o e manuten\u00e7\u00e3o de APP\" src=\"http:\/\/long-join.com\/wp-content\/uploads\/2024\/12\/Installation-and-maintenance-APP.jpg\" alt=\"Instala\u00e7\u00e3o e manuten\u00e7\u00e3o de APP\" width=\"638\" height=\"476\" srcset=\"https:\/\/long-join.com\/wp-content\/uploads\/2024\/12\/Installation-and-maintenance-APP.jpg 638w, https:\/\/long-join.com\/wp-content\/uploads\/2024\/12\/Installation-and-maintenance-APP-300x224.jpg 300w, https:\/\/long-join.com\/wp-content\/uploads\/2024\/12\/Installation-and-maintenance-APP-600x448.jpg 600w\" sizes=\"(max-width: 638px) 100vw, 638px\" \/><\/p>\n<blockquote><p>4. A dist\u00e2ncia remota permite a manuten\u00e7\u00e3o de equipamentos com gerenciamento de estrat\u00e9gias de controle de tempo e estrat\u00e9gias de escurecimento \u00e0 meia-noite. Dicas: o per\u00edodo de escurecimento \u00e0 meia-noite e a taxa de brilho podem ser personalizados, o que pode economizar energia de forma eficaz.<\/p><\/blockquote>\n<blockquote><p><strong>Fun\u00e7\u00e3o de trabalho do gateway JL-246C<\/strong><\/p><\/blockquote>\n<blockquote><p>* O controlador mestre pode ser usado para comunica\u00e7\u00e3o WAN e gerenciar o JL-245C atrav\u00e9s da rede ZigBee, para que cada controlador de luz possa ser conectado ao servidor. Veja abaixo uma demonstra\u00e7\u00e3o simples do fluxo.<\/p><\/blockquote>\n<blockquote><p>* JL-246CG\u20142G\/3G\/4G\/NB-IOT\/LoRa\/Sigfox\u2014WAN\u2014Servidor em nuvem.<\/p><\/blockquote>\n<blockquote><p><strong>Caracter\u00edsticas do JL-246CG<\/strong><\/p><\/blockquote>\n<blockquote><p>*ANSI C136.41 Trava girat\u00f3ria com 7 pinos<\/p><\/blockquote>\n<blockquote><p>* Aplica\u00e7\u00e3o Multi-Volts<\/p><\/blockquote>\n<blockquote><p>* Tampa sandu\u00edche para Long Life, este formato com PC duplo<\/p><\/blockquote>\n<blockquote><p>* este controlador precisa colocar um cart\u00e3o SIM nele. (Slot para cart\u00e3o SIM LTE oferecido)<\/p><\/blockquote>\n<\/div>","protected":false},"excerpt":{"rendered":"<p>1. Modelo do produto: JL-245CG<br \/>\n2. Classifica\u00e7\u00e3o IP: IP65\/IP67<br \/>\n3. Sem fio: Zigbee<br \/>\n4. Sa\u00edda de escurecimento: 0-10V\/PWM<br \/>\n5. Comparado ao JL-245CZ, este desempenha uma fun\u00e7\u00e3o de monitor mestre na conex\u00e3o e transmiss\u00e3o uplink-downlink.<\/p>","protected":false},"featured_media":10415,"template":"","meta":{"_acf_changed":false,"_seopress_robots_primary_cat":"none","_seopress_titles_title":"","_seopress_titles_desc":"","_seopress_robots_index":""},"product_brand":[],"product_cat":[60,28,59,55],"product_tag":[],"class_list":{"0":"post-10397","1":"product","2":"type-product","3":"status-publish","4":"has-post-thumbnail","6":"product_cat-dimming-photocontrol","7":"product_cat-our-product","8":"product_cat-smart-photocell-sensor","9":"product_cat-twist-lock-photocontrollers","11":"first","12":"instock","13":"shipping-taxable","14":"product-type-simple"},"acf":[],"_links":{"self":[{"href":"https:\/\/long-join.com\/pt\/wp-json\/wp\/v2\/product\/10397","targetHints":{"allow":["GET"]}}],"collection":[{"href":"https:\/\/long-join.com\/pt\/wp-json\/wp\/v2\/product"}],"about":[{"href":"https:\/\/long-join.com\/pt\/wp-json\/wp\/v2\/types\/product"}],"version-history":[{"count":16,"href":"https:\/\/long-join.com\/pt\/wp-json\/wp\/v2\/product\/10397\/revisions"}],"predecessor-version":[{"id":10494,"href":"https:\/\/long-join.com\/pt\/wp-json\/wp\/v2\/product\/10397\/revisions\/10494"}],"wp:featuredmedia":[{"embeddable":true,"href":"https:\/\/long-join.com\/pt\/wp-json\/wp\/v2\/media\/10415"}],"wp:attachment":[{"href":"https:\/\/long-join.com\/pt\/wp-json\/wp\/v2\/media?parent=10397"}],"wp:term":[{"taxonomy":"product_brand","embeddable":true,"href":"https:\/\/long-join.com\/pt\/wp-json\/wp\/v2\/product_brand?post=10397"},{"taxonomy":"product_cat","embeddable":true,"href":"https:\/\/long-join.com\/pt\/wp-json\/wp\/v2\/product_cat?post=10397"},{"taxonomy":"product_tag","embeddable":true,"href":"https:\/\/long-join.com\/pt\/wp-json\/wp\/v2\/product_tag?post=10397"}],"curies":[{"name":"wp","href":"https:\/\/api.w.org\/{rel}","templated":true}]}}