{"id":9084,"date":"2024-08-23T16:25:28","date_gmt":"2024-08-23T08:25:28","guid":{"rendered":"https:\/\/long-join.com\/?post_type=product&#038;p=9084"},"modified":"2025-12-25T13:41:41","modified_gmt":"2025-12-25T05:41:41","slug":"book18-zhaga-socket-jl-700l-versione-cavo-personalizzato","status":"publish","type":"product","link":"https:\/\/long-join.com\/it\/product\/book18-zhaga-socket-jl-700l-custom-cable-version\/","title":{"rendered":"Book18 Zhaga Socket JL-700L Versione cavo personalizzato"},"content":{"rendered":"<blockquote><p>A differenza della presa standard di base Zhaga Book-18 JL-700, questa presa JL-700L \u00e8 utilizzata per lo schema di dimmerazione DALI e supporta diversi diametri di base del controller. A mio parere, questa presa con lavorazione dei cavi \u00e8 un cablaggio di integrazione tecnica. Da questo punto di vista, \u00e8 avvolta in un cavo ed \u00e8 composta da 4 fili di radice diversi. Quindi la versione con cavo JL-700L della presa Zhaga ha un cablaggio simile a JL-700.<\/p><\/blockquote>\n<blockquote><p>\u00c8 un&#039;idea per dispositivi di illuminazione standard, come moduli di controllo multifunzione integrati nelle moderne infrastrutture di illuminazione stradale delle citt\u00e0: NB-IOT wireless, induzione del sensore di movimento e rilevamento a microonde e cos\u00ec via.<\/p><\/blockquote>\n<blockquote><p>Caratteristica<\/p><\/blockquote>\n<blockquote><p>1-Dimensioni compatte che consentono una maggiore flessibilit\u00e0 nella progettazione degli apparecchi di illuminazione;<\/p><\/blockquote>\n<blockquote><p>2-the cable is composed of 4 wires of different colors (gray, blue, brown and black)<\/p><\/blockquote>\n<blockquote><p>3-Versione predefinita (definizione del colore della linea)<\/p><\/blockquote>\n<blockquote><p>Porta 1: Marrone-24C<\/p><\/blockquote>\n<blockquote><p>Porta 2: Gray-DALI (o protocollo basato su DALI) \u2013 \/terra comune<\/p><\/blockquote>\n<blockquote><p>Porta 3: Blue-DALI (o protocollo basato su DALI)+<\/p><\/blockquote>\n<blockquote><p>Porta 4: I\/O generale nero<\/p><\/blockquote>","protected":false},"excerpt":{"rendered":"<p>Presa zhaga tipo filo a 1 cavo JL-700L<br \/>\n2-Il modulo Zhaga di tipo compatto offre diversi controller con diametro di base<br \/>\n3-Dimensioni compatte che consentono una maggiore flessibilit\u00e0 nella progettazione degli apparecchi di illuminazione;<br \/>\n4-posizione di installazione flessibile, ad esempio sopra\/sotto\/di lato della lampada.<\/p>","protected":false},"featured_media":9090,"template":"","meta":{"_acf_changed":false,"_seopress_robots_primary_cat":"none","_seopress_titles_title":"","_seopress_titles_desc":"","_seopress_robots_index":""},"product_brand":[],"product_cat":[28,29,49],"product_tag":[],"class_list":{"0":"post-9084","1":"product","2":"type-product","3":"status-publish","4":"has-post-thumbnail","6":"product_cat-our-product","7":"product_cat-zhaga-series","8":"product_cat-zhaga-socket","10":"first","11":"instock","12":"shipping-taxable","13":"product-type-simple"},"acf":[],"_links":{"self":[{"href":"https:\/\/long-join.com\/it\/wp-json\/wp\/v2\/product\/9084","targetHints":{"allow":["GET"]}}],"collection":[{"href":"https:\/\/long-join.com\/it\/wp-json\/wp\/v2\/product"}],"about":[{"href":"https:\/\/long-join.com\/it\/wp-json\/wp\/v2\/types\/product"}],"version-history":[{"count":5,"href":"https:\/\/long-join.com\/it\/wp-json\/wp\/v2\/product\/9084\/revisions"}],"predecessor-version":[{"id":16635,"href":"https:\/\/long-join.com\/it\/wp-json\/wp\/v2\/product\/9084\/revisions\/16635"}],"wp:featuredmedia":[{"embeddable":true,"href":"https:\/\/long-join.com\/it\/wp-json\/wp\/v2\/media\/9090"}],"wp:attachment":[{"href":"https:\/\/long-join.com\/it\/wp-json\/wp\/v2\/media?parent=9084"}],"wp:term":[{"taxonomy":"product_brand","embeddable":true,"href":"https:\/\/long-join.com\/it\/wp-json\/wp\/v2\/product_brand?post=9084"},{"taxonomy":"product_cat","embeddable":true,"href":"https:\/\/long-join.com\/it\/wp-json\/wp\/v2\/product_cat?post=9084"},{"taxonomy":"product_tag","embeddable":true,"href":"https:\/\/long-join.com\/it\/wp-json\/wp\/v2\/product_tag?post=9084"}],"curies":[{"name":"parola chiave","href":"https:\/\/api.w.org\/{rel}","templated":true}]}}