{"id":9003,"date":"2024-08-16T14:01:01","date_gmt":"2024-08-16T06:01:01","guid":{"rendered":"https:\/\/long-join.com\/?post_type=product&#038;p=9003"},"modified":"2025-02-06T16:26:55","modified_gmt":"2025-02-06T08:26:55","slug":"book18-dali2-0-jl-722b2a2-supporta-la-comunicazione-mesh-bluetooth-casambi","status":"publish","type":"product","link":"https:\/\/long-join.com\/it\/product\/book18-dali2-0-jl-722b2a2-support-casambi-bluetooth-mesh-communication\/","title":{"rendered":"Book18 DALI2.0 JL-722B2A2 supporta la comunicazione Casambi Bluetooth Mesh"},"content":{"rendered":"<div id=\"elementor-tab-content-1011\" class=\"elementor-tab-content elementor-clearfix elementor-active\" tabindex=\"0\" role=\"tabpanel\" data-tab=\"1\" aria-labelledby=\"elementor-tab-title-1011\">\n<blockquote><p>Book18 JL-722B2A2 DALI2.0 Dimming e microonde + modalit\u00e0 di rilevamento della luce, e supporto per la configurazione dei parametri in base all&#039;atmosfera di luminosit\u00e0 reale, ad esempio tramite la modalit\u00e0 di regolazione APP per controllare il livello di sensibilit\u00e0 e pu\u00f2 essere impostato in base a diverse scene. <span class=\"HwtZe\" lang=\"en\"><span class=\"jCAhz ChMk0b\"><span class=\"ryNqvb\">Quali sono gli scenari di applicazione dell&#039;illuminazione? Questo controller mini con base \u03a6 e diametro 50,4 mm \u00e8 adatto per scenari di illuminazione quali strade, prati, cortili, parchi, parcheggi, fabbriche, magazzini, ecc.<\/span><\/span><\/span><\/p><\/blockquote>\n<blockquote><p><strong>Inoltre, ecco le caratteristiche pi\u00f9 significative:<\/strong><\/p><\/blockquote>\n<blockquote><p>1-Modalit\u00e0 dimmer con DALI2.0<\/p><\/blockquote>\n<blockquote><p>2- e regolazione dinamica della frequenza delle microonde per evitare interferenze reciproche durante installazioni dense.<\/p><\/blockquote>\n<blockquote><p>3-Se si desidera eseguire le specifiche, leggere le istruzioni della guida del sensore di riferimento JL-722B2A2 Zhaga.<\/p><\/blockquote>\n<\/div>","protected":false},"excerpt":{"rendered":"<p>1. Modello del prodotto: JL-722B2A2<br \/>\n2. Dimmerazione: DALI 2.0<br \/>\n3. Certificato: CE, RoHS, D4i<br \/>\n4. Standard conforme: zhaga book18<br \/>\n5. Tipo di sensore: rilevamento ottico + rilevamento a microonde<br \/>\n6. APP Casambi per impostare diversi parametri<\/p>","protected":false},"featured_media":9015,"template":"","meta":{"_acf_changed":false,"_seopress_robots_primary_cat":"none","_seopress_titles_title":"","_seopress_titles_desc":"","_seopress_robots_index":""},"product_brand":[],"product_cat":[28,50,29],"product_tag":[],"class_list":{"0":"post-9003","1":"product","2":"type-product","3":"status-publish","4":"has-post-thumbnail","6":"product_cat-our-product","7":"product_cat-zhaga-sensor","8":"product_cat-zhaga-series","10":"first","11":"instock","12":"shipping-taxable","13":"product-type-simple"},"acf":[],"_links":{"self":[{"href":"https:\/\/long-join.com\/it\/wp-json\/wp\/v2\/product\/9003","targetHints":{"allow":["GET"]}}],"collection":[{"href":"https:\/\/long-join.com\/it\/wp-json\/wp\/v2\/product"}],"about":[{"href":"https:\/\/long-join.com\/it\/wp-json\/wp\/v2\/types\/product"}],"version-history":[{"count":2,"href":"https:\/\/long-join.com\/it\/wp-json\/wp\/v2\/product\/9003\/revisions"}],"predecessor-version":[{"id":11426,"href":"https:\/\/long-join.com\/it\/wp-json\/wp\/v2\/product\/9003\/revisions\/11426"}],"wp:featuredmedia":[{"embeddable":true,"href":"https:\/\/long-join.com\/it\/wp-json\/wp\/v2\/media\/9015"}],"wp:attachment":[{"href":"https:\/\/long-join.com\/it\/wp-json\/wp\/v2\/media?parent=9003"}],"wp:term":[{"taxonomy":"product_brand","embeddable":true,"href":"https:\/\/long-join.com\/it\/wp-json\/wp\/v2\/product_brand?post=9003"},{"taxonomy":"product_cat","embeddable":true,"href":"https:\/\/long-join.com\/it\/wp-json\/wp\/v2\/product_cat?post=9003"},{"taxonomy":"product_tag","embeddable":true,"href":"https:\/\/long-join.com\/it\/wp-json\/wp\/v2\/product_tag?post=9003"}],"curies":[{"name":"parola chiave","href":"https:\/\/api.w.org\/{rel}","templated":true}]}}