{"id":8985,"date":"2024-08-15T17:58:16","date_gmt":"2024-08-15T09:58:16","guid":{"rendered":"https:\/\/long-join.com\/?post_type=product&#038;p=8985"},"modified":"2024-08-29T13:39:18","modified_gmt":"2024-08-29T05:39:18","slug":"0-modalita-di-oscuramento-10v-sensore-zhaga-jl-712b2a2-comunicazione-mesh-bluetooth-e-controllo-app-versione-casambi","status":"publish","type":"product","link":"https:\/\/long-join.com\/it\/product\/0-10v-dimming-mode-zhaga-sensor-jl-712b2a2-bluetooth-mesh-communication-and-app-control-casambi-version\/","title":{"rendered":"Modalit\u00e0 di oscuramento 0-10 V Sensore Zhaga JL-712B2A2 Comunicazione Bluetooth Mesh e controllo APP Versione Casambi"},"content":{"rendered":"<blockquote><p>JL-712B2A2 Modalit\u00e0 dimmerabile 0-10 V e microonde + sensore di luce, e puoi impostare diversi parametri per un&#039;atmosfera di gradiente di illuminazione reale. Ad esempio tramite la modalit\u00e0 di regolazione APP per controllare la luminosit\u00e0 e pu\u00f2 essere impostata in base a diverse scene.<\/p><\/blockquote>\n<blockquote><p><strong>Inoltre, ecco le caratteristiche pi\u00f9 significative:<\/strong><\/p><\/blockquote>\n<blockquote><p>1-Modalit\u00e0 dimmer con 0-10 V.<\/p><\/blockquote>\n<blockquote><p>2- e regolazione dinamica della frequenza delle microonde per evitare interferenze reciproche durante installazioni dense.<\/p><\/blockquote>\n<blockquote><p>3-Se si desidera eseguire le specifiche, leggere le istruzioni della guida del sensore di riferimento JL-712B2A2 Zhaga.<\/p><\/blockquote>","protected":false},"excerpt":{"rendered":"<p>1. Modello del prodotto: JL-712B2A2<br \/>\n2. Uscita dimmer: 0-10 V<br \/>\n3. Certificato: CE, RoHS<br \/>\n4. Standard conforme: zhaga book18<br \/>\n5. Tipo di sensore: rilevamento ottico + rilevamento a microonde<br \/>\n6. APP Casambi per impostare diversi parametri<\/p>","protected":false},"featured_media":8988,"template":"","meta":{"_acf_changed":false,"_seopress_robots_primary_cat":"none","_seopress_titles_title":"","_seopress_titles_desc":"","_seopress_robots_index":""},"product_brand":[],"product_cat":[28,50,29],"product_tag":[],"class_list":{"0":"post-8985","1":"product","2":"type-product","3":"status-publish","4":"has-post-thumbnail","6":"product_cat-our-product","7":"product_cat-zhaga-sensor","8":"product_cat-zhaga-series","10":"first","11":"instock","12":"shipping-taxable","13":"product-type-simple"},"acf":[],"_links":{"self":[{"href":"https:\/\/long-join.com\/it\/wp-json\/wp\/v2\/product\/8985","targetHints":{"allow":["GET"]}}],"collection":[{"href":"https:\/\/long-join.com\/it\/wp-json\/wp\/v2\/product"}],"about":[{"href":"https:\/\/long-join.com\/it\/wp-json\/wp\/v2\/types\/product"}],"version-history":[{"count":1,"href":"https:\/\/long-join.com\/it\/wp-json\/wp\/v2\/product\/8985\/revisions"}],"predecessor-version":[{"id":12702,"href":"https:\/\/long-join.com\/it\/wp-json\/wp\/v2\/product\/8985\/revisions\/12702"}],"wp:featuredmedia":[{"embeddable":true,"href":"https:\/\/long-join.com\/it\/wp-json\/wp\/v2\/media\/8988"}],"wp:attachment":[{"href":"https:\/\/long-join.com\/it\/wp-json\/wp\/v2\/media?parent=8985"}],"wp:term":[{"taxonomy":"product_brand","embeddable":true,"href":"https:\/\/long-join.com\/it\/wp-json\/wp\/v2\/product_brand?post=8985"},{"taxonomy":"product_cat","embeddable":true,"href":"https:\/\/long-join.com\/it\/wp-json\/wp\/v2\/product_cat?post=8985"},{"taxonomy":"product_tag","embeddable":true,"href":"https:\/\/long-join.com\/it\/wp-json\/wp\/v2\/product_tag?post=8985"}],"curies":[{"name":"parola chiave","href":"https:\/\/api.w.org\/{rel}","templated":true}]}}