{"id":8976,"date":"2024-08-15T16:56:31","date_gmt":"2024-08-15T08:56:31","guid":{"rendered":"https:\/\/long-join.com\/?post_type=product&#038;p=8976"},"modified":"2025-02-13T16:43:48","modified_gmt":"2025-02-13T08:43:48","slug":"alloggiamento-luce-integrato-jl-471cc-lte-cat-1-controller-dimmer-luce-singola-e-luminosita-di-fase-diversa","status":"publish","type":"product","link":"https:\/\/long-join.com\/it\/product\/built-in-light-housing-jl-471cc-lte-cat-1-single-light-dimming-controller-and-different-stage-brightness\/","title":{"rendered":"Alloggiamento luce integrato JL-471CC LTE Cat.1 Controller dimmer per luce singola e luminosit\u00e0 di fase diversa"},"content":{"rendered":"<blockquote><p>JL-471CC \u00e8 un controller per luci singole di tipo cablato integrato, sviluppato sulla base della modalit\u00e0 di comunicazione 4G (LTE Cat. 1), in grado di eseguire il controllo remoto, la configurazione e il monitoraggio in tempo reale dello stato operativo.<\/p><\/blockquote>\n<blockquote><p><strong>Caratteristica<\/strong><\/p><\/blockquote>\n<blockquote><p>*questo controller alimenta la tensione nominale: 100-277 V CA; 50\/60 Hz<\/p><\/blockquote>\n<blockquote><p>* se si sceglie di montare questo dispositivo in qualsiasi punto dell&#039;illuminazione, tenere in considerazione l&#039;area di copertura wireless, in modo da scegliere un&#039;antenna esterna pi\u00f9 adatta ai dispositivi.<\/p><\/blockquote>\n<blockquote><p>* Zero crossing tecnico<\/p><\/blockquote>\n<blockquote><p>* Protezione da sovratensioni 6KV\/3KA<\/p><\/blockquote>","protected":false},"excerpt":{"rendered":"<p>1. Modello del prodotto: JL-471CC<br \/>\n2. Tensione nominale: 100-277 V CA<br \/>\n3. Dimensioni ultra-piccole 126 * 40 * 30 mm<br \/>\n4. JL-471CC controller luce singola<br \/>\n5. Il prodotto \u00e8 incollato internamente con un livello di protezione IP67.<\/p>","protected":false},"featured_media":8981,"template":"","meta":{"_acf_changed":false,"_seopress_robots_primary_cat":"none","_seopress_titles_title":"","_seopress_titles_desc":"","_seopress_robots_index":""},"product_brand":[],"product_cat":[28,59,55],"product_tag":[],"class_list":{"0":"post-8976","1":"product","2":"type-product","3":"status-publish","4":"has-post-thumbnail","6":"product_cat-our-product","7":"product_cat-smart-photocell-sensor","8":"product_cat-twist-lock-photocontrollers","10":"first","11":"instock","12":"shipping-taxable","13":"product-type-simple"},"acf":[],"_links":{"self":[{"href":"https:\/\/long-join.com\/it\/wp-json\/wp\/v2\/product\/8976","targetHints":{"allow":["GET"]}}],"collection":[{"href":"https:\/\/long-join.com\/it\/wp-json\/wp\/v2\/product"}],"about":[{"href":"https:\/\/long-join.com\/it\/wp-json\/wp\/v2\/types\/product"}],"version-history":[{"count":3,"href":"https:\/\/long-join.com\/it\/wp-json\/wp\/v2\/product\/8976\/revisions"}],"predecessor-version":[{"id":12703,"href":"https:\/\/long-join.com\/it\/wp-json\/wp\/v2\/product\/8976\/revisions\/12703"}],"wp:featuredmedia":[{"embeddable":true,"href":"https:\/\/long-join.com\/it\/wp-json\/wp\/v2\/media\/8981"}],"wp:attachment":[{"href":"https:\/\/long-join.com\/it\/wp-json\/wp\/v2\/media?parent=8976"}],"wp:term":[{"taxonomy":"product_brand","embeddable":true,"href":"https:\/\/long-join.com\/it\/wp-json\/wp\/v2\/product_brand?post=8976"},{"taxonomy":"product_cat","embeddable":true,"href":"https:\/\/long-join.com\/it\/wp-json\/wp\/v2\/product_cat?post=8976"},{"taxonomy":"product_tag","embeddable":true,"href":"https:\/\/long-join.com\/it\/wp-json\/wp\/v2\/product_tag?post=8976"}],"curies":[{"name":"parola chiave","href":"https:\/\/api.w.org\/{rel}","templated":true}]}}