{"id":8952,"date":"2024-08-15T15:24:20","date_gmt":"2024-08-15T07:24:20","guid":{"rendered":"https:\/\/long-join.com\/?post_type=product&#038;p=8952"},"modified":"2025-02-07T16:20:21","modified_gmt":"2025-02-07T08:20:21","slug":"jl-721np-wireless-zhaga-street-light-dali2-0-dimming","status":"publish","type":"product","link":"https:\/\/long-join.com\/it\/product\/jl-721np-wireless-zhaga-street-light-dali2-0-dimming\/","title":{"rendered":"JL-721NP Lampione stradale wireless Zhaga DALI2.0 Dimming"},"content":{"rendered":"<blockquote><p>JL-721NP \u00e8 un dispositivo con NB-IOT e GPS compatibile per localizzare automaticamente la posizione geografica del dispositivo. Inoltre, \u00e8 dotato di dimmer DALI2.0 e sono disponibili 3 modalit\u00e0 per un livello di luminosit\u00e0 reattivo, come la modalit\u00e0 ambiente locale come standard di base per la dimmerazione automatica. Modalit\u00e0 di controllo in tempo reale tramite parametri di configurazione del server remoto e tramite dati di trasmissione NB-IOT. Contenuto principale della gestione della strategia, inclusi controllo orario (avvio, spegnimento) e dimmerazione a mezzanotte. Se la comunicazione tra il dispositivo \u00e8 anomala, JL-721NP passer\u00e0 automaticamente alla modalit\u00e0 di rilevamento della luce locale, accendendosi automaticamente al tramonto e spegnendosi all&#039;alba. Per ridurre i costi e i rischi, il nostro controllo wireless \u00e8 adatto a condizioni ambientali difficili. Perch\u00e9 riscontriamo anomalie nel controllo della luce di qualcuno? Grazie al nostro sensore Zhaga con caricamento dati a intervalli regolari di 10 minuti per volta, abbiamo risolto subito queste anomalie.<\/p><\/blockquote>\n<blockquote><p>inoltre, queste sono le caratteristiche pi\u00f9 significative:<\/p><\/blockquote>\n<blockquote><p>Alimentatore 1-12-24 V CC<\/p><\/blockquote>\n<blockquote><p>2-Supporta il posizionamento GPS<\/p><\/blockquote>\n<blockquote><p>Standard a 3 interfacce:zhaga-D4i<\/p><\/blockquote>\n<blockquote><p>4-Se desideri eseguire le specifiche, leggi le istruzioni della guida del sensore di riferimento JL-721NP zhaga.<\/p><\/blockquote>","protected":false},"excerpt":{"rendered":"<p>1. Modello del prodotto: JL-721NP<br \/>\n2. Uscita dimmer: interfaccia dimmer DALI<br \/>\n3. Certificato: CE, RoHS<br \/>\n4. Standard conforme: zhaga book18<br \/>\n5. Tipo di sensore: sensore ottico<\/p>\n<p>&nbsp;<\/p>","protected":false},"featured_media":8957,"template":"","meta":{"_acf_changed":false,"_seopress_robots_primary_cat":"none","_seopress_titles_title":"","_seopress_titles_desc":"","_seopress_robots_index":""},"product_brand":[],"product_cat":[28,50,29],"product_tag":[],"class_list":{"0":"post-8952","1":"product","2":"type-product","3":"status-publish","4":"has-post-thumbnail","6":"product_cat-our-product","7":"product_cat-zhaga-sensor","8":"product_cat-zhaga-series","10":"first","11":"instock","12":"shipping-taxable","13":"product-type-simple"},"acf":[],"_links":{"self":[{"href":"https:\/\/long-join.com\/it\/wp-json\/wp\/v2\/product\/8952","targetHints":{"allow":["GET"]}}],"collection":[{"href":"https:\/\/long-join.com\/it\/wp-json\/wp\/v2\/product"}],"about":[{"href":"https:\/\/long-join.com\/it\/wp-json\/wp\/v2\/types\/product"}],"version-history":[{"count":3,"href":"https:\/\/long-join.com\/it\/wp-json\/wp\/v2\/product\/8952\/revisions"}],"predecessor-version":[{"id":11454,"href":"https:\/\/long-join.com\/it\/wp-json\/wp\/v2\/product\/8952\/revisions\/11454"}],"wp:featuredmedia":[{"embeddable":true,"href":"https:\/\/long-join.com\/it\/wp-json\/wp\/v2\/media\/8957"}],"wp:attachment":[{"href":"https:\/\/long-join.com\/it\/wp-json\/wp\/v2\/media?parent=8952"}],"wp:term":[{"taxonomy":"product_brand","embeddable":true,"href":"https:\/\/long-join.com\/it\/wp-json\/wp\/v2\/product_brand?post=8952"},{"taxonomy":"product_cat","embeddable":true,"href":"https:\/\/long-join.com\/it\/wp-json\/wp\/v2\/product_cat?post=8952"},{"taxonomy":"product_tag","embeddable":true,"href":"https:\/\/long-join.com\/it\/wp-json\/wp\/v2\/product_tag?post=8952"}],"curies":[{"name":"parola chiave","href":"https:\/\/api.w.org\/{rel}","templated":true}]}}