{"id":8932,"date":"2024-08-14T17:50:49","date_gmt":"2024-08-14T09:50:49","guid":{"rendered":"https:\/\/long-join.com\/?post_type=product&#038;p=8932"},"modified":"2025-04-10T17:21:47","modified_gmt":"2025-04-10T09:21:47","slug":"controller-book18-jl-712a2h-con-rilevamento-a-microonde-e-telecomando-a-infrarossi","status":"publish","type":"product","link":"https:\/\/long-join.com\/it\/product\/book18-controller-jl-712a2h-microwave-sensing-and-infrared-remote-control\/","title":{"rendered":"Controller Book18 JL-712A2H Rilevamento a microonde e telecomando a infrarossi"},"content":{"rendered":"<blockquote><p>Il controller di illuminazione JL-712A2H \u00e8 un controller di illuminazione intelligente di tipo latch sviluppato sulla base dello standard di interfaccia Zhaga Book-18. Utilizza una combinazione di sensori di rilevamento della luce e di microonde, pu\u00f2 emettere segnali di dimmerazione da 0-10 V e supporta il controllo remoto a infrarossi per la configurazione dei parametri. Questo controller di illuminazione \u00e8 adatto per scenari di illuminazione come strade, prati, cortili, parchi, parcheggi, fabbriche, magazzini, ecc.<\/p><\/blockquote>\n<blockquote><p>La logica di funzionamento del prodotto \u00e8 che, quando l&#039;illuminazione \u00e8 raggiunta, la lampada funziona a una luminosit\u00e0 leggermente elevata e avvia un conto alla rovescia della durata di luminosit\u00e0 ridotta. A questo punto, se viene rilevato un oggetto in movimento, la lampada diventa completamente luminosa. Quando un oggetto in movimento viene rilevato e abbandonato, inizia un conto alla rovescia della durata di luminosit\u00e0 massima. Al termine del conto alla rovescia della durata di luminosit\u00e0 massima, la lampada torna alla luminosit\u00e0 leggermente elevata e avvia un conto alla rovescia della durata di luminosit\u00e0 ridotta. Al termine del conto alla rovescia della durata di luminosit\u00e0 ridotta o al raggiungimento dell&#039;illuminazione, la lampada si spegne.<\/p><\/blockquote>\n<blockquote><p><strong>Caratteristica<\/strong><\/p><\/blockquote>\n<blockquote><p>* Alimentazione 12-24 V CC, basso consumo energetico<\/p><\/blockquote>\n<blockquote><p>* Standard di interfaccia Zhaga Book-18<\/p><\/blockquote>\n<blockquote><p>* Modalit\u00e0 di oscuramento 0-10 V<\/p><\/blockquote>\n<blockquote><p>* Regolazione dinamica della frequenza delle microonde per evitare interferenze reciproche durante l&#039;installazione densa<\/p><\/blockquote>\n<blockquote><p>* \u03a6 50,4 * 35 mm di dimensioni compatte, adatto per l&#039;installazione su vari apparecchi di illuminazione<\/p><\/blockquote>\n<blockquote><p>* Sensibilit\u00e0 alla luce + microonde, illuminazione su richiesta, maggiore efficienza energetica<\/p><\/blockquote>\n<blockquote><p>* Sensore fotosensibile filtrato dalla luce visibile<\/p><\/blockquote>\n<blockquote><p>* Forno a microonde ad alte prestazioni, con un&#039;altezza di sospensione di 15 metri e un raggio di induzione di \u226510 metri<\/p><\/blockquote>\n<blockquote><p>* Telecomando a infrarossi<\/p><\/blockquote>\n<blockquote><p>* IP66<\/p><\/blockquote>\n<blockquote><p><strong>Telecomando a infrarossi<\/strong><\/p><\/blockquote>\n<p><img fetchpriority=\"high\" decoding=\"async\" class=\"alignnone wp-image-12876\" src=\"http:\/\/long-join.com\/wp-content\/uploads\/2024\/08\/JL-712A2H-zhaga-sensor02.png\" alt=\"\" width=\"368\" height=\"879\" srcset=\"https:\/\/long-join.com\/wp-content\/uploads\/2024\/08\/JL-712A2H-zhaga-sensor02.png 462w, https:\/\/long-join.com\/wp-content\/uploads\/2024\/08\/JL-712A2H-zhaga-sensor02-126x300.png 126w, https:\/\/long-join.com\/wp-content\/uploads\/2024\/08\/JL-712A2H-zhaga-sensor02-429x1024.png 429w\" sizes=\"(max-width: 368px) 100vw, 368px\" \/><\/p>\n<blockquote><p><strong>Introduci questa definizione di funzione<\/strong><\/p><\/blockquote>\n<p><img decoding=\"async\" class=\"alignnone wp-image-12864\" src=\"http:\/\/long-join.com\/wp-content\/uploads\/2024\/08\/JL-712A2H-zhaga-sensor01.png\" alt=\"\" width=\"664\" height=\"774\" srcset=\"https:\/\/long-join.com\/wp-content\/uploads\/2024\/08\/JL-712A2H-zhaga-sensor01.png 1210w, https:\/\/long-join.com\/wp-content\/uploads\/2024\/08\/JL-712A2H-zhaga-sensor01-257x300.png 257w, https:\/\/long-join.com\/wp-content\/uploads\/2024\/08\/JL-712A2H-zhaga-sensor01-879x1024.png 879w, https:\/\/long-join.com\/wp-content\/uploads\/2024\/08\/JL-712A2H-zhaga-sensor01-768x895.png 768w, https:\/\/long-join.com\/wp-content\/uploads\/2024\/08\/JL-712A2H-zhaga-sensor01-600x699.png 600w\" sizes=\"(max-width: 664px) 100vw, 664px\" \/><\/p>\n<p><img decoding=\"async\" class=\"alignnone wp-image-12857 size-full\" src=\"http:\/\/long-join.com\/wp-content\/uploads\/2024\/08\/JL-712A2H-zhaga-sensor-3.png\" alt=\"\" width=\"673\" height=\"306\" srcset=\"https:\/\/long-join.com\/wp-content\/uploads\/2024\/08\/JL-712A2H-zhaga-sensor-3.png 673w, https:\/\/long-join.com\/wp-content\/uploads\/2024\/08\/JL-712A2H-zhaga-sensor-3-300x136.png 300w, https:\/\/long-join.com\/wp-content\/uploads\/2024\/08\/JL-712A2H-zhaga-sensor-3-600x273.png 600w\" sizes=\"(max-width: 673px) 100vw, 673px\" \/><br \/>\n<img loading=\"lazy\" decoding=\"async\" class=\"alignnone wp-image-12856 size-full\" src=\"http:\/\/long-join.com\/wp-content\/uploads\/2024\/08\/JL-712A2H-zhaga-sensor-2.png\" alt=\"\" width=\"670\" height=\"512\" srcset=\"https:\/\/long-join.com\/wp-content\/uploads\/2024\/08\/JL-712A2H-zhaga-sensor-2.png 670w, https:\/\/long-join.com\/wp-content\/uploads\/2024\/08\/JL-712A2H-zhaga-sensor-2-300x229.png 300w, https:\/\/long-join.com\/wp-content\/uploads\/2024\/08\/JL-712A2H-zhaga-sensor-2-600x459.png 600w\" sizes=\"(max-width: 670px) 100vw, 670px\" \/><\/p>\n<p><img loading=\"lazy\" decoding=\"async\" class=\"alignnone wp-image-12868\" src=\"http:\/\/long-join.com\/wp-content\/uploads\/2024\/08\/JL-712A2H-zhaga-01.png\" alt=\"\" width=\"683\" height=\"515\" srcset=\"https:\/\/long-join.com\/wp-content\/uploads\/2024\/08\/JL-712A2H-zhaga-01.png 694w, https:\/\/long-join.com\/wp-content\/uploads\/2024\/08\/JL-712A2H-zhaga-01-300x227.png 300w, https:\/\/long-join.com\/wp-content\/uploads\/2024\/08\/JL-712A2H-zhaga-01-600x453.png 600w\" sizes=\"(max-width: 683px) 100vw, 683px\" \/><\/p>\n<blockquote><p>Nota: il telecomando a infrarossi controlla una distanza di circa 20 metri, un angolo di circa \u00b1 45\u00b0 e lo schermo del display \u00e8 dotato di funzione di retroilluminazione.<\/p><\/blockquote>\n<blockquote><p><strong>Istruzioni generali per l&#039;uso:<\/strong><\/p><\/blockquote>\n<p><img loading=\"lazy\" decoding=\"async\" class=\"alignnone wp-image-12858\" src=\"http:\/\/long-join.com\/wp-content\/uploads\/2024\/08\/JL-712A2H-zhaga-sensor-4.png\" alt=\"\" width=\"686\" height=\"557\" srcset=\"https:\/\/long-join.com\/wp-content\/uploads\/2024\/08\/JL-712A2H-zhaga-sensor-4.png 906w, https:\/\/long-join.com\/wp-content\/uploads\/2024\/08\/JL-712A2H-zhaga-sensor-4-300x243.png 300w, https:\/\/long-join.com\/wp-content\/uploads\/2024\/08\/JL-712A2H-zhaga-sensor-4-768x623.png 768w, https:\/\/long-join.com\/wp-content\/uploads\/2024\/08\/JL-712A2H-zhaga-sensor-4-600x487.png 600w\" sizes=\"(max-width: 686px) 100vw, 686px\" \/><\/p>\n<p><img loading=\"lazy\" decoding=\"async\" class=\"alignnone wp-image-12847\" src=\"http:\/\/long-join.com\/wp-content\/uploads\/2024\/08\/JL-712A2H-zhaga-sensor-5.png\" alt=\"\" width=\"689\" height=\"422\" srcset=\"https:\/\/long-join.com\/wp-content\/uploads\/2024\/08\/JL-712A2H-zhaga-sensor-5.png 923w, https:\/\/long-join.com\/wp-content\/uploads\/2024\/08\/JL-712A2H-zhaga-sensor-5-300x184.png 300w, https:\/\/long-join.com\/wp-content\/uploads\/2024\/08\/JL-712A2H-zhaga-sensor-5-768x470.png 768w, https:\/\/long-join.com\/wp-content\/uploads\/2024\/08\/JL-712A2H-zhaga-sensor-5-600x367.png 600w\" sizes=\"(max-width: 689px) 100vw, 689px\" \/><\/p>\n<p><img loading=\"lazy\" decoding=\"async\" class=\"alignnone wp-image-12848\" src=\"http:\/\/long-join.com\/wp-content\/uploads\/2024\/08\/JL-712A2H-zhaga-sensor-6.png\" alt=\"\" width=\"691\" height=\"336\" srcset=\"https:\/\/long-join.com\/wp-content\/uploads\/2024\/08\/JL-712A2H-zhaga-sensor-6.png 915w, https:\/\/long-join.com\/wp-content\/uploads\/2024\/08\/JL-712A2H-zhaga-sensor-6-300x146.png 300w, https:\/\/long-join.com\/wp-content\/uploads\/2024\/08\/JL-712A2H-zhaga-sensor-6-768x374.png 768w, https:\/\/long-join.com\/wp-content\/uploads\/2024\/08\/JL-712A2H-zhaga-sensor-6-600x292.png 600w\" sizes=\"(max-width: 691px) 100vw, 691px\" \/><\/p>\n<p><img loading=\"lazy\" decoding=\"async\" class=\"alignnone wp-image-12870 size-full\" src=\"http:\/\/long-join.com\/wp-content\/uploads\/2024\/08\/JL-712A2H-zhaga-.png\" alt=\"\" width=\"687\" height=\"248\" srcset=\"https:\/\/long-join.com\/wp-content\/uploads\/2024\/08\/JL-712A2H-zhaga-.png 687w, https:\/\/long-join.com\/wp-content\/uploads\/2024\/08\/JL-712A2H-zhaga--300x108.png 300w, https:\/\/long-join.com\/wp-content\/uploads\/2024\/08\/JL-712A2H-zhaga--600x217.png 600w\" sizes=\"(max-width: 687px) 100vw, 687px\" \/><\/p>\n<p><img loading=\"lazy\" decoding=\"async\" class=\"alignnone wp-image-12878 size-full\" src=\"http:\/\/long-join.com\/wp-content\/uploads\/2024\/08\/JL-712A2H-zhaga-sensor-13.png\" alt=\"\" width=\"597\" height=\"412\" srcset=\"https:\/\/long-join.com\/wp-content\/uploads\/2024\/08\/JL-712A2H-zhaga-sensor-13.png 597w, https:\/\/long-join.com\/wp-content\/uploads\/2024\/08\/JL-712A2H-zhaga-sensor-13-300x207.png 300w\" sizes=\"(max-width: 597px) 100vw, 597px\" \/><\/p>\n<blockquote><p><strong>Definizione di 4 PIN<\/strong><\/p><\/blockquote>\n<p>&nbsp;<\/p>\n<table border=\"1\" cellspacing=\"0\" cellpadding=\"0\">\n<tbody>\n<tr>\n<td width=\"189\">\n<p align=\"center\">Articolo<\/p>\n<\/td>\n<td width=\"189\">\n<p align=\"center\">Definizione<\/p>\n<\/td>\n<td width=\"189\">\n<p align=\"center\">Tipo<\/p>\n<\/td>\n<\/tr>\n<tr>\n<td width=\"189\">\n<p align=\"center\">1<\/p>\n<\/td>\n<td width=\"189\">\n<p align=\"center\">12-24 VCC<\/p>\n<\/td>\n<td width=\"189\">\n<p align=\"center\">potenza assorbita<\/p>\n<\/td>\n<\/tr>\n<tr>\n<td width=\"189\">\n<p align=\"center\">2<\/p>\n<\/td>\n<td width=\"189\">\n<p align=\"center\">GND \/ DIM-<\/p>\n<\/td>\n<td width=\"189\">\n<p align=\"center\">potenza assorbita<\/p>\n<\/td>\n<\/tr>\n<tr>\n<td width=\"189\">\n<p align=\"center\">3<\/p>\n<\/td>\n<td width=\"189\">\n<p align=\"center\">NC<\/p>\n<\/td>\n<td width=\"189\">\n<p align=\"center\">Uscita del segnale<\/p>\n<\/td>\n<\/tr>\n<tr>\n<td width=\"189\">\n<p align=\"center\">4<\/p>\n<\/td>\n<td width=\"189\">\n<p align=\"center\">DIM+ (0-10+)<\/p>\n<\/td>\n<td width=\"189\">\n<p align=\"center\">Uscita del segnale<\/p>\n<\/td>\n<\/tr>\n<\/tbody>\n<\/table>\n<p>Nota: sia l&#039;# 3 che l&#039;# 4 emettono contemporaneamente gli elettrodi positivi dimmerabili. Durante il cablaggio della presa, \u00e8 possibile collegare al driver uno dei due elettrodi oppure entrambi simultaneamente. In caso contrario, si consiglia di utilizzare un trattamento isolante.<strong> di seguito \u00e8 riportata l&#039;immagine delle dimensioni del prodotto.<\/strong><\/p>\n<blockquote><p><strong>Schema elettrico<\/strong><\/p><\/blockquote>\n<p>&nbsp;<\/p>\n<p><img loading=\"lazy\" decoding=\"async\" class=\"alignnone wp-image-12850\" src=\"http:\/\/long-join.com\/wp-content\/uploads\/2024\/08\/JL-712A2H-zhaga-sensor-8.png\" alt=\"\" width=\"685\" height=\"480\" srcset=\"https:\/\/long-join.com\/wp-content\/uploads\/2024\/08\/JL-712A2H-zhaga-sensor-8.png 884w, https:\/\/long-join.com\/wp-content\/uploads\/2024\/08\/JL-712A2H-zhaga-sensor-8-300x210.png 300w, https:\/\/long-join.com\/wp-content\/uploads\/2024\/08\/JL-712A2H-zhaga-sensor-8-768x538.png 768w, https:\/\/long-join.com\/wp-content\/uploads\/2024\/08\/JL-712A2H-zhaga-sensor-8-600x420.png 600w\" sizes=\"(max-width: 685px) 100vw, 685px\" \/><\/p>\n<blockquote><p><strong>Diagramma di installazione<\/strong><\/p><\/blockquote>\n<blockquote><p>L&#039;interfaccia del prodotto stesso \u00e8 stata progettata in modo infallibile: per l&#039;installazione \u00e8 sufficiente stringere il controller direttamente alla base girevole, come mostrato nella figura, in senso orario dopo l&#039;inserimento.<\/p><\/blockquote>\n<p><img loading=\"lazy\" decoding=\"async\" class=\"alignnone wp-image-12851\" src=\"http:\/\/long-join.com\/wp-content\/uploads\/2024\/08\/JL-712A2H-zhaga-sensor-9.png\" alt=\"\" width=\"613\" height=\"457\" srcset=\"https:\/\/long-join.com\/wp-content\/uploads\/2024\/08\/JL-712A2H-zhaga-sensor-9.png 936w, https:\/\/long-join.com\/wp-content\/uploads\/2024\/08\/JL-712A2H-zhaga-sensor-9-300x224.png 300w, https:\/\/long-join.com\/wp-content\/uploads\/2024\/08\/JL-712A2H-zhaga-sensor-9-768x573.png 768w, https:\/\/long-join.com\/wp-content\/uploads\/2024\/08\/JL-712A2H-zhaga-sensor-9-600x447.png 600w\" sizes=\"(max-width: 613px) 100vw, 613px\" \/><\/p>\n<blockquote><p><strong>Selezione della presa consigliata<\/strong><\/p><\/blockquote>\n<p><img loading=\"lazy\" decoding=\"async\" class=\"alignnone wp-image-12852 size-full\" src=\"http:\/\/long-join.com\/wp-content\/uploads\/2024\/08\/JL-712A2H-zhaga-sensor-10.png\" alt=\"\" width=\"671\" height=\"627\" srcset=\"https:\/\/long-join.com\/wp-content\/uploads\/2024\/08\/JL-712A2H-zhaga-sensor-10.png 671w, https:\/\/long-join.com\/wp-content\/uploads\/2024\/08\/JL-712A2H-zhaga-sensor-10-300x280.png 300w, https:\/\/long-join.com\/wp-content\/uploads\/2024\/08\/JL-712A2H-zhaga-sensor-10-600x561.png 600w\" sizes=\"(max-width: 671px) 100vw, 671px\" \/><\/p>\n<blockquote><p><strong>Precauzioni<\/strong><\/p><\/blockquote>\n<blockquote><p>1. Se il polo negativo dell&#039;alimentazione ausiliaria del driver \u00e8 separato dal polo negativo dell&#039;interfaccia di regolazione, \u00e8 necessario cortocircuitarli e collegarli al controller della luce # 2.<\/p><\/blockquote>\n<blockquote><p>2. Questo prodotto \u00e8 utilizzato principalmente per lampade a LED, lampade a filamento di tungsteno e altre lampade con un ampio spettro che potrebbero spegnersi di nuovo dopo aver acceso la luce.<\/p><\/blockquote>\n<blockquote><p>3. Poich\u00e9 il controller di illuminazione ZHAGA non \u00e8 in grado di interrompere l&#039;alimentazione CA del driver, il cliente deve selezionare un driver con una corrente di uscita prossima a 0 mA quando utilizza il controller di illuminazione ZHAGA, altrimenti potrebbe verificarsi il fenomeno per cui la lampada non pu\u00f2 essere spenta completamente. Come mostrato nella curva della corrente di uscita delle specifiche del driver, la corrente di uscita pi\u00f9 bassa \u00e8 prossima a 0 mA.<\/p><\/blockquote>\n<p><img loading=\"lazy\" decoding=\"async\" class=\"alignnone wp-image-12853 size-full\" src=\"http:\/\/long-join.com\/wp-content\/uploads\/2024\/08\/JL-712A2H-zhaga-sensor-11.png\" alt=\"\" width=\"574\" height=\"316\" srcset=\"https:\/\/long-join.com\/wp-content\/uploads\/2024\/08\/JL-712A2H-zhaga-sensor-11.png 574w, https:\/\/long-join.com\/wp-content\/uploads\/2024\/08\/JL-712A2H-zhaga-sensor-11-300x165.png 300w\" sizes=\"(max-width: 574px) 100vw, 574px\" \/><\/p>\n<blockquote><p>4. Il controller della luce invia al driver solo un segnale di regolazione, indipendentemente dal carico di potenza del driver e della sorgente luminosa.<\/p><\/blockquote>\n<blockquote><p>5. Durante il test, non utilizzare le dita per bloccare la finestra fotosensibile, poich\u00e9 gli spazi tra le dita potrebbero passare attraverso e impedire l&#039;accensione della luce.<\/p><\/blockquote>\n<blockquote><p>6. Dopo l&#039;inizializzazione dell&#039;alimentazione, se sono soddisfatte le condizioni di illuminazione e di attivazione del movimento, la luce verr\u00e0 accesa direttamente su 100% e non \u00e8 obbligatorio prima impostare il livello di attenuazione in standby.<\/p><\/blockquote>\n<blockquote><p>7. Non devono esserci oggetti metallici che ostruiscano l&#039;angolo di radiazione dell&#039;induzione a microonde, altrimenti le prestazioni dell&#039;induzione saranno notevolmente ridotte.<\/p><\/blockquote>\n<blockquote><p>8. Se utilizzata in scene all&#039;aperto, la pioggia e gli alberi ondeggianti potrebbero accendere accidentalmente la luce.<\/p><\/blockquote>\n<blockquote><p>9. Evitare di appendere il prodotto per evitare che si muova e accenda la luce per errore.<\/p><\/blockquote>\n<blockquote><p>10. Le prestazioni di rilevamento saranno influenzate dall&#039;ambiente di installazione, dagli apparecchi di illuminazione, dalle dimensioni e dalla velocit\u00e0 del tester e la portata di rilevamento potrebbe variare.<\/p><\/blockquote>\n<blockquote><p>11. I telecomandi a infrarossi sono facilmente influenzati dalla luce solare, pertanto se utilizzati all&#039;aperto durante il giorno, la distanza del telecomando e altre prestazioni potrebbero risultare ridotte.<\/p><\/blockquote>\n<blockquote><p>12. Il tempo di preriscaldamento del microonde \u00e8 di 5 secondi, il che significa che il segnale di rilevamento del movimento pu\u00f2 essere attivato solo dopo che il modulo microonde \u00e8 stato acceso per 5 secondi.<\/p><\/blockquote>","protected":false},"excerpt":{"rendered":"<p>1. Modello del prodotto: JL-712A2H<br \/>\n2. Uscita dimmer: interfaccia dimmer 0~10V<br \/>\n3. Certificato: CE, RoHS<br \/>\n4. Standard conforme: zhaga book18<br \/>\n5. Tipo di sensore: sensore ottico + movimento a microonde<br \/>\n6. telecomando a infrarossi per impostare diversi parametri<\/p>","protected":false},"featured_media":8937,"template":"","meta":{"_acf_changed":false,"_seopress_robots_primary_cat":"none","_seopress_titles_title":"","_seopress_titles_desc":"","_seopress_robots_index":""},"product_brand":[],"product_cat":[28,50,29],"product_tag":[],"class_list":{"0":"post-8932","1":"product","2":"type-product","3":"status-publish","4":"has-post-thumbnail","6":"product_cat-our-product","7":"product_cat-zhaga-sensor","8":"product_cat-zhaga-series","10":"first","11":"instock","12":"shipping-taxable","13":"product-type-simple"},"acf":[],"_links":{"self":[{"href":"https:\/\/long-join.com\/it\/wp-json\/wp\/v2\/product\/8932","targetHints":{"allow":["GET"]}}],"collection":[{"href":"https:\/\/long-join.com\/it\/wp-json\/wp\/v2\/product"}],"about":[{"href":"https:\/\/long-join.com\/it\/wp-json\/wp\/v2\/types\/product"}],"version-history":[{"count":19,"href":"https:\/\/long-join.com\/it\/wp-json\/wp\/v2\/product\/8932\/revisions"}],"predecessor-version":[{"id":12897,"href":"https:\/\/long-join.com\/it\/wp-json\/wp\/v2\/product\/8932\/revisions\/12897"}],"wp:featuredmedia":[{"embeddable":true,"href":"https:\/\/long-join.com\/it\/wp-json\/wp\/v2\/media\/8937"}],"wp:attachment":[{"href":"https:\/\/long-join.com\/it\/wp-json\/wp\/v2\/media?parent=8932"}],"wp:term":[{"taxonomy":"product_brand","embeddable":true,"href":"https:\/\/long-join.com\/it\/wp-json\/wp\/v2\/product_brand?post=8932"},{"taxonomy":"product_cat","embeddable":true,"href":"https:\/\/long-join.com\/it\/wp-json\/wp\/v2\/product_cat?post=8932"},{"taxonomy":"product_tag","embeddable":true,"href":"https:\/\/long-join.com\/it\/wp-json\/wp\/v2\/product_tag?post=8932"}],"curies":[{"name":"parola chiave","href":"https:\/\/api.w.org\/{rel}","templated":true}]}}