{"id":8893,"date":"2024-08-09T18:18:28","date_gmt":"2024-08-09T10:18:28","guid":{"rendered":"https:\/\/long-join.com\/?post_type=product&#038;p=8893"},"modified":"2025-12-25T16:55:23","modified_gmt":"2025-12-25T08:55:23","slug":"book18-jl-700t-zhaga-socket-spring-needle-plate","status":"publish","type":"product","link":"https:\/\/long-join.com\/it\/product\/book18-jl-700t-zhaga-socket-spring-needle-plate\/","title":{"rendered":"Book18 JL-700T Zhaga Socket Spring Needle Plate"},"content":{"rendered":"<p>Presa JL-700T Zhaga con interfaccia standard Book 18, e le sue caratteristiche pi\u00f9 brillanti sono la lunghezza della filettatura pi\u00f9 corta di 15,1 mm e il montaggio senza utensili, ma la migliore e pi\u00f9 importante caratteristica \u00e8 la presenza di contatti a molla ad ago per collegare facilmente l&#039;apparecchio della lampada all&#039;interno dei cavi dell&#039;unit\u00e0 elettrica.<\/p>\n<blockquote><p>Caratteristica<\/p><\/blockquote>\n<blockquote><p>*Dimensioni compatte che consentono una maggiore flessibilit\u00e0 nella progettazione degli apparecchi di illuminazione.<\/p><\/blockquote>\n<blockquote><p>*Sigillatura avanzata per ottenere IP66 senza viti di montaggio.<\/p><\/blockquote>\n<blockquote><p>*La soluzione scalabile consente l&#039;utilizzo di una fotocellula da \u00d840 mm e di un sistema di gestione centrale da \u00d880 mm con la stessa interfaccia di connessione.<\/p><\/blockquote>\n<blockquote><p>*Posizione di montaggio flessibile: verso l&#039;alto, verso il basso e lateralmente rispetto al lampione.<\/p><\/blockquote>","protected":false},"excerpt":{"rendered":"<p>Tensione nominale: 24 V CC<br \/>\n- Lunghezza filettatura corta: 15,1 mm<br \/>\n-Consumo energetico: 1,5 A max<br \/>\n-presa con guarnizione in silicone terminale posteriore<br \/>\n- I contatti a 4 pin sono realizzati in ottone dorato<\/p>","protected":false},"featured_media":8897,"template":"","meta":{"_acf_changed":false,"_seopress_robots_primary_cat":"none","_seopress_titles_title":"","_seopress_titles_desc":"","_seopress_robots_index":""},"product_brand":[],"product_cat":[28,29,49],"product_tag":[],"class_list":{"0":"post-8893","1":"product","2":"type-product","3":"status-publish","4":"has-post-thumbnail","6":"product_cat-our-product","7":"product_cat-zhaga-series","8":"product_cat-zhaga-socket","10":"first","11":"instock","12":"shipping-taxable","13":"product-type-simple"},"acf":[],"_links":{"self":[{"href":"https:\/\/long-join.com\/it\/wp-json\/wp\/v2\/product\/8893","targetHints":{"allow":["GET"]}}],"collection":[{"href":"https:\/\/long-join.com\/it\/wp-json\/wp\/v2\/product"}],"about":[{"href":"https:\/\/long-join.com\/it\/wp-json\/wp\/v2\/types\/product"}],"version-history":[{"count":6,"href":"https:\/\/long-join.com\/it\/wp-json\/wp\/v2\/product\/8893\/revisions"}],"predecessor-version":[{"id":11427,"href":"https:\/\/long-join.com\/it\/wp-json\/wp\/v2\/product\/8893\/revisions\/11427"}],"wp:featuredmedia":[{"embeddable":true,"href":"https:\/\/long-join.com\/it\/wp-json\/wp\/v2\/media\/8897"}],"wp:attachment":[{"href":"https:\/\/long-join.com\/it\/wp-json\/wp\/v2\/media?parent=8893"}],"wp:term":[{"taxonomy":"product_brand","embeddable":true,"href":"https:\/\/long-join.com\/it\/wp-json\/wp\/v2\/product_brand?post=8893"},{"taxonomy":"product_cat","embeddable":true,"href":"https:\/\/long-join.com\/it\/wp-json\/wp\/v2\/product_cat?post=8893"},{"taxonomy":"product_tag","embeddable":true,"href":"https:\/\/long-join.com\/it\/wp-json\/wp\/v2\/product_tag?post=8893"}],"curies":[{"name":"parola chiave","href":"https:\/\/api.w.org\/{rel}","templated":true}]}}