{"id":8885,"date":"2024-08-09T17:43:25","date_gmt":"2024-08-09T09:43:25","guid":{"rendered":"https:\/\/long-join.com\/?post_type=product&#038;p=8885"},"modified":"2025-02-06T17:57:46","modified_gmt":"2025-02-06T09:57:46","slug":"perno-di-scatto-zhaga-socket-jl-700t3n-longjoin","status":"publish","type":"product","link":"https:\/\/long-join.com\/it\/product\/flick-pin-zhaga-socket-jl-700t3n-longjoin\/","title":{"rendered":"Presa Zhaga a perno girevole JL-700T3N LONGJOIN"},"content":{"rendered":"<blockquote><p>Presa JL-700T3N Zhaga con standard Zhaga Book 18, e le sue caratteristiche pi\u00f9 brillanti sono la lunghezza della filettatura pi\u00f9 corta e l&#039;assenza di montaggio per utensili, ma non \u00e8 tutto: i contatti Flick-pin sono importanti per collegare facilmente l&#039;apparecchio della lampada all&#039;interno dei cavi dell&#039;unit\u00e0 elettrica.<\/p><\/blockquote>\n<blockquote><p>Caratteristica<\/p><\/blockquote>\n<blockquote><p>*Dimensioni compatte che consentono una maggiore flessibilit\u00e0 nella progettazione degli apparecchi di illuminazione.<\/p><\/blockquote>\n<blockquote><p>*Sigillatura avanzata per ottenere IP66 senza viti di montaggio.<\/p><\/blockquote>\n<blockquote><p>*La soluzione scalabile consente l&#039;utilizzo di una fotocellula da \u00d840 mm e di un sistema di gestione centrale da \u00d880 mm con la stessa interfaccia di connessione.<\/p><\/blockquote>\n<blockquote><p>*Posizione di montaggio flessibile: verso l&#039;alto, verso il basso e lateralmente rispetto al lampione.<\/p><\/blockquote>","protected":false},"excerpt":{"rendered":"<p>-Tensione di interfaccia nominale: 24 V CC<br \/>\n- Lunghezza filettatura corta: 14,1\/13,1 mm<br \/>\n- consumo energetico: 1,5 A Max<\/p>","protected":false},"featured_media":8890,"template":"","meta":{"_acf_changed":false,"_seopress_robots_primary_cat":"none","_seopress_titles_title":"","_seopress_titles_desc":"","_seopress_robots_index":""},"product_brand":[],"product_cat":[28,29,49],"product_tag":[],"class_list":{"0":"post-8885","1":"product","2":"type-product","3":"status-publish","4":"has-post-thumbnail","6":"product_cat-our-product","7":"product_cat-zhaga-series","8":"product_cat-zhaga-socket","10":"first","11":"instock","12":"shipping-taxable","13":"product-type-simple"},"acf":[],"_links":{"self":[{"href":"https:\/\/long-join.com\/it\/wp-json\/wp\/v2\/product\/8885","targetHints":{"allow":["GET"]}}],"collection":[{"href":"https:\/\/long-join.com\/it\/wp-json\/wp\/v2\/product"}],"about":[{"href":"https:\/\/long-join.com\/it\/wp-json\/wp\/v2\/types\/product"}],"version-history":[{"count":5,"href":"https:\/\/long-join.com\/it\/wp-json\/wp\/v2\/product\/8885\/revisions"}],"predecessor-version":[{"id":11432,"href":"https:\/\/long-join.com\/it\/wp-json\/wp\/v2\/product\/8885\/revisions\/11432"}],"wp:featuredmedia":[{"embeddable":true,"href":"https:\/\/long-join.com\/it\/wp-json\/wp\/v2\/media\/8890"}],"wp:attachment":[{"href":"https:\/\/long-join.com\/it\/wp-json\/wp\/v2\/media?parent=8885"}],"wp:term":[{"taxonomy":"product_brand","embeddable":true,"href":"https:\/\/long-join.com\/it\/wp-json\/wp\/v2\/product_brand?post=8885"},{"taxonomy":"product_cat","embeddable":true,"href":"https:\/\/long-join.com\/it\/wp-json\/wp\/v2\/product_cat?post=8885"},{"taxonomy":"product_tag","embeddable":true,"href":"https:\/\/long-join.com\/it\/wp-json\/wp\/v2\/product_tag?post=8885"}],"curies":[{"name":"parola chiave","href":"https:\/\/api.w.org\/{rel}","templated":true}]}}