{"id":8396,"date":"2024-06-28T17:24:36","date_gmt":"2024-06-28T09:24:36","guid":{"rendered":"https:\/\/long-join.com\/?post_type=product&#038;p=8396"},"modified":"2024-06-28T17:26:41","modified_gmt":"2024-06-28T09:26:41","slug":"controllo-fotografico-serie-205c-um-120vac","status":"publish","type":"product","link":"https:\/\/long-join.com\/it\/product\/120vac-um-series-205c-photo-control\/","title":{"rendered":"Controllo fotografico serie UM 205C da 120 V CA"},"content":{"rendered":"<blockquote><p>La serie UM 205C viene utilizzata esattamente come la JL-205C con propriet\u00e0 comuni, come ad esempio il fotocontrollo twist lock: tensione nominale 120-277 V CA e intervalli di tensione applicabili 105-305 V CA. \u00c8 molto importante che le caratteristiche delle propriet\u00e0 elettroniche siano impermeabili IP65. cos\u00ec come la UM-205C con altre condizioni di lavoro di base molto simili ai parametri di lavoro della JL-205C.<\/p><\/blockquote>\n<blockquote><p>Quali sono le differenze tra UM-205C e JL-205C?<\/p><\/blockquote>\n<ul>\n<li>ecco la modalit\u00e0 di funzionamento di questo prodotto della serie UM: modalit\u00e0 Fail-on<\/li>\n<li>Protezione contro le sovratensioni (MOV): 12, ma niente da offrire 15 (235 J\/5000 Amp) e 23 (460 J\/10000 Amp) di JL-205C<\/li>\n<li>Carico nominale: 500 W al tungsteno, 850 VA Ballast 5 A e-Blast<\/li>\n<li>Livelli di funzionamento: 10-20 lux su 3; 30-80 lux spento<\/li>\n<li>Consumo energetico: 3 W a 120 V<\/li>\n<\/ul>\n<ul>\n<li>qui offriamo il controllo fotografico della serie UM: UM-205C, UM-240 e UM-208<\/li>\n<li>Tipo di prodotto UM-208: cappuccio di cortocircuito per fotocellula<\/li>\n<li>Tipo di prodotto UM-240: presa NEMA a 7 PIN con calibro filo 16<\/li>\n<li>Tipo di prodotto UM-204C: controllo fotografico con blocco a torsione IP65\/IP54\/IP67 UM-204C<\/li>\n<\/ul>","protected":false},"excerpt":{"rendered":"<p>1. Modello del prodotto: UM-205C<br \/>\n2. Tensione nominale: 120-277 VAC<br \/>\n3. Livello Lux On \/ OFF: 10-20 Lx acceso; 30-80 Lx spento<br \/>\n5. Certificato di conformit\u00e0 allo standard: nessuno<\/p>","protected":false},"featured_media":8401,"template":"","meta":{"_acf_changed":false,"_seopress_robots_primary_cat":"none","_seopress_titles_title":"","_seopress_titles_desc":"","_seopress_robots_index":""},"product_brand":[],"product_cat":[28,55],"product_tag":[],"class_list":{"0":"post-8396","1":"product","2":"type-product","3":"status-publish","4":"has-post-thumbnail","6":"product_cat-our-product","7":"product_cat-twist-lock-photocontrollers","9":"first","10":"instock","11":"shipping-taxable","12":"product-type-simple"},"acf":[],"_links":{"self":[{"href":"https:\/\/long-join.com\/it\/wp-json\/wp\/v2\/product\/8396","targetHints":{"allow":["GET"]}}],"collection":[{"href":"https:\/\/long-join.com\/it\/wp-json\/wp\/v2\/product"}],"about":[{"href":"https:\/\/long-join.com\/it\/wp-json\/wp\/v2\/types\/product"}],"version-history":[{"count":0,"href":"https:\/\/long-join.com\/it\/wp-json\/wp\/v2\/product\/8396\/revisions"}],"wp:featuredmedia":[{"embeddable":true,"href":"https:\/\/long-join.com\/it\/wp-json\/wp\/v2\/media\/8401"}],"wp:attachment":[{"href":"https:\/\/long-join.com\/it\/wp-json\/wp\/v2\/media?parent=8396"}],"wp:term":[{"taxonomy":"product_brand","embeddable":true,"href":"https:\/\/long-join.com\/it\/wp-json\/wp\/v2\/product_brand?post=8396"},{"taxonomy":"product_cat","embeddable":true,"href":"https:\/\/long-join.com\/it\/wp-json\/wp\/v2\/product_cat?post=8396"},{"taxonomy":"product_tag","embeddable":true,"href":"https:\/\/long-join.com\/it\/wp-json\/wp\/v2\/product_tag?post=8396"}],"curies":[{"name":"parola chiave","href":"https:\/\/api.w.org\/{rel}","templated":true}]}}