{"id":8387,"date":"2024-06-28T16:15:25","date_gmt":"2024-06-28T08:15:25","guid":{"rendered":"https:\/\/long-join.com\/?post_type=product&#038;p=8387"},"modified":"2024-07-30T16:53:11","modified_gmt":"2024-07-30T08:53:11","slug":"120-277vacum-serie-204c-controllo-fotografico","status":"publish","type":"product","link":"https:\/\/long-join.com\/it\/product\/120-277vac-um-series-204c-photo-control\/","title":{"rendered":"Controllo fotografico UM serie 204C da 120-277 V CA"},"content":{"rendered":"<blockquote><p>La serie UM 204C viene utilizzata esattamente come la JL-207C con propriet\u00e0 comuni, tra cui la stessa tensione 120-277 V CA e intervalli di tensione applicabili 105-305 V CA. Le caratteristiche principali delle propriet\u00e0 elettroniche sono l&#039;impermeabilit\u00e0 IP54, IP65 e IP67, nonch\u00e9 la UM-204C con altre condizioni di lavoro di base molto simili ai parametri di lavoro della JL-207C.<\/p><\/blockquote>\n<blockquote><p>Quali sono le differenze tra UM-204C e JL-207C?<\/p><\/blockquote>\n<ul>\n<li>ecco la modalit\u00e0 di funzionamento di questo prodotto della serie UM: modalit\u00e0 Fail-Off<\/li>\n<li>Protezione contro le sovratensioni (MOV): 12, 15 e 23, ma niente da offrire 25 di JL-207 \u00e8 uguale a 546J\/13000A<\/li>\n<li>Carico nominale: 500 W al tungsteno, 850 VA Ballast 5 A e-Blast<\/li>\n<li>Livelli di funzionamento: 10-20 lux su 3; 30-80 lux spento<\/li>\n<li>Consumo energetico: 3 W a 120 V<\/li>\n<\/ul>\n<ul>\n<li>qui offriamo il controllo fotografico della serie UM: UM-205C, UM-240 e UM-208<\/li>\n<li>Tipo di prodotto UM-208: cappuccio di cortocircuito per fotocellula<\/li>\n<li>Tipo di prodotto UM-240: presa NEMA a 7 PIN con calibro filo 16<\/li>\n<li>Tipo di prodotto UM-205C: controllo fotografico con blocco a torsione IP65 UM-205C<\/li>\n<\/ul>","protected":false},"excerpt":{"rendered":"<p>1. Modello del prodotto: UM-204C<br \/>\n2. Tensione nominale: 120-277 VAC<br \/>\n3. Livello Lux On \/ OFF: 10-20 Lx acceso; 30-80 Lx spento<br \/>\n5. Certificato di conformit\u00e0 allo standard: nessuno<\/p>","protected":false},"featured_media":8391,"template":"","meta":{"_acf_changed":false,"_seopress_robots_primary_cat":"none","_seopress_titles_title":"","_seopress_titles_desc":"","_seopress_robots_index":""},"product_brand":[],"product_cat":[28,55],"product_tag":[],"class_list":{"0":"post-8387","1":"product","2":"type-product","3":"status-publish","4":"has-post-thumbnail","6":"product_cat-our-product","7":"product_cat-twist-lock-photocontrollers","9":"first","10":"instock","11":"shipping-taxable","12":"product-type-simple"},"acf":[],"_links":{"self":[{"href":"https:\/\/long-join.com\/it\/wp-json\/wp\/v2\/product\/8387","targetHints":{"allow":["GET"]}}],"collection":[{"href":"https:\/\/long-join.com\/it\/wp-json\/wp\/v2\/product"}],"about":[{"href":"https:\/\/long-join.com\/it\/wp-json\/wp\/v2\/types\/product"}],"version-history":[{"count":1,"href":"https:\/\/long-join.com\/it\/wp-json\/wp\/v2\/product\/8387\/revisions"}],"predecessor-version":[{"id":8813,"href":"https:\/\/long-join.com\/it\/wp-json\/wp\/v2\/product\/8387\/revisions\/8813"}],"wp:featuredmedia":[{"embeddable":true,"href":"https:\/\/long-join.com\/it\/wp-json\/wp\/v2\/media\/8391"}],"wp:attachment":[{"href":"https:\/\/long-join.com\/it\/wp-json\/wp\/v2\/media?parent=8387"}],"wp:term":[{"taxonomy":"product_brand","embeddable":true,"href":"https:\/\/long-join.com\/it\/wp-json\/wp\/v2\/product_brand?post=8387"},{"taxonomy":"product_cat","embeddable":true,"href":"https:\/\/long-join.com\/it\/wp-json\/wp\/v2\/product_cat?post=8387"},{"taxonomy":"product_tag","embeddable":true,"href":"https:\/\/long-join.com\/it\/wp-json\/wp\/v2\/product_tag?post=8387"}],"curies":[{"name":"parola chiave","href":"https:\/\/api.w.org\/{rel}","templated":true}]}}